{"id":6058,"date":"2024-08-20T21:59:21","date_gmt":"2024-08-20T21:59:21","guid":{"rendered":"https:\/\/desarrollosmoyan.com\/comercializadora\/?post_type=product&#038;p=6058"},"modified":"2024-08-20T22:00:37","modified_gmt":"2024-08-20T22:00:37","slug":"rejilla-de-piso-alargada","status":"publish","type":"product","link":"https:\/\/comercializadoracrv.com\/?product=rejilla-de-piso-alargada","title":{"rendered":"REJILLA DE PISO ALARGADA"},"content":{"rendered":"<p>La rejilla alargada tipo desag\u00fce para piso de ducha es una soluci\u00f3n moderna y eficiente para el drenaje de agua en duchas.<\/p>\n<p>MATERIAL: Generalmente hecha de acero inoxidable lo que garantiza resistencia a la corrosi\u00f3n y durabilidad en ambientes h\u00famedos.<\/p>\n<p>VENTAJAS:<\/p>\n<p>Drenaje Eficiente: La longitud de la rejilla permite una evacuaci\u00f3n r\u00e1pida y eficiente del agua, reduciendo el riesgo de acumulaciones y charcos en el piso.<\/p>\n<p>Instalaci\u00f3n Flexible: Se adapta a diferentes configuraciones de duchas y puede ser instalada a lo largo del borde de la ducha o en el centro.<\/p>\n<p>Est\u00e9tica Moderna: Su dise\u00f1o lineal y elegante contribuye a una apariencia contempor\u00e1nea y minimalista en el ba\u00f1o.<\/p>\n","protected":false},"excerpt":{"rendered":"<p>La rejilla alargada tipo desag\u00fce para piso de ducha es una soluci\u00f3n moderna y eficiente para el drenaje de agua en duchas. MATERIAL: Generalmente hecha de acero inoxidable lo que garantiza resistencia a la corrosi\u00f3n y durabilidad en ambientes h\u00famedos. VENTAJAS: Drenaje Eficiente: La longitud de la rejilla permite una evacuaci\u00f3n r\u00e1pida y eficiente del<\/p>\n<div class=\"klb-readmore button\"><a class=\"btn link\" href=\"https:\/\/comercializadoracrv.com\/?product=rejilla-de-piso-alargada\">Read More <i class=\"klbth-icon-right-arrow\"><\/i><\/a><\/div>\n","protected":false},"featured_media":6060,"comment_status":"open","ping_status":"closed","template":"","meta":{"_joinchat":[]},"product_cat":[227,253],"product_tag":[],"class_list":{"0":"post-6058","1":"product","2":"type-product","3":"status-publish","4":"has-post-thumbnail","6":"product_cat-bano","7":"product_cat-desague","9":"first","10":"instock","11":"shipping-taxable","12":"purchasable","13":"product-type-simple"},"yoast_head":"<!-- This site is optimized with the Yoast SEO Premium plugin v22.7 (Yoast SEO v23.3) - https:\/\/yoast.com\/wordpress\/plugins\/seo\/ -->\n<title>REJILLA DE PISO ALARGADA - CRV Comercializadora<\/title>\n<meta name=\"robots\" content=\"index, follow, max-snippet:-1, max-image-preview:large, max-video-preview:-1\" \/>\n<link rel=\"canonical\" href=\"https:\/\/comercializadoracrv.com\/?product=rejilla-de-piso-alargada\" \/>\n<meta property=\"og:locale\" content=\"es_ES\" \/>\n<meta property=\"og:type\" content=\"article\" \/>\n<meta property=\"og:title\" content=\"REJILLA DE PISO ALARGADA\" \/>\n<meta property=\"og:description\" content=\"La rejilla alargada tipo desag\u00fce para piso de ducha es una soluci\u00f3n moderna y eficiente para el drenaje de agua en duchas. MATERIAL: Generalmente hecha de acero inoxidable lo que garantiza resistencia a la corrosi\u00f3n y durabilidad en ambientes h\u00famedos. VENTAJAS: Drenaje Eficiente: La longitud de la rejilla permite una evacuaci\u00f3n r\u00e1pida y eficiente delRead More\" \/>\n<meta property=\"og:url\" content=\"https:\/\/comercializadoracrv.com\/?product=rejilla-de-piso-alargada\" \/>\n<meta property=\"og:site_name\" content=\"CRV Comercializadora\" \/>\n<meta property=\"article:modified_time\" content=\"2024-08-20T22:00:37+00:00\" \/>\n<meta property=\"og:image\" content=\"https:\/\/comercializadoracrv.com\/wp-content\/uploads\/2024\/08\/fd513ccece5d550dfcf5930a6c7b81d6.jpeg\" \/>\n\t<meta property=\"og:image:width\" content=\"564\" \/>\n\t<meta property=\"og:image:height\" content=\"564\" \/>\n\t<meta property=\"og:image:type\" content=\"image\/jpeg\" \/>\n<meta name=\"twitter:card\" content=\"summary_large_image\" \/>\n<meta name=\"twitter:label1\" content=\"Est. reading time\" \/>\n\t<meta name=\"twitter:data1\" content=\"1 minuto\" \/>\n<script type=\"application\/ld+json\" class=\"yoast-schema-graph\">{\"@context\":\"https:\/\/schema.org\",\"@graph\":[{\"@type\":\"WebPage\",\"@id\":\"https:\/\/comercializadoracrv.com\/?product=rejilla-de-piso-alargada\",\"url\":\"https:\/\/comercializadoracrv.com\/?product=rejilla-de-piso-alargada\",\"name\":\"REJILLA DE PISO ALARGADA - CRV Comercializadora\",\"isPartOf\":{\"@id\":\"https:\/\/comercializadoracrv.com\/#website\"},\"primaryImageOfPage\":{\"@id\":\"https:\/\/comercializadoracrv.com\/?product=rejilla-de-piso-alargada#primaryimage\"},\"image\":{\"@id\":\"https:\/\/comercializadoracrv.com\/?product=rejilla-de-piso-alargada#primaryimage\"},\"thumbnailUrl\":\"https:\/\/comercializadoracrv.com\/wp-content\/uploads\/2024\/08\/fd513ccece5d550dfcf5930a6c7b81d6.jpeg\",\"datePublished\":\"2024-08-20T21:59:21+00:00\",\"dateModified\":\"2024-08-20T22:00:37+00:00\",\"breadcrumb\":{\"@id\":\"https:\/\/comercializadoracrv.com\/?product=rejilla-de-piso-alargada#breadcrumb\"},\"inLanguage\":\"es\",\"potentialAction\":[{\"@type\":\"ReadAction\",\"target\":[\"https:\/\/comercializadoracrv.com\/?product=rejilla-de-piso-alargada\"]}]},{\"@type\":\"ImageObject\",\"inLanguage\":\"es\",\"@id\":\"https:\/\/comercializadoracrv.com\/?product=rejilla-de-piso-alargada#primaryimage\",\"url\":\"https:\/\/comercializadoracrv.com\/wp-content\/uploads\/2024\/08\/fd513ccece5d550dfcf5930a6c7b81d6.jpeg\",\"contentUrl\":\"https:\/\/comercializadoracrv.com\/wp-content\/uploads\/2024\/08\/fd513ccece5d550dfcf5930a6c7b81d6.jpeg\",\"width\":564,\"height\":564},{\"@type\":\"BreadcrumbList\",\"@id\":\"https:\/\/comercializadoracrv.com\/?product=rejilla-de-piso-alargada#breadcrumb\",\"itemListElement\":[{\"@type\":\"ListItem\",\"position\":1,\"name\":\"Portada\",\"item\":\"https:\/\/comercializadoracrv.com\/\"},{\"@type\":\"ListItem\",\"position\":2,\"name\":\"Shop\",\"item\":\"https:\/\/comercializadoracrv.com\/?page_id=8\"},{\"@type\":\"ListItem\",\"position\":3,\"name\":\"REJILLA DE PISO ALARGADA\"}]},{\"@type\":\"WebSite\",\"@id\":\"https:\/\/comercializadoracrv.com\/#website\",\"url\":\"https:\/\/comercializadoracrv.com\/\",\"name\":\"CRV Comercializadora\",\"description\":\"Comercializadora\",\"potentialAction\":[{\"@type\":\"SearchAction\",\"target\":{\"@type\":\"EntryPoint\",\"urlTemplate\":\"https:\/\/comercializadoracrv.com\/?s={search_term_string}\"},\"query-input\":\"required name=search_term_string\"}],\"inLanguage\":\"es\"}]}<\/script>\n<!-- \/ Yoast SEO Premium plugin. -->","yoast_head_json":{"title":"REJILLA DE PISO ALARGADA - CRV Comercializadora","robots":{"index":"index","follow":"follow","max-snippet":"max-snippet:-1","max-image-preview":"max-image-preview:large","max-video-preview":"max-video-preview:-1"},"canonical":"https:\/\/comercializadoracrv.com\/?product=rejilla-de-piso-alargada","og_locale":"es_ES","og_type":"article","og_title":"REJILLA DE PISO ALARGADA","og_description":"La rejilla alargada tipo desag\u00fce para piso de ducha es una soluci\u00f3n moderna y eficiente para el drenaje de agua en duchas. MATERIAL: Generalmente hecha de acero inoxidable lo que garantiza resistencia a la corrosi\u00f3n y durabilidad en ambientes h\u00famedos. VENTAJAS: Drenaje Eficiente: La longitud de la rejilla permite una evacuaci\u00f3n r\u00e1pida y eficiente delRead More","og_url":"https:\/\/comercializadoracrv.com\/?product=rejilla-de-piso-alargada","og_site_name":"CRV Comercializadora","article_modified_time":"2024-08-20T22:00:37+00:00","og_image":[{"width":564,"height":564,"url":"https:\/\/comercializadoracrv.com\/wp-content\/uploads\/2024\/08\/fd513ccece5d550dfcf5930a6c7b81d6.jpeg","type":"image\/jpeg"}],"twitter_card":"summary_large_image","twitter_misc":{"Est. reading time":"1 minuto"},"schema":{"@context":"https:\/\/schema.org","@graph":[{"@type":"WebPage","@id":"https:\/\/comercializadoracrv.com\/?product=rejilla-de-piso-alargada","url":"https:\/\/comercializadoracrv.com\/?product=rejilla-de-piso-alargada","name":"REJILLA DE PISO ALARGADA - CRV Comercializadora","isPartOf":{"@id":"https:\/\/comercializadoracrv.com\/#website"},"primaryImageOfPage":{"@id":"https:\/\/comercializadoracrv.com\/?product=rejilla-de-piso-alargada#primaryimage"},"image":{"@id":"https:\/\/comercializadoracrv.com\/?product=rejilla-de-piso-alargada#primaryimage"},"thumbnailUrl":"https:\/\/comercializadoracrv.com\/wp-content\/uploads\/2024\/08\/fd513ccece5d550dfcf5930a6c7b81d6.jpeg","datePublished":"2024-08-20T21:59:21+00:00","dateModified":"2024-08-20T22:00:37+00:00","breadcrumb":{"@id":"https:\/\/comercializadoracrv.com\/?product=rejilla-de-piso-alargada#breadcrumb"},"inLanguage":"es","potentialAction":[{"@type":"ReadAction","target":["https:\/\/comercializadoracrv.com\/?product=rejilla-de-piso-alargada"]}]},{"@type":"ImageObject","inLanguage":"es","@id":"https:\/\/comercializadoracrv.com\/?product=rejilla-de-piso-alargada#primaryimage","url":"https:\/\/comercializadoracrv.com\/wp-content\/uploads\/2024\/08\/fd513ccece5d550dfcf5930a6c7b81d6.jpeg","contentUrl":"https:\/\/comercializadoracrv.com\/wp-content\/uploads\/2024\/08\/fd513ccece5d550dfcf5930a6c7b81d6.jpeg","width":564,"height":564},{"@type":"BreadcrumbList","@id":"https:\/\/comercializadoracrv.com\/?product=rejilla-de-piso-alargada#breadcrumb","itemListElement":[{"@type":"ListItem","position":1,"name":"Portada","item":"https:\/\/comercializadoracrv.com\/"},{"@type":"ListItem","position":2,"name":"Shop","item":"https:\/\/comercializadoracrv.com\/?page_id=8"},{"@type":"ListItem","position":3,"name":"REJILLA DE PISO ALARGADA"}]},{"@type":"WebSite","@id":"https:\/\/comercializadoracrv.com\/#website","url":"https:\/\/comercializadoracrv.com\/","name":"CRV Comercializadora","description":"Comercializadora","potentialAction":[{"@type":"SearchAction","target":{"@type":"EntryPoint","urlTemplate":"https:\/\/comercializadoracrv.com\/?s={search_term_string}"},"query-input":"required name=search_term_string"}],"inLanguage":"es"}]}},"_links":{"self":[{"href":"https:\/\/comercializadoracrv.com\/index.php?rest_route=\/wp\/v2\/product\/6058","targetHints":{"allow":["GET"]}}],"collection":[{"href":"https:\/\/comercializadoracrv.com\/index.php?rest_route=\/wp\/v2\/product"}],"about":[{"href":"https:\/\/comercializadoracrv.com\/index.php?rest_route=\/wp\/v2\/types\/product"}],"replies":[{"embeddable":true,"href":"https:\/\/comercializadoracrv.com\/index.php?rest_route=%2Fwp%2Fv2%2Fcomments&post=6058"}],"version-history":[{"count":1,"href":"https:\/\/comercializadoracrv.com\/index.php?rest_route=\/wp\/v2\/product\/6058\/revisions"}],"predecessor-version":[{"id":6059,"href":"https:\/\/comercializadoracrv.com\/index.php?rest_route=\/wp\/v2\/product\/6058\/revisions\/6059"}],"wp:featuredmedia":[{"embeddable":true,"href":"https:\/\/comercializadoracrv.com\/index.php?rest_route=\/wp\/v2\/media\/6060"}],"wp:attachment":[{"href":"https:\/\/comercializadoracrv.com\/index.php?rest_route=%2Fwp%2Fv2%2Fmedia&parent=6058"}],"wp:term":[{"taxonomy":"product_cat","embeddable":true,"href":"https:\/\/comercializadoracrv.com\/index.php?rest_route=%2Fwp%2Fv2%2Fproduct_cat&post=6058"},{"taxonomy":"product_tag","embeddable":true,"href":"https:\/\/comercializadoracrv.com\/index.php?rest_route=%2Fwp%2Fv2%2Fproduct_tag&post=6058"}],"curies":[{"name":"wp","href":"https:\/\/api.w.org\/{rel}","templated":true}]}}