{"id":6011,"date":"2024-08-20T18:40:12","date_gmt":"2024-08-20T18:40:12","guid":{"rendered":"https:\/\/desarrollosmoyan.com\/comercializadora\/?post_type=product&#038;p=6011"},"modified":"2024-08-23T23:33:30","modified_gmt":"2024-08-23T23:33:30","slug":"modelo-177","status":"publish","type":"product","link":"https:\/\/comercializadoracrv.com\/?product=modelo-177","title":{"rendered":"MODELO 177"},"content":{"rendered":"<p><span style=\"font-weight: 400;\">\u00a0El perfil de aluminio del sistema proyectante modelo 177 es un componente clave en la construcci\u00f3n de estructuras modulares, dise\u00f1ado para aplicaciones industriales y comerciales que requieren robustez y flexibilidad en el dise\u00f1o. Este perfil es parte de un sistema modular que permite la construcci\u00f3n y personalizaci\u00f3n de diversas estructuras y sistemas.\u00a0<\/span><\/p>\n","protected":false},"excerpt":{"rendered":"<p>\u00a0El perfil de aluminio del sistema proyectante modelo 177 es un componente clave en la construcci\u00f3n de estructuras modulares, dise\u00f1ado para aplicaciones industriales y comerciales que requieren robustez y flexibilidad en el dise\u00f1o. Este perfil es parte de un sistema modular que permite la construcci\u00f3n y personalizaci\u00f3n de diversas estructuras y sistemas.\u00a0<\/p>\n","protected":false},"featured_media":6063,"comment_status":"open","ping_status":"closed","template":"","meta":{"_joinchat":[]},"product_cat":[248,251],"product_tag":[],"class_list":{"0":"post-6011","1":"product","2":"type-product","3":"status-publish","4":"has-post-thumbnail","6":"product_cat-aluminio","7":"product_cat-systema-proyectante","9":"first","10":"instock","11":"shipping-taxable","12":"purchasable","13":"product-type-simple"},"yoast_head":"<!-- This site is optimized with the Yoast SEO Premium plugin v22.7 (Yoast SEO v23.3) - https:\/\/yoast.com\/wordpress\/plugins\/seo\/ -->\n<title>MODELO 177 - CRV Comercializadora<\/title>\n<meta name=\"robots\" content=\"index, follow, max-snippet:-1, max-image-preview:large, max-video-preview:-1\" \/>\n<link rel=\"canonical\" href=\"https:\/\/comercializadoracrv.com\/?product=modelo-177\" \/>\n<meta property=\"og:locale\" content=\"es_ES\" \/>\n<meta property=\"og:type\" content=\"article\" \/>\n<meta property=\"og:title\" content=\"MODELO 177\" \/>\n<meta property=\"og:description\" content=\"\u00a0El perfil de aluminio del sistema proyectante modelo 177 es un componente clave en la construcci\u00f3n de estructuras modulares, dise\u00f1ado para aplicaciones industriales y comerciales que requieren robustez y flexibilidad en el dise\u00f1o. Este perfil es parte de un sistema modular que permite la construcci\u00f3n y personalizaci\u00f3n de diversas estructuras y sistemas.\u00a0\" \/>\n<meta property=\"og:url\" content=\"https:\/\/comercializadoracrv.com\/?product=modelo-177\" \/>\n<meta property=\"og:site_name\" content=\"CRV Comercializadora\" \/>\n<meta property=\"article:modified_time\" content=\"2024-08-23T23:33:30+00:00\" \/>\n<meta property=\"og:image\" content=\"https:\/\/comercializadoracrv.com\/wp-content\/uploads\/2024\/08\/REFERENCIA-177-1.jpg\" \/>\n\t<meta property=\"og:image:width\" content=\"563\" \/>\n\t<meta property=\"og:image:height\" content=\"687\" \/>\n\t<meta property=\"og:image:type\" content=\"image\/jpeg\" \/>\n<meta name=\"twitter:card\" content=\"summary_large_image\" \/>\n<meta name=\"twitter:label1\" content=\"Est. reading time\" \/>\n\t<meta name=\"twitter:data1\" content=\"1 minuto\" \/>\n<script type=\"application\/ld+json\" class=\"yoast-schema-graph\">{\"@context\":\"https:\/\/schema.org\",\"@graph\":[{\"@type\":\"WebPage\",\"@id\":\"https:\/\/comercializadoracrv.com\/?product=modelo-177\",\"url\":\"https:\/\/comercializadoracrv.com\/?product=modelo-177\",\"name\":\"MODELO 177 - CRV Comercializadora\",\"isPartOf\":{\"@id\":\"https:\/\/comercializadoracrv.com\/#website\"},\"primaryImageOfPage\":{\"@id\":\"https:\/\/comercializadoracrv.com\/?product=modelo-177#primaryimage\"},\"image\":{\"@id\":\"https:\/\/comercializadoracrv.com\/?product=modelo-177#primaryimage\"},\"thumbnailUrl\":\"https:\/\/comercializadoracrv.com\/wp-content\/uploads\/2024\/08\/REFERENCIA-177-1.jpg\",\"datePublished\":\"2024-08-20T18:40:12+00:00\",\"dateModified\":\"2024-08-23T23:33:30+00:00\",\"breadcrumb\":{\"@id\":\"https:\/\/comercializadoracrv.com\/?product=modelo-177#breadcrumb\"},\"inLanguage\":\"es\",\"potentialAction\":[{\"@type\":\"ReadAction\",\"target\":[\"https:\/\/comercializadoracrv.com\/?product=modelo-177\"]}]},{\"@type\":\"ImageObject\",\"inLanguage\":\"es\",\"@id\":\"https:\/\/comercializadoracrv.com\/?product=modelo-177#primaryimage\",\"url\":\"https:\/\/comercializadoracrv.com\/wp-content\/uploads\/2024\/08\/REFERENCIA-177-1.jpg\",\"contentUrl\":\"https:\/\/comercializadoracrv.com\/wp-content\/uploads\/2024\/08\/REFERENCIA-177-1.jpg\",\"width\":563,\"height\":687},{\"@type\":\"BreadcrumbList\",\"@id\":\"https:\/\/comercializadoracrv.com\/?product=modelo-177#breadcrumb\",\"itemListElement\":[{\"@type\":\"ListItem\",\"position\":1,\"name\":\"Portada\",\"item\":\"https:\/\/comercializadoracrv.com\/\"},{\"@type\":\"ListItem\",\"position\":2,\"name\":\"Shop\",\"item\":\"https:\/\/comercializadoracrv.com\/?page_id=8\"},{\"@type\":\"ListItem\",\"position\":3,\"name\":\"MODELO 177\"}]},{\"@type\":\"WebSite\",\"@id\":\"https:\/\/comercializadoracrv.com\/#website\",\"url\":\"https:\/\/comercializadoracrv.com\/\",\"name\":\"CRV Comercializadora\",\"description\":\"Comercializadora\",\"potentialAction\":[{\"@type\":\"SearchAction\",\"target\":{\"@type\":\"EntryPoint\",\"urlTemplate\":\"https:\/\/comercializadoracrv.com\/?s={search_term_string}\"},\"query-input\":\"required name=search_term_string\"}],\"inLanguage\":\"es\"}]}<\/script>\n<!-- \/ Yoast SEO Premium plugin. -->","yoast_head_json":{"title":"MODELO 177 - CRV Comercializadora","robots":{"index":"index","follow":"follow","max-snippet":"max-snippet:-1","max-image-preview":"max-image-preview:large","max-video-preview":"max-video-preview:-1"},"canonical":"https:\/\/comercializadoracrv.com\/?product=modelo-177","og_locale":"es_ES","og_type":"article","og_title":"MODELO 177","og_description":"\u00a0El perfil de aluminio del sistema proyectante modelo 177 es un componente clave en la construcci\u00f3n de estructuras modulares, dise\u00f1ado para aplicaciones industriales y comerciales que requieren robustez y flexibilidad en el dise\u00f1o. Este perfil es parte de un sistema modular que permite la construcci\u00f3n y personalizaci\u00f3n de diversas estructuras y sistemas.\u00a0","og_url":"https:\/\/comercializadoracrv.com\/?product=modelo-177","og_site_name":"CRV Comercializadora","article_modified_time":"2024-08-23T23:33:30+00:00","og_image":[{"width":563,"height":687,"url":"https:\/\/comercializadoracrv.com\/wp-content\/uploads\/2024\/08\/REFERENCIA-177-1.jpg","type":"image\/jpeg"}],"twitter_card":"summary_large_image","twitter_misc":{"Est. reading time":"1 minuto"},"schema":{"@context":"https:\/\/schema.org","@graph":[{"@type":"WebPage","@id":"https:\/\/comercializadoracrv.com\/?product=modelo-177","url":"https:\/\/comercializadoracrv.com\/?product=modelo-177","name":"MODELO 177 - CRV Comercializadora","isPartOf":{"@id":"https:\/\/comercializadoracrv.com\/#website"},"primaryImageOfPage":{"@id":"https:\/\/comercializadoracrv.com\/?product=modelo-177#primaryimage"},"image":{"@id":"https:\/\/comercializadoracrv.com\/?product=modelo-177#primaryimage"},"thumbnailUrl":"https:\/\/comercializadoracrv.com\/wp-content\/uploads\/2024\/08\/REFERENCIA-177-1.jpg","datePublished":"2024-08-20T18:40:12+00:00","dateModified":"2024-08-23T23:33:30+00:00","breadcrumb":{"@id":"https:\/\/comercializadoracrv.com\/?product=modelo-177#breadcrumb"},"inLanguage":"es","potentialAction":[{"@type":"ReadAction","target":["https:\/\/comercializadoracrv.com\/?product=modelo-177"]}]},{"@type":"ImageObject","inLanguage":"es","@id":"https:\/\/comercializadoracrv.com\/?product=modelo-177#primaryimage","url":"https:\/\/comercializadoracrv.com\/wp-content\/uploads\/2024\/08\/REFERENCIA-177-1.jpg","contentUrl":"https:\/\/comercializadoracrv.com\/wp-content\/uploads\/2024\/08\/REFERENCIA-177-1.jpg","width":563,"height":687},{"@type":"BreadcrumbList","@id":"https:\/\/comercializadoracrv.com\/?product=modelo-177#breadcrumb","itemListElement":[{"@type":"ListItem","position":1,"name":"Portada","item":"https:\/\/comercializadoracrv.com\/"},{"@type":"ListItem","position":2,"name":"Shop","item":"https:\/\/comercializadoracrv.com\/?page_id=8"},{"@type":"ListItem","position":3,"name":"MODELO 177"}]},{"@type":"WebSite","@id":"https:\/\/comercializadoracrv.com\/#website","url":"https:\/\/comercializadoracrv.com\/","name":"CRV Comercializadora","description":"Comercializadora","potentialAction":[{"@type":"SearchAction","target":{"@type":"EntryPoint","urlTemplate":"https:\/\/comercializadoracrv.com\/?s={search_term_string}"},"query-input":"required name=search_term_string"}],"inLanguage":"es"}]}},"_links":{"self":[{"href":"https:\/\/comercializadoracrv.com\/index.php?rest_route=\/wp\/v2\/product\/6011","targetHints":{"allow":["GET"]}}],"collection":[{"href":"https:\/\/comercializadoracrv.com\/index.php?rest_route=\/wp\/v2\/product"}],"about":[{"href":"https:\/\/comercializadoracrv.com\/index.php?rest_route=\/wp\/v2\/types\/product"}],"replies":[{"embeddable":true,"href":"https:\/\/comercializadoracrv.com\/index.php?rest_route=%2Fwp%2Fv2%2Fcomments&post=6011"}],"version-history":[{"count":1,"href":"https:\/\/comercializadoracrv.com\/index.php?rest_route=\/wp\/v2\/product\/6011\/revisions"}],"predecessor-version":[{"id":6012,"href":"https:\/\/comercializadoracrv.com\/index.php?rest_route=\/wp\/v2\/product\/6011\/revisions\/6012"}],"wp:featuredmedia":[{"embeddable":true,"href":"https:\/\/comercializadoracrv.com\/index.php?rest_route=\/wp\/v2\/media\/6063"}],"wp:attachment":[{"href":"https:\/\/comercializadoracrv.com\/index.php?rest_route=%2Fwp%2Fv2%2Fmedia&parent=6011"}],"wp:term":[{"taxonomy":"product_cat","embeddable":true,"href":"https:\/\/comercializadoracrv.com\/index.php?rest_route=%2Fwp%2Fv2%2Fproduct_cat&post=6011"},{"taxonomy":"product_tag","embeddable":true,"href":"https:\/\/comercializadoracrv.com\/index.php?rest_route=%2Fwp%2Fv2%2Fproduct_tag&post=6011"}],"curies":[{"name":"wp","href":"https:\/\/api.w.org\/{rel}","templated":true}]}}