{"id":5863,"date":"2024-08-07T01:39:41","date_gmt":"2024-08-07T01:39:41","guid":{"rendered":"https:\/\/desarrollosmoyan.com\/comercializadora\/?post_type=product&#038;p=5863"},"modified":"2024-08-22T23:05:13","modified_gmt":"2024-08-22T23:05:13","slug":"llave-de-lavamanos-sencilla-mate","status":"publish","type":"product","link":"https:\/\/comercializadoracrv.com\/?product=llave-de-lavamanos-sencilla-mate","title":{"rendered":"LLAVE DE LAVAMANOS SENCILLA MATE"},"content":{"rendered":"<p>La llave de lavamanos sencilla en color mate es una opci\u00f3n destacada que combina funcionalidad pr\u00e1ctica con un dise\u00f1o est\u00e9tico atractivo, ofreciendo una soluci\u00f3n elegante y duradera para el lavamanos de cualquier ba\u00f1o moderno. Esta llave, con su acabado en color mate, se distingue por su capacidad para complementar una amplia gama de estilos de decoraci\u00f3n, proporcionando un toque de sofisticaci\u00f3n y modernidad al espacio.<\/p>\n<p>El dise\u00f1o de la llave es minimalista y funcional, con una estructura que prioriza la simplicidad y la eficiencia. La superficie en acabado mate no solo a\u00f1ade un aspecto contempor\u00e1neo y elegante, sino que tambi\u00e9n minimiza las huellas de agua y las manchas, manteniendo su apariencia impecable con un mantenimiento sencillo. Este acabado tambi\u00e9n tiene la ventaja de ser menos propenso a los ara\u00f1azos y al desgaste, lo que asegura una larga vida \u00fatil del producto.<\/p>\n<p>La funcionalidad de la llave de lavamanos se centra en la facilidad de uso y el control preciso del flujo de agua. Su mecanismo de apertura y cierre es suave y eficiente, permitiendo ajustes r\u00e1pidos y precisos de la temperatura y el caudal del agua. Esto facilita una experiencia de uso c\u00f3moda y sin complicaciones, ideal para el uso diario en cualquier entorno dom\u00e9stico o comercial.<\/p>\n","protected":false},"excerpt":{"rendered":"<p><span style=\"font-weight: 400;\">\u00a0La llave de lavamanos sencilla en color mate combina funcionalidad pr\u00e1ctica con un dise\u00f1o est\u00e9tico atractivo, ofreciendo una soluci\u00f3n elegante y duradera para el lavamanos de cualquier ba\u00f1o moderno.<\/span><\/p>\n","protected":false},"featured_media":5864,"comment_status":"open","ping_status":"closed","template":"","meta":{"_joinchat":[]},"product_cat":[227,235],"product_tag":[247],"class_list":{"0":"post-5863","1":"product","2":"type-product","3":"status-publish","4":"has-post-thumbnail","6":"product_cat-bano","7":"product_cat-griferia-bano","8":"product_tag-llavedelavamanos-disenomate-estilomoderno","10":"first","11":"instock","12":"shipping-taxable","13":"purchasable","14":"product-type-simple"},"yoast_head":"<!-- This site is optimized with the Yoast SEO Premium plugin v22.7 (Yoast SEO v23.3) - https:\/\/yoast.com\/wordpress\/plugins\/seo\/ -->\n<title>LLAVE DE LAVAMANOS SENCILLA MATE - CRV Comercializadora<\/title>\n<meta name=\"robots\" content=\"index, follow, max-snippet:-1, max-image-preview:large, max-video-preview:-1\" \/>\n<link rel=\"canonical\" href=\"https:\/\/comercializadoracrv.com\/?product=llave-de-lavamanos-sencilla-mate\" \/>\n<meta property=\"og:locale\" content=\"es_ES\" \/>\n<meta property=\"og:type\" content=\"article\" \/>\n<meta property=\"og:title\" content=\"LLAVE DE LAVAMANOS SENCILLA MATE\" \/>\n<meta property=\"og:description\" content=\"\u00a0La llave de lavamanos sencilla en color mate combina funcionalidad pr\u00e1ctica con un dise\u00f1o est\u00e9tico atractivo, ofreciendo una soluci\u00f3n elegante y duradera para el lavamanos de cualquier ba\u00f1o moderno.\" \/>\n<meta property=\"og:url\" content=\"https:\/\/comercializadoracrv.com\/?product=llave-de-lavamanos-sencilla-mate\" \/>\n<meta property=\"og:site_name\" content=\"CRV Comercializadora\" \/>\n<meta property=\"article:modified_time\" content=\"2024-08-22T23:05:13+00:00\" \/>\n<meta property=\"og:image\" content=\"https:\/\/comercializadoracrv.com\/wp-content\/uploads\/2024\/08\/llave2.jpg\" \/>\n\t<meta property=\"og:image:width\" content=\"268\" \/>\n\t<meta property=\"og:image:height\" content=\"234\" \/>\n\t<meta property=\"og:image:type\" content=\"image\/jpeg\" \/>\n<meta name=\"twitter:card\" content=\"summary_large_image\" \/>\n<meta name=\"twitter:label1\" content=\"Est. reading time\" \/>\n\t<meta name=\"twitter:data1\" content=\"2 minutos\" \/>\n<script type=\"application\/ld+json\" class=\"yoast-schema-graph\">{\"@context\":\"https:\/\/schema.org\",\"@graph\":[{\"@type\":\"WebPage\",\"@id\":\"https:\/\/comercializadoracrv.com\/?product=llave-de-lavamanos-sencilla-mate\",\"url\":\"https:\/\/comercializadoracrv.com\/?product=llave-de-lavamanos-sencilla-mate\",\"name\":\"LLAVE DE LAVAMANOS SENCILLA MATE - CRV Comercializadora\",\"isPartOf\":{\"@id\":\"https:\/\/comercializadoracrv.com\/#website\"},\"primaryImageOfPage\":{\"@id\":\"https:\/\/comercializadoracrv.com\/?product=llave-de-lavamanos-sencilla-mate#primaryimage\"},\"image\":{\"@id\":\"https:\/\/comercializadoracrv.com\/?product=llave-de-lavamanos-sencilla-mate#primaryimage\"},\"thumbnailUrl\":\"https:\/\/comercializadoracrv.com\/wp-content\/uploads\/2024\/08\/llave2.jpg\",\"datePublished\":\"2024-08-07T01:39:41+00:00\",\"dateModified\":\"2024-08-22T23:05:13+00:00\",\"breadcrumb\":{\"@id\":\"https:\/\/comercializadoracrv.com\/?product=llave-de-lavamanos-sencilla-mate#breadcrumb\"},\"inLanguage\":\"es\",\"potentialAction\":[{\"@type\":\"ReadAction\",\"target\":[\"https:\/\/comercializadoracrv.com\/?product=llave-de-lavamanos-sencilla-mate\"]}]},{\"@type\":\"ImageObject\",\"inLanguage\":\"es\",\"@id\":\"https:\/\/comercializadoracrv.com\/?product=llave-de-lavamanos-sencilla-mate#primaryimage\",\"url\":\"https:\/\/comercializadoracrv.com\/wp-content\/uploads\/2024\/08\/llave2.jpg\",\"contentUrl\":\"https:\/\/comercializadoracrv.com\/wp-content\/uploads\/2024\/08\/llave2.jpg\",\"width\":268,\"height\":234},{\"@type\":\"BreadcrumbList\",\"@id\":\"https:\/\/comercializadoracrv.com\/?product=llave-de-lavamanos-sencilla-mate#breadcrumb\",\"itemListElement\":[{\"@type\":\"ListItem\",\"position\":1,\"name\":\"Portada\",\"item\":\"https:\/\/comercializadoracrv.com\/\"},{\"@type\":\"ListItem\",\"position\":2,\"name\":\"Shop\",\"item\":\"https:\/\/comercializadoracrv.com\/?page_id=8\"},{\"@type\":\"ListItem\",\"position\":3,\"name\":\"LLAVE DE LAVAMANOS SENCILLA MATE\"}]},{\"@type\":\"WebSite\",\"@id\":\"https:\/\/comercializadoracrv.com\/#website\",\"url\":\"https:\/\/comercializadoracrv.com\/\",\"name\":\"CRV Comercializadora\",\"description\":\"Comercializadora\",\"potentialAction\":[{\"@type\":\"SearchAction\",\"target\":{\"@type\":\"EntryPoint\",\"urlTemplate\":\"https:\/\/comercializadoracrv.com\/?s={search_term_string}\"},\"query-input\":\"required name=search_term_string\"}],\"inLanguage\":\"es\"}]}<\/script>\n<!-- \/ Yoast SEO Premium plugin. -->","yoast_head_json":{"title":"LLAVE DE LAVAMANOS SENCILLA MATE - CRV Comercializadora","robots":{"index":"index","follow":"follow","max-snippet":"max-snippet:-1","max-image-preview":"max-image-preview:large","max-video-preview":"max-video-preview:-1"},"canonical":"https:\/\/comercializadoracrv.com\/?product=llave-de-lavamanos-sencilla-mate","og_locale":"es_ES","og_type":"article","og_title":"LLAVE DE LAVAMANOS SENCILLA MATE","og_description":"\u00a0La llave de lavamanos sencilla en color mate combina funcionalidad pr\u00e1ctica con un dise\u00f1o est\u00e9tico atractivo, ofreciendo una soluci\u00f3n elegante y duradera para el lavamanos de cualquier ba\u00f1o moderno.","og_url":"https:\/\/comercializadoracrv.com\/?product=llave-de-lavamanos-sencilla-mate","og_site_name":"CRV Comercializadora","article_modified_time":"2024-08-22T23:05:13+00:00","og_image":[{"width":268,"height":234,"url":"https:\/\/comercializadoracrv.com\/wp-content\/uploads\/2024\/08\/llave2.jpg","type":"image\/jpeg"}],"twitter_card":"summary_large_image","twitter_misc":{"Est. reading time":"2 minutos"},"schema":{"@context":"https:\/\/schema.org","@graph":[{"@type":"WebPage","@id":"https:\/\/comercializadoracrv.com\/?product=llave-de-lavamanos-sencilla-mate","url":"https:\/\/comercializadoracrv.com\/?product=llave-de-lavamanos-sencilla-mate","name":"LLAVE DE LAVAMANOS SENCILLA MATE - CRV Comercializadora","isPartOf":{"@id":"https:\/\/comercializadoracrv.com\/#website"},"primaryImageOfPage":{"@id":"https:\/\/comercializadoracrv.com\/?product=llave-de-lavamanos-sencilla-mate#primaryimage"},"image":{"@id":"https:\/\/comercializadoracrv.com\/?product=llave-de-lavamanos-sencilla-mate#primaryimage"},"thumbnailUrl":"https:\/\/comercializadoracrv.com\/wp-content\/uploads\/2024\/08\/llave2.jpg","datePublished":"2024-08-07T01:39:41+00:00","dateModified":"2024-08-22T23:05:13+00:00","breadcrumb":{"@id":"https:\/\/comercializadoracrv.com\/?product=llave-de-lavamanos-sencilla-mate#breadcrumb"},"inLanguage":"es","potentialAction":[{"@type":"ReadAction","target":["https:\/\/comercializadoracrv.com\/?product=llave-de-lavamanos-sencilla-mate"]}]},{"@type":"ImageObject","inLanguage":"es","@id":"https:\/\/comercializadoracrv.com\/?product=llave-de-lavamanos-sencilla-mate#primaryimage","url":"https:\/\/comercializadoracrv.com\/wp-content\/uploads\/2024\/08\/llave2.jpg","contentUrl":"https:\/\/comercializadoracrv.com\/wp-content\/uploads\/2024\/08\/llave2.jpg","width":268,"height":234},{"@type":"BreadcrumbList","@id":"https:\/\/comercializadoracrv.com\/?product=llave-de-lavamanos-sencilla-mate#breadcrumb","itemListElement":[{"@type":"ListItem","position":1,"name":"Portada","item":"https:\/\/comercializadoracrv.com\/"},{"@type":"ListItem","position":2,"name":"Shop","item":"https:\/\/comercializadoracrv.com\/?page_id=8"},{"@type":"ListItem","position":3,"name":"LLAVE DE LAVAMANOS SENCILLA MATE"}]},{"@type":"WebSite","@id":"https:\/\/comercializadoracrv.com\/#website","url":"https:\/\/comercializadoracrv.com\/","name":"CRV Comercializadora","description":"Comercializadora","potentialAction":[{"@type":"SearchAction","target":{"@type":"EntryPoint","urlTemplate":"https:\/\/comercializadoracrv.com\/?s={search_term_string}"},"query-input":"required name=search_term_string"}],"inLanguage":"es"}]}},"_links":{"self":[{"href":"https:\/\/comercializadoracrv.com\/index.php?rest_route=\/wp\/v2\/product\/5863","targetHints":{"allow":["GET"]}}],"collection":[{"href":"https:\/\/comercializadoracrv.com\/index.php?rest_route=\/wp\/v2\/product"}],"about":[{"href":"https:\/\/comercializadoracrv.com\/index.php?rest_route=\/wp\/v2\/types\/product"}],"replies":[{"embeddable":true,"href":"https:\/\/comercializadoracrv.com\/index.php?rest_route=%2Fwp%2Fv2%2Fcomments&post=5863"}],"version-history":[{"count":3,"href":"https:\/\/comercializadoracrv.com\/index.php?rest_route=\/wp\/v2\/product\/5863\/revisions"}],"predecessor-version":[{"id":5871,"href":"https:\/\/comercializadoracrv.com\/index.php?rest_route=\/wp\/v2\/product\/5863\/revisions\/5871"}],"wp:featuredmedia":[{"embeddable":true,"href":"https:\/\/comercializadoracrv.com\/index.php?rest_route=\/wp\/v2\/media\/5864"}],"wp:attachment":[{"href":"https:\/\/comercializadoracrv.com\/index.php?rest_route=%2Fwp%2Fv2%2Fmedia&parent=5863"}],"wp:term":[{"taxonomy":"product_cat","embeddable":true,"href":"https:\/\/comercializadoracrv.com\/index.php?rest_route=%2Fwp%2Fv2%2Fproduct_cat&post=5863"},{"taxonomy":"product_tag","embeddable":true,"href":"https:\/\/comercializadoracrv.com\/index.php?rest_route=%2Fwp%2Fv2%2Fproduct_tag&post=5863"}],"curies":[{"name":"wp","href":"https:\/\/api.w.org\/{rel}","templated":true}]}}