{"id":5858,"date":"2024-08-06T01:31:01","date_gmt":"2024-08-06T01:31:01","guid":{"rendered":"https:\/\/desarrollosmoyan.com\/comercializadora\/?post_type=product&#038;p=5858"},"modified":"2024-08-22T22:58:29","modified_gmt":"2024-08-22T22:58:29","slug":"ryamen-combo-cabezal-ducha-doble-de-alta-presion","status":"publish","type":"product","link":"https:\/\/comercializadoracrv.com\/?product=ryamen-combo-cabezal-ducha-doble-de-alta-presion","title":{"rendered":"RYAMEN COMBO CABEZAL DUCHA DOBLE DE ALTA PRESION"},"content":{"rendered":"<p><span style=\"font-weight: 400;\">La Ryamen\u00a0 inteligente combina tecnolog\u00eda avanzada con funcionalidad pr\u00e1ctica para ofrecer una experiencia de ducha personalizada y lujosa, transformando el simple acto de ba\u00f1arse en un momento de confort y disfrute.<\/span><\/p>\n<p>La Ryamen inteligente es la c\u00faspide de la tecnolog\u00eda avanzada y la funcionalidad pr\u00e1ctica, dise\u00f1ada para transformar el simple acto de ducharse en una experiencia personalizada y lujosa. Este innovador sistema de ducha combina caracter\u00edsticas de alta tecnolog\u00eda con un dise\u00f1o elegante para ofrecer un momento de confort y disfrute incomparables, elevando el ba\u00f1o diario a una experiencia de bienestar y relajaci\u00f3n.<\/p>\n<p>Equipado con tecnolog\u00eda de vanguardia, el Ryamen inteligente permite a los usuarios personalizar su experiencia de ducha de manera intuitiva y sencilla. A trav\u00e9s de una interfaz digital avanzada, puedes ajustar la temperatura del agua con precisi\u00f3n, controlar el flujo y seleccionar entre diferentes modos de ducha, desde un chorro de agua revitalizante hasta una suave lluvia. Esta capacidad de personalizaci\u00f3n asegura que cada ducha se adapte a tus preferencias exactas, proporcionando una experiencia a medida que maximiza tu confort.<\/p>\n<p>El dise\u00f1o elegante del Ryamen inteligente no solo a\u00f1ade un toque de sofisticaci\u00f3n a tu ba\u00f1o, sino que tambi\u00e9n integra tecnolog\u00edas innovadoras que mejoran la funcionalidad. La ducha est\u00e1 equipada con sensores inteligentes que monitorizan y ajustan el flujo de agua para mantener una temperatura constante y evitar sorpresas desagradables durante el ba\u00f1o. Adem\u00e1s, algunos modelos incluyen sistemas de ahorro de agua que optimizan el uso del recurso sin comprometer la calidad de la ducha.<\/p>\n","protected":false},"excerpt":{"rendered":"<p><span style=\"font-weight: 400;\">La Ryamen inteligente es la c\u00faspide de la tecnolog\u00eda avanzada y la funcionalidad pr\u00e1ctica, dise\u00f1ada para transformar el simple acto de ducharse en una experiencia personalizada y lujosa. Este innovador sistema de ducha combina caracter\u00edsticas de alta tecnolog\u00eda con un dise\u00f1o elegante para ofrecer un momento de confort y disfrute incomparables, elevando el ba\u00f1o diario a una experiencia de bienestar y relajaci\u00f3n.<\/span><\/p>\n","protected":false},"featured_media":5862,"comment_status":"open","ping_status":"closed","template":"","meta":{"_joinchat":[]},"product_cat":[227,235],"product_tag":[246],"class_list":{"0":"post-5858","1":"product","2":"type-product","3":"status-publish","4":"has-post-thumbnail","6":"product_cat-bano","7":"product_cat-griferia-bano","8":"product_tag-duchainteligente-experienciadespa-tecnologiadeducha","10":"first","11":"instock","12":"shipping-taxable","13":"purchasable","14":"product-type-simple"},"yoast_head":"<!-- This site is optimized with the Yoast SEO Premium plugin v22.7 (Yoast SEO v23.3) - https:\/\/yoast.com\/wordpress\/plugins\/seo\/ -->\n<title>RYAMEN COMBO CABEZAL DUCHA DOBLE DE ALTA PRESION - CRV Comercializadora<\/title>\n<meta name=\"robots\" content=\"index, follow, max-snippet:-1, max-image-preview:large, max-video-preview:-1\" \/>\n<link rel=\"canonical\" href=\"https:\/\/comercializadoracrv.com\/?product=ryamen-combo-cabezal-ducha-doble-de-alta-presion\" \/>\n<meta property=\"og:locale\" content=\"es_ES\" \/>\n<meta property=\"og:type\" content=\"article\" \/>\n<meta property=\"og:title\" content=\"RYAMEN COMBO CABEZAL DUCHA DOBLE DE ALTA PRESION\" \/>\n<meta property=\"og:description\" content=\"La Ryamen inteligente es la c\u00faspide de la tecnolog\u00eda avanzada y la funcionalidad pr\u00e1ctica, dise\u00f1ada para transformar el simple acto de ducharse en una experiencia personalizada y lujosa. Este innovador sistema de ducha combina caracter\u00edsticas de alta tecnolog\u00eda con un dise\u00f1o elegante para ofrecer un momento de confort y disfrute incomparables, elevando el ba\u00f1o diario a una experiencia de bienestar y relajaci\u00f3n.\" \/>\n<meta property=\"og:url\" content=\"https:\/\/comercializadoracrv.com\/?product=ryamen-combo-cabezal-ducha-doble-de-alta-presion\" \/>\n<meta property=\"og:site_name\" content=\"CRV Comercializadora\" \/>\n<meta property=\"article:modified_time\" content=\"2024-08-22T22:58:29+00:00\" \/>\n<meta property=\"og:image\" content=\"https:\/\/comercializadoracrv.com\/wp-content\/uploads\/2024\/08\/imagen2.jpg\" \/>\n\t<meta property=\"og:image:width\" content=\"193\" \/>\n\t<meta property=\"og:image:height\" content=\"401\" \/>\n\t<meta property=\"og:image:type\" content=\"image\/jpeg\" \/>\n<meta name=\"twitter:card\" content=\"summary_large_image\" \/>\n<meta name=\"twitter:label1\" content=\"Est. reading time\" \/>\n\t<meta name=\"twitter:data1\" content=\"2 minutos\" \/>\n<script type=\"application\/ld+json\" class=\"yoast-schema-graph\">{\"@context\":\"https:\/\/schema.org\",\"@graph\":[{\"@type\":\"WebPage\",\"@id\":\"https:\/\/comercializadoracrv.com\/?product=ryamen-combo-cabezal-ducha-doble-de-alta-presion\",\"url\":\"https:\/\/comercializadoracrv.com\/?product=ryamen-combo-cabezal-ducha-doble-de-alta-presion\",\"name\":\"RYAMEN COMBO CABEZAL DUCHA DOBLE DE ALTA PRESION - CRV Comercializadora\",\"isPartOf\":{\"@id\":\"https:\/\/comercializadoracrv.com\/#website\"},\"primaryImageOfPage\":{\"@id\":\"https:\/\/comercializadoracrv.com\/?product=ryamen-combo-cabezal-ducha-doble-de-alta-presion#primaryimage\"},\"image\":{\"@id\":\"https:\/\/comercializadoracrv.com\/?product=ryamen-combo-cabezal-ducha-doble-de-alta-presion#primaryimage\"},\"thumbnailUrl\":\"https:\/\/comercializadoracrv.com\/wp-content\/uploads\/2024\/08\/imagen2.jpg\",\"datePublished\":\"2024-08-06T01:31:01+00:00\",\"dateModified\":\"2024-08-22T22:58:29+00:00\",\"breadcrumb\":{\"@id\":\"https:\/\/comercializadoracrv.com\/?product=ryamen-combo-cabezal-ducha-doble-de-alta-presion#breadcrumb\"},\"inLanguage\":\"es\",\"potentialAction\":[{\"@type\":\"ReadAction\",\"target\":[\"https:\/\/comercializadoracrv.com\/?product=ryamen-combo-cabezal-ducha-doble-de-alta-presion\"]}]},{\"@type\":\"ImageObject\",\"inLanguage\":\"es\",\"@id\":\"https:\/\/comercializadoracrv.com\/?product=ryamen-combo-cabezal-ducha-doble-de-alta-presion#primaryimage\",\"url\":\"https:\/\/comercializadoracrv.com\/wp-content\/uploads\/2024\/08\/imagen2.jpg\",\"contentUrl\":\"https:\/\/comercializadoracrv.com\/wp-content\/uploads\/2024\/08\/imagen2.jpg\",\"width\":193,\"height\":401},{\"@type\":\"BreadcrumbList\",\"@id\":\"https:\/\/comercializadoracrv.com\/?product=ryamen-combo-cabezal-ducha-doble-de-alta-presion#breadcrumb\",\"itemListElement\":[{\"@type\":\"ListItem\",\"position\":1,\"name\":\"Portada\",\"item\":\"https:\/\/comercializadoracrv.com\/\"},{\"@type\":\"ListItem\",\"position\":2,\"name\":\"Shop\",\"item\":\"https:\/\/comercializadoracrv.com\/?page_id=8\"},{\"@type\":\"ListItem\",\"position\":3,\"name\":\"RYAMEN COMBO CABEZAL DUCHA DOBLE DE ALTA PRESION\"}]},{\"@type\":\"WebSite\",\"@id\":\"https:\/\/comercializadoracrv.com\/#website\",\"url\":\"https:\/\/comercializadoracrv.com\/\",\"name\":\"CRV Comercializadora\",\"description\":\"Comercializadora\",\"potentialAction\":[{\"@type\":\"SearchAction\",\"target\":{\"@type\":\"EntryPoint\",\"urlTemplate\":\"https:\/\/comercializadoracrv.com\/?s={search_term_string}\"},\"query-input\":\"required name=search_term_string\"}],\"inLanguage\":\"es\"}]}<\/script>\n<!-- \/ Yoast SEO Premium plugin. -->","yoast_head_json":{"title":"RYAMEN COMBO CABEZAL DUCHA DOBLE DE ALTA PRESION - CRV Comercializadora","robots":{"index":"index","follow":"follow","max-snippet":"max-snippet:-1","max-image-preview":"max-image-preview:large","max-video-preview":"max-video-preview:-1"},"canonical":"https:\/\/comercializadoracrv.com\/?product=ryamen-combo-cabezal-ducha-doble-de-alta-presion","og_locale":"es_ES","og_type":"article","og_title":"RYAMEN COMBO CABEZAL DUCHA DOBLE DE ALTA PRESION","og_description":"La Ryamen inteligente es la c\u00faspide de la tecnolog\u00eda avanzada y la funcionalidad pr\u00e1ctica, dise\u00f1ada para transformar el simple acto de ducharse en una experiencia personalizada y lujosa. Este innovador sistema de ducha combina caracter\u00edsticas de alta tecnolog\u00eda con un dise\u00f1o elegante para ofrecer un momento de confort y disfrute incomparables, elevando el ba\u00f1o diario a una experiencia de bienestar y relajaci\u00f3n.","og_url":"https:\/\/comercializadoracrv.com\/?product=ryamen-combo-cabezal-ducha-doble-de-alta-presion","og_site_name":"CRV Comercializadora","article_modified_time":"2024-08-22T22:58:29+00:00","og_image":[{"width":193,"height":401,"url":"https:\/\/comercializadoracrv.com\/wp-content\/uploads\/2024\/08\/imagen2.jpg","type":"image\/jpeg"}],"twitter_card":"summary_large_image","twitter_misc":{"Est. reading time":"2 minutos"},"schema":{"@context":"https:\/\/schema.org","@graph":[{"@type":"WebPage","@id":"https:\/\/comercializadoracrv.com\/?product=ryamen-combo-cabezal-ducha-doble-de-alta-presion","url":"https:\/\/comercializadoracrv.com\/?product=ryamen-combo-cabezal-ducha-doble-de-alta-presion","name":"RYAMEN COMBO CABEZAL DUCHA DOBLE DE ALTA PRESION - CRV Comercializadora","isPartOf":{"@id":"https:\/\/comercializadoracrv.com\/#website"},"primaryImageOfPage":{"@id":"https:\/\/comercializadoracrv.com\/?product=ryamen-combo-cabezal-ducha-doble-de-alta-presion#primaryimage"},"image":{"@id":"https:\/\/comercializadoracrv.com\/?product=ryamen-combo-cabezal-ducha-doble-de-alta-presion#primaryimage"},"thumbnailUrl":"https:\/\/comercializadoracrv.com\/wp-content\/uploads\/2024\/08\/imagen2.jpg","datePublished":"2024-08-06T01:31:01+00:00","dateModified":"2024-08-22T22:58:29+00:00","breadcrumb":{"@id":"https:\/\/comercializadoracrv.com\/?product=ryamen-combo-cabezal-ducha-doble-de-alta-presion#breadcrumb"},"inLanguage":"es","potentialAction":[{"@type":"ReadAction","target":["https:\/\/comercializadoracrv.com\/?product=ryamen-combo-cabezal-ducha-doble-de-alta-presion"]}]},{"@type":"ImageObject","inLanguage":"es","@id":"https:\/\/comercializadoracrv.com\/?product=ryamen-combo-cabezal-ducha-doble-de-alta-presion#primaryimage","url":"https:\/\/comercializadoracrv.com\/wp-content\/uploads\/2024\/08\/imagen2.jpg","contentUrl":"https:\/\/comercializadoracrv.com\/wp-content\/uploads\/2024\/08\/imagen2.jpg","width":193,"height":401},{"@type":"BreadcrumbList","@id":"https:\/\/comercializadoracrv.com\/?product=ryamen-combo-cabezal-ducha-doble-de-alta-presion#breadcrumb","itemListElement":[{"@type":"ListItem","position":1,"name":"Portada","item":"https:\/\/comercializadoracrv.com\/"},{"@type":"ListItem","position":2,"name":"Shop","item":"https:\/\/comercializadoracrv.com\/?page_id=8"},{"@type":"ListItem","position":3,"name":"RYAMEN COMBO CABEZAL DUCHA DOBLE DE ALTA PRESION"}]},{"@type":"WebSite","@id":"https:\/\/comercializadoracrv.com\/#website","url":"https:\/\/comercializadoracrv.com\/","name":"CRV Comercializadora","description":"Comercializadora","potentialAction":[{"@type":"SearchAction","target":{"@type":"EntryPoint","urlTemplate":"https:\/\/comercializadoracrv.com\/?s={search_term_string}"},"query-input":"required name=search_term_string"}],"inLanguage":"es"}]}},"_links":{"self":[{"href":"https:\/\/comercializadoracrv.com\/index.php?rest_route=\/wp\/v2\/product\/5858","targetHints":{"allow":["GET"]}}],"collection":[{"href":"https:\/\/comercializadoracrv.com\/index.php?rest_route=\/wp\/v2\/product"}],"about":[{"href":"https:\/\/comercializadoracrv.com\/index.php?rest_route=\/wp\/v2\/types\/product"}],"replies":[{"embeddable":true,"href":"https:\/\/comercializadoracrv.com\/index.php?rest_route=%2Fwp%2Fv2%2Fcomments&post=5858"}],"version-history":[{"count":4,"href":"https:\/\/comercializadoracrv.com\/index.php?rest_route=\/wp\/v2\/product\/5858\/revisions"}],"predecessor-version":[{"id":5869,"href":"https:\/\/comercializadoracrv.com\/index.php?rest_route=\/wp\/v2\/product\/5858\/revisions\/5869"}],"wp:featuredmedia":[{"embeddable":true,"href":"https:\/\/comercializadoracrv.com\/index.php?rest_route=\/wp\/v2\/media\/5862"}],"wp:attachment":[{"href":"https:\/\/comercializadoracrv.com\/index.php?rest_route=%2Fwp%2Fv2%2Fmedia&parent=5858"}],"wp:term":[{"taxonomy":"product_cat","embeddable":true,"href":"https:\/\/comercializadoracrv.com\/index.php?rest_route=%2Fwp%2Fv2%2Fproduct_cat&post=5858"},{"taxonomy":"product_tag","embeddable":true,"href":"https:\/\/comercializadoracrv.com\/index.php?rest_route=%2Fwp%2Fv2%2Fproduct_tag&post=5858"}],"curies":[{"name":"wp","href":"https:\/\/api.w.org\/{rel}","templated":true}]}}