{"id":5854,"date":"2024-08-07T01:08:40","date_gmt":"2024-08-07T01:08:40","guid":{"rendered":"https:\/\/desarrollosmoyan.com\/comercializadora\/?post_type=product&#038;p=5854"},"modified":"2024-08-22T23:04:25","modified_gmt":"2024-08-22T23:04:25","slug":"lavamanos-cilindrico","status":"publish","type":"product","link":"https:\/\/comercializadoracrv.com\/?product=lavamanos-cilindrico","title":{"rendered":"LAVAMANOS CILINDRICO"},"content":{"rendered":"<p>El lavamanos cil\u00edndrico es una opci\u00f3n elegante y vers\u00e1til que puede transformar el dise\u00f1o y la funcionalidad de cualquier ba\u00f1o, ofreciendo un equilibrio perfecto entre est\u00e9tica moderna y utilidad pr\u00e1ctica. Este lavamanos, con su forma cil\u00edndrica distintiva, no solo aporta una apariencia sofisticada, sino que tambi\u00e9n proporciona una soluci\u00f3n funcional y eficiente para el lavado diario.<\/p>\n<p>El dise\u00f1o cil\u00edndrico del lavamanos se destaca por su forma minimalista y fluida, que se adapta a una variedad de estilos de decoraci\u00f3n, desde lo contempor\u00e1neo hasta lo cl\u00e1sico. Su perfil limpio y sin complicaciones a\u00f1ade un toque de elegancia y modernidad al ba\u00f1o, convirti\u00e9ndose en un elemento focal que complementa otros accesorios y muebles del espacio. La forma redondeada no solo es visualmente atractiva, sino que tambi\u00e9n permite una integraci\u00f3n f\u00e1cil y armoniosa en diferentes configuraciones de ba\u00f1o.<\/p>\n","protected":false},"excerpt":{"rendered":"<p><b>\u00a0<\/b><span style=\"font-weight: 400;\">El\u00a0 lavamanos cil\u00edndrico es una opci\u00f3n elegante y vers\u00e1til que puede mejorar significativamente el dise\u00f1o y la funcionalidad de cualquier ba\u00f1o, proporcionando un equilibrio perfecto entre est\u00e9tica moderna y utilidad pr\u00e1ctica.<\/span><\/p>\n","protected":false},"featured_media":5851,"comment_status":"open","ping_status":"closed","template":"","meta":{"_joinchat":[]},"product_cat":[227,233],"product_tag":[244],"class_list":{"0":"post-5854","1":"product","2":"type-product","3":"status-publish","4":"has-post-thumbnail","6":"product_cat-bano","7":"product_cat-lavamanos-bano","8":"product_tag-lavamanosmoderno-disenocilindrico-estiloyfuncionalidad","10":"first","11":"instock","12":"shipping-taxable","13":"purchasable","14":"product-type-simple"},"yoast_head":"<!-- This site is optimized with the Yoast SEO Premium plugin v22.7 (Yoast SEO v23.3) - https:\/\/yoast.com\/wordpress\/plugins\/seo\/ -->\n<title>LAVAMANOS CILINDRICO - CRV Comercializadora<\/title>\n<meta name=\"robots\" content=\"index, follow, max-snippet:-1, max-image-preview:large, max-video-preview:-1\" \/>\n<link rel=\"canonical\" href=\"https:\/\/comercializadoracrv.com\/?product=lavamanos-cilindrico\" \/>\n<meta property=\"og:locale\" content=\"es_ES\" \/>\n<meta property=\"og:type\" content=\"article\" \/>\n<meta property=\"og:title\" content=\"LAVAMANOS CILINDRICO\" \/>\n<meta property=\"og:description\" content=\"\u00a0El\u00a0 lavamanos cil\u00edndrico es una opci\u00f3n elegante y vers\u00e1til que puede mejorar significativamente el dise\u00f1o y la funcionalidad de cualquier ba\u00f1o, proporcionando un equilibrio perfecto entre est\u00e9tica moderna y utilidad pr\u00e1ctica.\" \/>\n<meta property=\"og:url\" content=\"https:\/\/comercializadoracrv.com\/?product=lavamanos-cilindrico\" \/>\n<meta property=\"og:site_name\" content=\"CRV Comercializadora\" \/>\n<meta property=\"article:modified_time\" content=\"2024-08-22T23:04:25+00:00\" \/>\n<meta property=\"og:image\" content=\"https:\/\/comercializadoracrv.com\/wp-content\/uploads\/2024\/08\/25b4e2c36d76a8ddefcf19100e07652d.jpg\" \/>\n\t<meta property=\"og:image:width\" content=\"564\" \/>\n\t<meta property=\"og:image:height\" content=\"563\" \/>\n\t<meta property=\"og:image:type\" content=\"image\/jpeg\" \/>\n<meta name=\"twitter:card\" content=\"summary_large_image\" \/>\n<meta name=\"twitter:label1\" content=\"Est. reading time\" \/>\n\t<meta name=\"twitter:data1\" content=\"1 minuto\" \/>\n<script type=\"application\/ld+json\" class=\"yoast-schema-graph\">{\"@context\":\"https:\/\/schema.org\",\"@graph\":[{\"@type\":\"WebPage\",\"@id\":\"https:\/\/comercializadoracrv.com\/?product=lavamanos-cilindrico\",\"url\":\"https:\/\/comercializadoracrv.com\/?product=lavamanos-cilindrico\",\"name\":\"LAVAMANOS CILINDRICO - CRV Comercializadora\",\"isPartOf\":{\"@id\":\"https:\/\/comercializadoracrv.com\/#website\"},\"primaryImageOfPage\":{\"@id\":\"https:\/\/comercializadoracrv.com\/?product=lavamanos-cilindrico#primaryimage\"},\"image\":{\"@id\":\"https:\/\/comercializadoracrv.com\/?product=lavamanos-cilindrico#primaryimage\"},\"thumbnailUrl\":\"https:\/\/comercializadoracrv.com\/wp-content\/uploads\/2024\/08\/25b4e2c36d76a8ddefcf19100e07652d.jpg\",\"datePublished\":\"2024-08-07T01:08:40+00:00\",\"dateModified\":\"2024-08-22T23:04:25+00:00\",\"breadcrumb\":{\"@id\":\"https:\/\/comercializadoracrv.com\/?product=lavamanos-cilindrico#breadcrumb\"},\"inLanguage\":\"es\",\"potentialAction\":[{\"@type\":\"ReadAction\",\"target\":[\"https:\/\/comercializadoracrv.com\/?product=lavamanos-cilindrico\"]}]},{\"@type\":\"ImageObject\",\"inLanguage\":\"es\",\"@id\":\"https:\/\/comercializadoracrv.com\/?product=lavamanos-cilindrico#primaryimage\",\"url\":\"https:\/\/comercializadoracrv.com\/wp-content\/uploads\/2024\/08\/25b4e2c36d76a8ddefcf19100e07652d.jpg\",\"contentUrl\":\"https:\/\/comercializadoracrv.com\/wp-content\/uploads\/2024\/08\/25b4e2c36d76a8ddefcf19100e07652d.jpg\",\"width\":564,\"height\":563},{\"@type\":\"BreadcrumbList\",\"@id\":\"https:\/\/comercializadoracrv.com\/?product=lavamanos-cilindrico#breadcrumb\",\"itemListElement\":[{\"@type\":\"ListItem\",\"position\":1,\"name\":\"Portada\",\"item\":\"https:\/\/comercializadoracrv.com\/\"},{\"@type\":\"ListItem\",\"position\":2,\"name\":\"Shop\",\"item\":\"https:\/\/comercializadoracrv.com\/?page_id=8\"},{\"@type\":\"ListItem\",\"position\":3,\"name\":\"LAVAMANOS CILINDRICO\"}]},{\"@type\":\"WebSite\",\"@id\":\"https:\/\/comercializadoracrv.com\/#website\",\"url\":\"https:\/\/comercializadoracrv.com\/\",\"name\":\"CRV Comercializadora\",\"description\":\"Comercializadora\",\"potentialAction\":[{\"@type\":\"SearchAction\",\"target\":{\"@type\":\"EntryPoint\",\"urlTemplate\":\"https:\/\/comercializadoracrv.com\/?s={search_term_string}\"},\"query-input\":\"required name=search_term_string\"}],\"inLanguage\":\"es\"}]}<\/script>\n<!-- \/ Yoast SEO Premium plugin. -->","yoast_head_json":{"title":"LAVAMANOS CILINDRICO - CRV Comercializadora","robots":{"index":"index","follow":"follow","max-snippet":"max-snippet:-1","max-image-preview":"max-image-preview:large","max-video-preview":"max-video-preview:-1"},"canonical":"https:\/\/comercializadoracrv.com\/?product=lavamanos-cilindrico","og_locale":"es_ES","og_type":"article","og_title":"LAVAMANOS CILINDRICO","og_description":"\u00a0El\u00a0 lavamanos cil\u00edndrico es una opci\u00f3n elegante y vers\u00e1til que puede mejorar significativamente el dise\u00f1o y la funcionalidad de cualquier ba\u00f1o, proporcionando un equilibrio perfecto entre est\u00e9tica moderna y utilidad pr\u00e1ctica.","og_url":"https:\/\/comercializadoracrv.com\/?product=lavamanos-cilindrico","og_site_name":"CRV Comercializadora","article_modified_time":"2024-08-22T23:04:25+00:00","og_image":[{"width":564,"height":563,"url":"https:\/\/comercializadoracrv.com\/wp-content\/uploads\/2024\/08\/25b4e2c36d76a8ddefcf19100e07652d.jpg","type":"image\/jpeg"}],"twitter_card":"summary_large_image","twitter_misc":{"Est. reading time":"1 minuto"},"schema":{"@context":"https:\/\/schema.org","@graph":[{"@type":"WebPage","@id":"https:\/\/comercializadoracrv.com\/?product=lavamanos-cilindrico","url":"https:\/\/comercializadoracrv.com\/?product=lavamanos-cilindrico","name":"LAVAMANOS CILINDRICO - CRV Comercializadora","isPartOf":{"@id":"https:\/\/comercializadoracrv.com\/#website"},"primaryImageOfPage":{"@id":"https:\/\/comercializadoracrv.com\/?product=lavamanos-cilindrico#primaryimage"},"image":{"@id":"https:\/\/comercializadoracrv.com\/?product=lavamanos-cilindrico#primaryimage"},"thumbnailUrl":"https:\/\/comercializadoracrv.com\/wp-content\/uploads\/2024\/08\/25b4e2c36d76a8ddefcf19100e07652d.jpg","datePublished":"2024-08-07T01:08:40+00:00","dateModified":"2024-08-22T23:04:25+00:00","breadcrumb":{"@id":"https:\/\/comercializadoracrv.com\/?product=lavamanos-cilindrico#breadcrumb"},"inLanguage":"es","potentialAction":[{"@type":"ReadAction","target":["https:\/\/comercializadoracrv.com\/?product=lavamanos-cilindrico"]}]},{"@type":"ImageObject","inLanguage":"es","@id":"https:\/\/comercializadoracrv.com\/?product=lavamanos-cilindrico#primaryimage","url":"https:\/\/comercializadoracrv.com\/wp-content\/uploads\/2024\/08\/25b4e2c36d76a8ddefcf19100e07652d.jpg","contentUrl":"https:\/\/comercializadoracrv.com\/wp-content\/uploads\/2024\/08\/25b4e2c36d76a8ddefcf19100e07652d.jpg","width":564,"height":563},{"@type":"BreadcrumbList","@id":"https:\/\/comercializadoracrv.com\/?product=lavamanos-cilindrico#breadcrumb","itemListElement":[{"@type":"ListItem","position":1,"name":"Portada","item":"https:\/\/comercializadoracrv.com\/"},{"@type":"ListItem","position":2,"name":"Shop","item":"https:\/\/comercializadoracrv.com\/?page_id=8"},{"@type":"ListItem","position":3,"name":"LAVAMANOS CILINDRICO"}]},{"@type":"WebSite","@id":"https:\/\/comercializadoracrv.com\/#website","url":"https:\/\/comercializadoracrv.com\/","name":"CRV Comercializadora","description":"Comercializadora","potentialAction":[{"@type":"SearchAction","target":{"@type":"EntryPoint","urlTemplate":"https:\/\/comercializadoracrv.com\/?s={search_term_string}"},"query-input":"required name=search_term_string"}],"inLanguage":"es"}]}},"_links":{"self":[{"href":"https:\/\/comercializadoracrv.com\/index.php?rest_route=\/wp\/v2\/product\/5854","targetHints":{"allow":["GET"]}}],"collection":[{"href":"https:\/\/comercializadoracrv.com\/index.php?rest_route=\/wp\/v2\/product"}],"about":[{"href":"https:\/\/comercializadoracrv.com\/index.php?rest_route=\/wp\/v2\/types\/product"}],"replies":[{"embeddable":true,"href":"https:\/\/comercializadoracrv.com\/index.php?rest_route=%2Fwp%2Fv2%2Fcomments&post=5854"}],"version-history":[{"count":3,"href":"https:\/\/comercializadoracrv.com\/index.php?rest_route=\/wp\/v2\/product\/5854\/revisions"}],"predecessor-version":[{"id":5875,"href":"https:\/\/comercializadoracrv.com\/index.php?rest_route=\/wp\/v2\/product\/5854\/revisions\/5875"}],"wp:featuredmedia":[{"embeddable":true,"href":"https:\/\/comercializadoracrv.com\/index.php?rest_route=\/wp\/v2\/media\/5851"}],"wp:attachment":[{"href":"https:\/\/comercializadoracrv.com\/index.php?rest_route=%2Fwp%2Fv2%2Fmedia&parent=5854"}],"wp:term":[{"taxonomy":"product_cat","embeddable":true,"href":"https:\/\/comercializadoracrv.com\/index.php?rest_route=%2Fwp%2Fv2%2Fproduct_cat&post=5854"},{"taxonomy":"product_tag","embeddable":true,"href":"https:\/\/comercializadoracrv.com\/index.php?rest_route=%2Fwp%2Fv2%2Fproduct_tag&post=5854"}],"curies":[{"name":"wp","href":"https:\/\/api.w.org\/{rel}","templated":true}]}}