{"id":5849,"date":"2024-08-07T01:02:19","date_gmt":"2024-08-07T01:02:19","guid":{"rendered":"https:\/\/desarrollosmoyan.com\/comercializadora\/?post_type=product&#038;p=5849"},"modified":"2024-08-22T23:03:33","modified_gmt":"2024-08-22T23:03:33","slug":"lavamanos-moderno-hexagonal","status":"publish","type":"product","link":"https:\/\/comercializadoracrv.com\/?product=lavamanos-moderno-hexagonal","title":{"rendered":"LAVAMANOS MODERNO HEXAGONAL"},"content":{"rendered":"<p>El lavamanos hexagonal es una opci\u00f3n innovadora que destaca por su dise\u00f1o moderno y est\u00e9ticamente atractivo, ideal para quienes buscan transformar la apariencia de cualquier ba\u00f1o con un toque de distinci\u00f3n. Este lavamanos, con su forma geom\u00e9trica \u00fanica, ofrece un equilibrio perfecto entre dise\u00f1o distintivo y funcionalidad pr\u00e1ctica, convirti\u00e9ndose en el centro de atenci\u00f3n en cualquier espacio.<\/p>\n<p>Su forma hexagonal no solo aporta una est\u00e9tica contempor\u00e1nea y llamativa, sino que tambi\u00e9n ofrece ventajas pr\u00e1cticas en el uso del espacio. La estructura del lavamanos permite una distribuci\u00f3n eficiente del agua y proporciona un \u00e1rea de lavado amplia, lo que lo convierte en una opci\u00f3n funcional tanto para ba\u00f1os grandes como peque\u00f1os. El dise\u00f1o geom\u00e9trico no solo es visualmente interesante, sino que tambi\u00e9n facilita la integraci\u00f3n en una variedad de estilos de decoraci\u00f3n, desde lo minimalista hasta lo industrial.<\/p>\n","protected":false},"excerpt":{"rendered":"<p><span style=\"font-weight: 400;\">El lavamanos hexagonal es una opci\u00f3n moderna y est\u00e9ticamente atractiva que puede transformar la apariencia de cualquier ba\u00f1o, ofreciendo un equilibrio entre dise\u00f1o distintivo y funcionalidad pr\u00e1ctica.<\/span><\/p>\n","protected":false},"featured_media":5852,"comment_status":"open","ping_status":"closed","template":"","meta":{"_joinchat":[]},"product_cat":[227,233],"product_tag":[243],"class_list":{"0":"post-5849","1":"product","2":"type-product","3":"status-publish","4":"has-post-thumbnail","6":"product_cat-bano","7":"product_cat-lavamanos-bano","8":"product_tag-disenohexagonal-estilomoderno-transformatubano","10":"first","11":"instock","12":"shipping-taxable","13":"purchasable","14":"product-type-simple"},"yoast_head":"<!-- This site is optimized with the Yoast SEO Premium plugin v22.7 (Yoast SEO v23.3) - https:\/\/yoast.com\/wordpress\/plugins\/seo\/ -->\n<title>LAVAMANOS MODERNO HEXAGONAL - CRV Comercializadora<\/title>\n<meta name=\"robots\" content=\"index, follow, max-snippet:-1, max-image-preview:large, max-video-preview:-1\" \/>\n<link rel=\"canonical\" href=\"https:\/\/comercializadoracrv.com\/?product=lavamanos-moderno-hexagonal\" \/>\n<meta property=\"og:locale\" content=\"es_ES\" \/>\n<meta property=\"og:type\" content=\"article\" \/>\n<meta property=\"og:title\" content=\"LAVAMANOS MODERNO HEXAGONAL\" \/>\n<meta property=\"og:description\" content=\"El lavamanos hexagonal es una opci\u00f3n moderna y est\u00e9ticamente atractiva que puede transformar la apariencia de cualquier ba\u00f1o, ofreciendo un equilibrio entre dise\u00f1o distintivo y funcionalidad pr\u00e1ctica.\" \/>\n<meta property=\"og:url\" content=\"https:\/\/comercializadoracrv.com\/?product=lavamanos-moderno-hexagonal\" \/>\n<meta property=\"og:site_name\" content=\"CRV Comercializadora\" \/>\n<meta property=\"article:modified_time\" content=\"2024-08-22T23:03:33+00:00\" \/>\n<meta property=\"og:image\" content=\"https:\/\/comercializadoracrv.com\/wp-content\/uploads\/2024\/08\/51G0IAAd-rL._AC_UF8941000_QL80_.jpg\" \/>\n\t<meta property=\"og:image:width\" content=\"894\" \/>\n\t<meta property=\"og:image:height\" content=\"894\" \/>\n\t<meta property=\"og:image:type\" content=\"image\/jpeg\" \/>\n<meta name=\"twitter:card\" content=\"summary_large_image\" \/>\n<meta name=\"twitter:label1\" content=\"Est. reading time\" \/>\n\t<meta name=\"twitter:data1\" content=\"1 minuto\" \/>\n<script type=\"application\/ld+json\" class=\"yoast-schema-graph\">{\"@context\":\"https:\/\/schema.org\",\"@graph\":[{\"@type\":\"WebPage\",\"@id\":\"https:\/\/comercializadoracrv.com\/?product=lavamanos-moderno-hexagonal\",\"url\":\"https:\/\/comercializadoracrv.com\/?product=lavamanos-moderno-hexagonal\",\"name\":\"LAVAMANOS MODERNO HEXAGONAL - CRV Comercializadora\",\"isPartOf\":{\"@id\":\"https:\/\/comercializadoracrv.com\/#website\"},\"primaryImageOfPage\":{\"@id\":\"https:\/\/comercializadoracrv.com\/?product=lavamanos-moderno-hexagonal#primaryimage\"},\"image\":{\"@id\":\"https:\/\/comercializadoracrv.com\/?product=lavamanos-moderno-hexagonal#primaryimage\"},\"thumbnailUrl\":\"https:\/\/comercializadoracrv.com\/wp-content\/uploads\/2024\/08\/51G0IAAd-rL._AC_UF8941000_QL80_.jpg\",\"datePublished\":\"2024-08-07T01:02:19+00:00\",\"dateModified\":\"2024-08-22T23:03:33+00:00\",\"breadcrumb\":{\"@id\":\"https:\/\/comercializadoracrv.com\/?product=lavamanos-moderno-hexagonal#breadcrumb\"},\"inLanguage\":\"es\",\"potentialAction\":[{\"@type\":\"ReadAction\",\"target\":[\"https:\/\/comercializadoracrv.com\/?product=lavamanos-moderno-hexagonal\"]}]},{\"@type\":\"ImageObject\",\"inLanguage\":\"es\",\"@id\":\"https:\/\/comercializadoracrv.com\/?product=lavamanos-moderno-hexagonal#primaryimage\",\"url\":\"https:\/\/comercializadoracrv.com\/wp-content\/uploads\/2024\/08\/51G0IAAd-rL._AC_UF8941000_QL80_.jpg\",\"contentUrl\":\"https:\/\/comercializadoracrv.com\/wp-content\/uploads\/2024\/08\/51G0IAAd-rL._AC_UF8941000_QL80_.jpg\",\"width\":894,\"height\":894},{\"@type\":\"BreadcrumbList\",\"@id\":\"https:\/\/comercializadoracrv.com\/?product=lavamanos-moderno-hexagonal#breadcrumb\",\"itemListElement\":[{\"@type\":\"ListItem\",\"position\":1,\"name\":\"Portada\",\"item\":\"https:\/\/comercializadoracrv.com\/\"},{\"@type\":\"ListItem\",\"position\":2,\"name\":\"Shop\",\"item\":\"https:\/\/comercializadoracrv.com\/?page_id=8\"},{\"@type\":\"ListItem\",\"position\":3,\"name\":\"LAVAMANOS MODERNO HEXAGONAL\"}]},{\"@type\":\"WebSite\",\"@id\":\"https:\/\/comercializadoracrv.com\/#website\",\"url\":\"https:\/\/comercializadoracrv.com\/\",\"name\":\"CRV Comercializadora\",\"description\":\"Comercializadora\",\"potentialAction\":[{\"@type\":\"SearchAction\",\"target\":{\"@type\":\"EntryPoint\",\"urlTemplate\":\"https:\/\/comercializadoracrv.com\/?s={search_term_string}\"},\"query-input\":\"required name=search_term_string\"}],\"inLanguage\":\"es\"}]}<\/script>\n<!-- \/ Yoast SEO Premium plugin. -->","yoast_head_json":{"title":"LAVAMANOS MODERNO HEXAGONAL - CRV Comercializadora","robots":{"index":"index","follow":"follow","max-snippet":"max-snippet:-1","max-image-preview":"max-image-preview:large","max-video-preview":"max-video-preview:-1"},"canonical":"https:\/\/comercializadoracrv.com\/?product=lavamanos-moderno-hexagonal","og_locale":"es_ES","og_type":"article","og_title":"LAVAMANOS MODERNO HEXAGONAL","og_description":"El lavamanos hexagonal es una opci\u00f3n moderna y est\u00e9ticamente atractiva que puede transformar la apariencia de cualquier ba\u00f1o, ofreciendo un equilibrio entre dise\u00f1o distintivo y funcionalidad pr\u00e1ctica.","og_url":"https:\/\/comercializadoracrv.com\/?product=lavamanos-moderno-hexagonal","og_site_name":"CRV Comercializadora","article_modified_time":"2024-08-22T23:03:33+00:00","og_image":[{"width":894,"height":894,"url":"https:\/\/comercializadoracrv.com\/wp-content\/uploads\/2024\/08\/51G0IAAd-rL._AC_UF8941000_QL80_.jpg","type":"image\/jpeg"}],"twitter_card":"summary_large_image","twitter_misc":{"Est. reading time":"1 minuto"},"schema":{"@context":"https:\/\/schema.org","@graph":[{"@type":"WebPage","@id":"https:\/\/comercializadoracrv.com\/?product=lavamanos-moderno-hexagonal","url":"https:\/\/comercializadoracrv.com\/?product=lavamanos-moderno-hexagonal","name":"LAVAMANOS MODERNO HEXAGONAL - CRV Comercializadora","isPartOf":{"@id":"https:\/\/comercializadoracrv.com\/#website"},"primaryImageOfPage":{"@id":"https:\/\/comercializadoracrv.com\/?product=lavamanos-moderno-hexagonal#primaryimage"},"image":{"@id":"https:\/\/comercializadoracrv.com\/?product=lavamanos-moderno-hexagonal#primaryimage"},"thumbnailUrl":"https:\/\/comercializadoracrv.com\/wp-content\/uploads\/2024\/08\/51G0IAAd-rL._AC_UF8941000_QL80_.jpg","datePublished":"2024-08-07T01:02:19+00:00","dateModified":"2024-08-22T23:03:33+00:00","breadcrumb":{"@id":"https:\/\/comercializadoracrv.com\/?product=lavamanos-moderno-hexagonal#breadcrumb"},"inLanguage":"es","potentialAction":[{"@type":"ReadAction","target":["https:\/\/comercializadoracrv.com\/?product=lavamanos-moderno-hexagonal"]}]},{"@type":"ImageObject","inLanguage":"es","@id":"https:\/\/comercializadoracrv.com\/?product=lavamanos-moderno-hexagonal#primaryimage","url":"https:\/\/comercializadoracrv.com\/wp-content\/uploads\/2024\/08\/51G0IAAd-rL._AC_UF8941000_QL80_.jpg","contentUrl":"https:\/\/comercializadoracrv.com\/wp-content\/uploads\/2024\/08\/51G0IAAd-rL._AC_UF8941000_QL80_.jpg","width":894,"height":894},{"@type":"BreadcrumbList","@id":"https:\/\/comercializadoracrv.com\/?product=lavamanos-moderno-hexagonal#breadcrumb","itemListElement":[{"@type":"ListItem","position":1,"name":"Portada","item":"https:\/\/comercializadoracrv.com\/"},{"@type":"ListItem","position":2,"name":"Shop","item":"https:\/\/comercializadoracrv.com\/?page_id=8"},{"@type":"ListItem","position":3,"name":"LAVAMANOS MODERNO HEXAGONAL"}]},{"@type":"WebSite","@id":"https:\/\/comercializadoracrv.com\/#website","url":"https:\/\/comercializadoracrv.com\/","name":"CRV Comercializadora","description":"Comercializadora","potentialAction":[{"@type":"SearchAction","target":{"@type":"EntryPoint","urlTemplate":"https:\/\/comercializadoracrv.com\/?s={search_term_string}"},"query-input":"required name=search_term_string"}],"inLanguage":"es"}]}},"_links":{"self":[{"href":"https:\/\/comercializadoracrv.com\/index.php?rest_route=\/wp\/v2\/product\/5849","targetHints":{"allow":["GET"]}}],"collection":[{"href":"https:\/\/comercializadoracrv.com\/index.php?rest_route=\/wp\/v2\/product"}],"about":[{"href":"https:\/\/comercializadoracrv.com\/index.php?rest_route=\/wp\/v2\/types\/product"}],"replies":[{"embeddable":true,"href":"https:\/\/comercializadoracrv.com\/index.php?rest_route=%2Fwp%2Fv2%2Fcomments&post=5849"}],"version-history":[{"count":2,"href":"https:\/\/comercializadoracrv.com\/index.php?rest_route=\/wp\/v2\/product\/5849\/revisions"}],"predecessor-version":[{"id":5876,"href":"https:\/\/comercializadoracrv.com\/index.php?rest_route=\/wp\/v2\/product\/5849\/revisions\/5876"}],"wp:featuredmedia":[{"embeddable":true,"href":"https:\/\/comercializadoracrv.com\/index.php?rest_route=\/wp\/v2\/media\/5852"}],"wp:attachment":[{"href":"https:\/\/comercializadoracrv.com\/index.php?rest_route=%2Fwp%2Fv2%2Fmedia&parent=5849"}],"wp:term":[{"taxonomy":"product_cat","embeddable":true,"href":"https:\/\/comercializadoracrv.com\/index.php?rest_route=%2Fwp%2Fv2%2Fproduct_cat&post=5849"},{"taxonomy":"product_tag","embeddable":true,"href":"https:\/\/comercializadoracrv.com\/index.php?rest_route=%2Fwp%2Fv2%2Fproduct_tag&post=5849"}],"curies":[{"name":"wp","href":"https:\/\/api.w.org\/{rel}","templated":true}]}}