{"id":5847,"date":"2024-08-07T00:46:50","date_gmt":"2024-08-07T00:46:50","guid":{"rendered":"https:\/\/desarrollosmoyan.com\/comercializadora\/?post_type=product&#038;p=5847"},"modified":"2026-02-10T12:49:10","modified_gmt":"2026-02-10T12:49:10","slug":"sanitario-siphonic-blanco","status":"publish","type":"product","link":"https:\/\/comercializadoracrv.com\/?product=sanitario-siphonic-blanco","title":{"rendered":"SANITARIO SIPHONIC BLANCO"},"content":{"rendered":"<p>El sanitario siphonic blanco es una opci\u00f3n destacada que combina funcionalidad efectiva con un dise\u00f1o est\u00e9tico cl\u00e1sico y duradero, convirti\u00e9ndolo en una elecci\u00f3n ideal tanto para ba\u00f1os residenciales como comerciales. Este sanitario est\u00e1 dise\u00f1ado para proporcionar un rendimiento \u00f3ptimo en t\u00e9rminos de limpieza y eficiencia del uso del agua, lo que lo convierte en una inversi\u00f3n pr\u00e1ctica y confiable.<\/p>\n<p>El dise\u00f1o siphonic del sanitario garantiza una descarga potente y eficiente, utilizando un mecanismo de sif\u00f3n que asegura una limpieza profunda con cada uso. Este sistema no solo mejora la eficiencia del lavado, sino que tambi\u00e9n minimiza el riesgo de obstrucciones, ofreciendo un mantenimiento m\u00e1s sencillo y menos frecuentes intervenciones. La tecnolog\u00eda de descarga eficiente contribuye a la conservaci\u00f3n del agua, haciendo del sanitario una opci\u00f3n eco-amigable que ayuda a reducir el consumo de agua y, por ende, los costos asociados.<\/p>\n","protected":false},"excerpt":{"rendered":"<p><b>\u00a0<\/b><span style=\"font-weight: 400;\">\u00a0El sanitario siphonic\u00a0 blanco combina funcionalidad efectiva con un dise\u00f1o est\u00e9tico cl\u00e1sico y duradero, ideal para integrar en cualquier ba\u00f1o residencial o comercial con el objetivo de mantener la limpieza y la eficiencia del agua.<\/span><\/p>\n","protected":false},"featured_media":6160,"comment_status":"open","ping_status":"closed","template":"","meta":{"_joinchat":[]},"product_cat":[227,232],"product_tag":[242],"class_list":{"0":"post-5847","1":"product","2":"type-product","3":"status-publish","4":"has-post-thumbnail","6":"product_cat-bano","7":"product_cat-sanitario","8":"product_tag-disenoclasico-eficienciaydurabilidad-sanitariosiphonic","10":"first","11":"instock","12":"shipping-taxable","13":"purchasable","14":"product-type-simple"},"yoast_head":"<!-- This site is optimized with the Yoast SEO Premium plugin v22.7 (Yoast SEO v23.3) - https:\/\/yoast.com\/wordpress\/plugins\/seo\/ -->\n<title>SANITARIO SIPHONIC BLANCO - CRV Comercializadora<\/title>\n<meta name=\"robots\" content=\"index, follow, max-snippet:-1, max-image-preview:large, max-video-preview:-1\" \/>\n<link rel=\"canonical\" href=\"https:\/\/comercializadoracrv.com\/?product=sanitario-siphonic-blanco\" \/>\n<meta property=\"og:locale\" content=\"es_ES\" \/>\n<meta property=\"og:type\" content=\"article\" \/>\n<meta property=\"og:title\" content=\"SANITARIO SIPHONIC BLANCO\" \/>\n<meta property=\"og:description\" content=\"\u00a0\u00a0El sanitario siphonic\u00a0 blanco combina funcionalidad efectiva con un dise\u00f1o est\u00e9tico cl\u00e1sico y duradero, ideal para integrar en cualquier ba\u00f1o residencial o comercial con el objetivo de mantener la limpieza y la eficiencia del agua.\" \/>\n<meta property=\"og:url\" content=\"https:\/\/comercializadoracrv.com\/?product=sanitario-siphonic-blanco\" \/>\n<meta property=\"og:site_name\" content=\"CRV Comercializadora\" \/>\n<meta property=\"article:modified_time\" content=\"2026-02-10T12:49:10+00:00\" \/>\n<meta property=\"og:image\" content=\"https:\/\/comercializadoracrv.com\/wp-content\/uploads\/2024\/08\/3fd5b64b491aa8f08cf25192c4d7b3ff.jpg\" \/>\n\t<meta property=\"og:image:width\" content=\"564\" \/>\n\t<meta property=\"og:image:height\" content=\"564\" \/>\n\t<meta property=\"og:image:type\" content=\"image\/jpeg\" \/>\n<meta name=\"twitter:card\" content=\"summary_large_image\" \/>\n<meta name=\"twitter:label1\" content=\"Est. reading time\" \/>\n\t<meta name=\"twitter:data1\" content=\"1 minuto\" \/>\n<script type=\"application\/ld+json\" class=\"yoast-schema-graph\">{\"@context\":\"https:\/\/schema.org\",\"@graph\":[{\"@type\":\"WebPage\",\"@id\":\"https:\/\/comercializadoracrv.com\/?product=sanitario-siphonic-blanco\",\"url\":\"https:\/\/comercializadoracrv.com\/?product=sanitario-siphonic-blanco\",\"name\":\"SANITARIO SIPHONIC BLANCO - CRV Comercializadora\",\"isPartOf\":{\"@id\":\"https:\/\/comercializadoracrv.com\/#website\"},\"primaryImageOfPage\":{\"@id\":\"https:\/\/comercializadoracrv.com\/?product=sanitario-siphonic-blanco#primaryimage\"},\"image\":{\"@id\":\"https:\/\/comercializadoracrv.com\/?product=sanitario-siphonic-blanco#primaryimage\"},\"thumbnailUrl\":\"https:\/\/comercializadoracrv.com\/wp-content\/uploads\/2024\/08\/3fd5b64b491aa8f08cf25192c4d7b3ff.jpg\",\"datePublished\":\"2024-08-07T00:46:50+00:00\",\"dateModified\":\"2026-02-10T12:49:10+00:00\",\"breadcrumb\":{\"@id\":\"https:\/\/comercializadoracrv.com\/?product=sanitario-siphonic-blanco#breadcrumb\"},\"inLanguage\":\"es\",\"potentialAction\":[{\"@type\":\"ReadAction\",\"target\":[\"https:\/\/comercializadoracrv.com\/?product=sanitario-siphonic-blanco\"]}]},{\"@type\":\"ImageObject\",\"inLanguage\":\"es\",\"@id\":\"https:\/\/comercializadoracrv.com\/?product=sanitario-siphonic-blanco#primaryimage\",\"url\":\"https:\/\/comercializadoracrv.com\/wp-content\/uploads\/2024\/08\/3fd5b64b491aa8f08cf25192c4d7b3ff.jpg\",\"contentUrl\":\"https:\/\/comercializadoracrv.com\/wp-content\/uploads\/2024\/08\/3fd5b64b491aa8f08cf25192c4d7b3ff.jpg\",\"width\":564,\"height\":564},{\"@type\":\"BreadcrumbList\",\"@id\":\"https:\/\/comercializadoracrv.com\/?product=sanitario-siphonic-blanco#breadcrumb\",\"itemListElement\":[{\"@type\":\"ListItem\",\"position\":1,\"name\":\"Portada\",\"item\":\"https:\/\/comercializadoracrv.com\/\"},{\"@type\":\"ListItem\",\"position\":2,\"name\":\"Shop\",\"item\":\"https:\/\/comercializadoracrv.com\/?page_id=8\"},{\"@type\":\"ListItem\",\"position\":3,\"name\":\"SANITARIO SIPHONIC BLANCO\"}]},{\"@type\":\"WebSite\",\"@id\":\"https:\/\/comercializadoracrv.com\/#website\",\"url\":\"https:\/\/comercializadoracrv.com\/\",\"name\":\"CRV Comercializadora\",\"description\":\"Comercializadora\",\"potentialAction\":[{\"@type\":\"SearchAction\",\"target\":{\"@type\":\"EntryPoint\",\"urlTemplate\":\"https:\/\/comercializadoracrv.com\/?s={search_term_string}\"},\"query-input\":\"required name=search_term_string\"}],\"inLanguage\":\"es\"}]}<\/script>\n<!-- \/ Yoast SEO Premium plugin. -->","yoast_head_json":{"title":"SANITARIO SIPHONIC BLANCO - CRV Comercializadora","robots":{"index":"index","follow":"follow","max-snippet":"max-snippet:-1","max-image-preview":"max-image-preview:large","max-video-preview":"max-video-preview:-1"},"canonical":"https:\/\/comercializadoracrv.com\/?product=sanitario-siphonic-blanco","og_locale":"es_ES","og_type":"article","og_title":"SANITARIO SIPHONIC BLANCO","og_description":"\u00a0\u00a0El sanitario siphonic\u00a0 blanco combina funcionalidad efectiva con un dise\u00f1o est\u00e9tico cl\u00e1sico y duradero, ideal para integrar en cualquier ba\u00f1o residencial o comercial con el objetivo de mantener la limpieza y la eficiencia del agua.","og_url":"https:\/\/comercializadoracrv.com\/?product=sanitario-siphonic-blanco","og_site_name":"CRV Comercializadora","article_modified_time":"2026-02-10T12:49:10+00:00","og_image":[{"width":564,"height":564,"url":"https:\/\/comercializadoracrv.com\/wp-content\/uploads\/2024\/08\/3fd5b64b491aa8f08cf25192c4d7b3ff.jpg","type":"image\/jpeg"}],"twitter_card":"summary_large_image","twitter_misc":{"Est. reading time":"1 minuto"},"schema":{"@context":"https:\/\/schema.org","@graph":[{"@type":"WebPage","@id":"https:\/\/comercializadoracrv.com\/?product=sanitario-siphonic-blanco","url":"https:\/\/comercializadoracrv.com\/?product=sanitario-siphonic-blanco","name":"SANITARIO SIPHONIC BLANCO - CRV Comercializadora","isPartOf":{"@id":"https:\/\/comercializadoracrv.com\/#website"},"primaryImageOfPage":{"@id":"https:\/\/comercializadoracrv.com\/?product=sanitario-siphonic-blanco#primaryimage"},"image":{"@id":"https:\/\/comercializadoracrv.com\/?product=sanitario-siphonic-blanco#primaryimage"},"thumbnailUrl":"https:\/\/comercializadoracrv.com\/wp-content\/uploads\/2024\/08\/3fd5b64b491aa8f08cf25192c4d7b3ff.jpg","datePublished":"2024-08-07T00:46:50+00:00","dateModified":"2026-02-10T12:49:10+00:00","breadcrumb":{"@id":"https:\/\/comercializadoracrv.com\/?product=sanitario-siphonic-blanco#breadcrumb"},"inLanguage":"es","potentialAction":[{"@type":"ReadAction","target":["https:\/\/comercializadoracrv.com\/?product=sanitario-siphonic-blanco"]}]},{"@type":"ImageObject","inLanguage":"es","@id":"https:\/\/comercializadoracrv.com\/?product=sanitario-siphonic-blanco#primaryimage","url":"https:\/\/comercializadoracrv.com\/wp-content\/uploads\/2024\/08\/3fd5b64b491aa8f08cf25192c4d7b3ff.jpg","contentUrl":"https:\/\/comercializadoracrv.com\/wp-content\/uploads\/2024\/08\/3fd5b64b491aa8f08cf25192c4d7b3ff.jpg","width":564,"height":564},{"@type":"BreadcrumbList","@id":"https:\/\/comercializadoracrv.com\/?product=sanitario-siphonic-blanco#breadcrumb","itemListElement":[{"@type":"ListItem","position":1,"name":"Portada","item":"https:\/\/comercializadoracrv.com\/"},{"@type":"ListItem","position":2,"name":"Shop","item":"https:\/\/comercializadoracrv.com\/?page_id=8"},{"@type":"ListItem","position":3,"name":"SANITARIO SIPHONIC BLANCO"}]},{"@type":"WebSite","@id":"https:\/\/comercializadoracrv.com\/#website","url":"https:\/\/comercializadoracrv.com\/","name":"CRV Comercializadora","description":"Comercializadora","potentialAction":[{"@type":"SearchAction","target":{"@type":"EntryPoint","urlTemplate":"https:\/\/comercializadoracrv.com\/?s={search_term_string}"},"query-input":"required name=search_term_string"}],"inLanguage":"es"}]}},"_links":{"self":[{"href":"https:\/\/comercializadoracrv.com\/index.php?rest_route=\/wp\/v2\/product\/5847","targetHints":{"allow":["GET"]}}],"collection":[{"href":"https:\/\/comercializadoracrv.com\/index.php?rest_route=\/wp\/v2\/product"}],"about":[{"href":"https:\/\/comercializadoracrv.com\/index.php?rest_route=\/wp\/v2\/types\/product"}],"replies":[{"embeddable":true,"href":"https:\/\/comercializadoracrv.com\/index.php?rest_route=%2Fwp%2Fv2%2Fcomments&post=5847"}],"version-history":[{"count":2,"href":"https:\/\/comercializadoracrv.com\/index.php?rest_route=\/wp\/v2\/product\/5847\/revisions"}],"predecessor-version":[{"id":5877,"href":"https:\/\/comercializadoracrv.com\/index.php?rest_route=\/wp\/v2\/product\/5847\/revisions\/5877"}],"wp:featuredmedia":[{"embeddable":true,"href":"https:\/\/comercializadoracrv.com\/index.php?rest_route=\/wp\/v2\/media\/6160"}],"wp:attachment":[{"href":"https:\/\/comercializadoracrv.com\/index.php?rest_route=%2Fwp%2Fv2%2Fmedia&parent=5847"}],"wp:term":[{"taxonomy":"product_cat","embeddable":true,"href":"https:\/\/comercializadoracrv.com\/index.php?rest_route=%2Fwp%2Fv2%2Fproduct_cat&post=5847"},{"taxonomy":"product_tag","embeddable":true,"href":"https:\/\/comercializadoracrv.com\/index.php?rest_route=%2Fwp%2Fv2%2Fproduct_tag&post=5847"}],"curies":[{"name":"wp","href":"https:\/\/api.w.org\/{rel}","templated":true}]}}