{"id":5844,"date":"2024-08-07T00:36:00","date_gmt":"2024-08-07T00:36:00","guid":{"rendered":"https:\/\/desarrollosmoyan.com\/comercializadora\/?post_type=product&#038;p=5844"},"modified":"2024-08-23T23:05:44","modified_gmt":"2024-08-23T23:05:44","slug":"sanitario-pulse-blanco","status":"publish","type":"product","link":"https:\/\/comercializadoracrv.com\/?product=sanitario-pulse-blanco","title":{"rendered":"SANITARIO  PULSE BLANCO"},"content":{"rendered":"<p>El sanitario Pulse blanco es la encarnaci\u00f3n perfecta de dise\u00f1o est\u00e9tico moderno, funcionalidad avanzada y durabilidad excepcional, convirti\u00e9ndolo en una opci\u00f3n ideal para quienes desean actualizar o renovar su ba\u00f1o con un toque de elegancia y eficiencia. Este sanitario se destaca no solo por su apariencia atractiva, sino tambi\u00e9n por las m\u00faltiples caracter\u00edsticas que mejoran la experiencia del usuario y garantizan un rendimiento superior a largo plazo.<\/p>\n<p>Con un dise\u00f1o estilizado y contempor\u00e1neo, el sanitario Pulse blanco aporta una est\u00e9tica limpia y sofisticada a cualquier ba\u00f1o. Su acabado en blanco brillante no solo es visualmente atractivo, sino que tambi\u00e9n se adapta f\u00e1cilmente a una amplia variedad de estilos de decoraci\u00f3n, desde lo minimalista hasta lo m\u00e1s lujoso. La forma ergon\u00f3mica del sanitario no solo es elegante, sino tambi\u00e9n funcional, proporcionando una comodidad \u00f3ptima para el usuario.<\/p>\n","protected":false},"excerpt":{"rendered":"<p><span style=\"font-weight: 400;\">\u00a0El sanitario Pulse blanco combina dise\u00f1o est\u00e9tico moderno, funcionalidad avanzada y durabilidad, siendo una opci\u00f3n ideal para actualizar o renovar cualquier ba\u00f1o con un toque de elegancia y eficiencia.<\/span><\/p>\n","protected":false},"featured_media":5845,"comment_status":"open","ping_status":"closed","template":"","meta":{"_joinchat":[]},"product_cat":[227,232],"product_tag":[241],"class_list":{"0":"post-5844","1":"product","2":"type-product","3":"status-publish","4":"has-post-thumbnail","6":"product_cat-bano","7":"product_cat-sanitario","8":"product_tag-eleganciamoderna-funcionalidadsuperior-durabilidadyestilo","10":"first","11":"instock","12":"shipping-taxable","13":"purchasable","14":"product-type-simple"},"yoast_head":"<!-- This site is optimized with the Yoast SEO Premium plugin v22.7 (Yoast SEO v23.3) - https:\/\/yoast.com\/wordpress\/plugins\/seo\/ -->\n<title>SANITARIO PULSE BLANCO - CRV Comercializadora<\/title>\n<meta name=\"robots\" content=\"index, follow, max-snippet:-1, max-image-preview:large, max-video-preview:-1\" \/>\n<link rel=\"canonical\" href=\"https:\/\/comercializadoracrv.com\/?product=sanitario-pulse-blanco\" \/>\n<meta property=\"og:locale\" content=\"es_ES\" \/>\n<meta property=\"og:type\" content=\"article\" \/>\n<meta property=\"og:title\" content=\"SANITARIO PULSE BLANCO\" \/>\n<meta property=\"og:description\" content=\"\u00a0El sanitario Pulse blanco combina dise\u00f1o est\u00e9tico moderno, funcionalidad avanzada y durabilidad, siendo una opci\u00f3n ideal para actualizar o renovar cualquier ba\u00f1o con un toque de elegancia y eficiencia.\" \/>\n<meta property=\"og:url\" content=\"https:\/\/comercializadoracrv.com\/?product=sanitario-pulse-blanco\" \/>\n<meta property=\"og:site_name\" content=\"CRV Comercializadora\" \/>\n<meta property=\"article:modified_time\" content=\"2024-08-23T23:05:44+00:00\" \/>\n<meta property=\"og:image\" content=\"https:\/\/comercializadoracrv.com\/wp-content\/uploads\/2024\/08\/IMAGEN3.jpg\" \/>\n\t<meta property=\"og:image:width\" content=\"229\" \/>\n\t<meta property=\"og:image:height\" content=\"210\" \/>\n\t<meta property=\"og:image:type\" content=\"image\/jpeg\" \/>\n<meta name=\"twitter:card\" content=\"summary_large_image\" \/>\n<meta name=\"twitter:label1\" content=\"Est. reading time\" \/>\n\t<meta name=\"twitter:data1\" content=\"1 minuto\" \/>\n<script type=\"application\/ld+json\" class=\"yoast-schema-graph\">{\"@context\":\"https:\/\/schema.org\",\"@graph\":[{\"@type\":\"WebPage\",\"@id\":\"https:\/\/comercializadoracrv.com\/?product=sanitario-pulse-blanco\",\"url\":\"https:\/\/comercializadoracrv.com\/?product=sanitario-pulse-blanco\",\"name\":\"SANITARIO PULSE BLANCO - CRV Comercializadora\",\"isPartOf\":{\"@id\":\"https:\/\/comercializadoracrv.com\/#website\"},\"primaryImageOfPage\":{\"@id\":\"https:\/\/comercializadoracrv.com\/?product=sanitario-pulse-blanco#primaryimage\"},\"image\":{\"@id\":\"https:\/\/comercializadoracrv.com\/?product=sanitario-pulse-blanco#primaryimage\"},\"thumbnailUrl\":\"https:\/\/comercializadoracrv.com\/wp-content\/uploads\/2024\/08\/IMAGEN3.jpg\",\"datePublished\":\"2024-08-07T00:36:00+00:00\",\"dateModified\":\"2024-08-23T23:05:44+00:00\",\"breadcrumb\":{\"@id\":\"https:\/\/comercializadoracrv.com\/?product=sanitario-pulse-blanco#breadcrumb\"},\"inLanguage\":\"es\",\"potentialAction\":[{\"@type\":\"ReadAction\",\"target\":[\"https:\/\/comercializadoracrv.com\/?product=sanitario-pulse-blanco\"]}]},{\"@type\":\"ImageObject\",\"inLanguage\":\"es\",\"@id\":\"https:\/\/comercializadoracrv.com\/?product=sanitario-pulse-blanco#primaryimage\",\"url\":\"https:\/\/comercializadoracrv.com\/wp-content\/uploads\/2024\/08\/IMAGEN3.jpg\",\"contentUrl\":\"https:\/\/comercializadoracrv.com\/wp-content\/uploads\/2024\/08\/IMAGEN3.jpg\",\"width\":229,\"height\":210},{\"@type\":\"BreadcrumbList\",\"@id\":\"https:\/\/comercializadoracrv.com\/?product=sanitario-pulse-blanco#breadcrumb\",\"itemListElement\":[{\"@type\":\"ListItem\",\"position\":1,\"name\":\"Portada\",\"item\":\"https:\/\/comercializadoracrv.com\/\"},{\"@type\":\"ListItem\",\"position\":2,\"name\":\"Shop\",\"item\":\"https:\/\/comercializadoracrv.com\/?page_id=8\"},{\"@type\":\"ListItem\",\"position\":3,\"name\":\"SANITARIO PULSE BLANCO\"}]},{\"@type\":\"WebSite\",\"@id\":\"https:\/\/comercializadoracrv.com\/#website\",\"url\":\"https:\/\/comercializadoracrv.com\/\",\"name\":\"CRV Comercializadora\",\"description\":\"Comercializadora\",\"potentialAction\":[{\"@type\":\"SearchAction\",\"target\":{\"@type\":\"EntryPoint\",\"urlTemplate\":\"https:\/\/comercializadoracrv.com\/?s={search_term_string}\"},\"query-input\":\"required name=search_term_string\"}],\"inLanguage\":\"es\"}]}<\/script>\n<!-- \/ Yoast SEO Premium plugin. -->","yoast_head_json":{"title":"SANITARIO PULSE BLANCO - CRV Comercializadora","robots":{"index":"index","follow":"follow","max-snippet":"max-snippet:-1","max-image-preview":"max-image-preview:large","max-video-preview":"max-video-preview:-1"},"canonical":"https:\/\/comercializadoracrv.com\/?product=sanitario-pulse-blanco","og_locale":"es_ES","og_type":"article","og_title":"SANITARIO PULSE BLANCO","og_description":"\u00a0El sanitario Pulse blanco combina dise\u00f1o est\u00e9tico moderno, funcionalidad avanzada y durabilidad, siendo una opci\u00f3n ideal para actualizar o renovar cualquier ba\u00f1o con un toque de elegancia y eficiencia.","og_url":"https:\/\/comercializadoracrv.com\/?product=sanitario-pulse-blanco","og_site_name":"CRV Comercializadora","article_modified_time":"2024-08-23T23:05:44+00:00","og_image":[{"width":229,"height":210,"url":"https:\/\/comercializadoracrv.com\/wp-content\/uploads\/2024\/08\/IMAGEN3.jpg","type":"image\/jpeg"}],"twitter_card":"summary_large_image","twitter_misc":{"Est. reading time":"1 minuto"},"schema":{"@context":"https:\/\/schema.org","@graph":[{"@type":"WebPage","@id":"https:\/\/comercializadoracrv.com\/?product=sanitario-pulse-blanco","url":"https:\/\/comercializadoracrv.com\/?product=sanitario-pulse-blanco","name":"SANITARIO PULSE BLANCO - CRV Comercializadora","isPartOf":{"@id":"https:\/\/comercializadoracrv.com\/#website"},"primaryImageOfPage":{"@id":"https:\/\/comercializadoracrv.com\/?product=sanitario-pulse-blanco#primaryimage"},"image":{"@id":"https:\/\/comercializadoracrv.com\/?product=sanitario-pulse-blanco#primaryimage"},"thumbnailUrl":"https:\/\/comercializadoracrv.com\/wp-content\/uploads\/2024\/08\/IMAGEN3.jpg","datePublished":"2024-08-07T00:36:00+00:00","dateModified":"2024-08-23T23:05:44+00:00","breadcrumb":{"@id":"https:\/\/comercializadoracrv.com\/?product=sanitario-pulse-blanco#breadcrumb"},"inLanguage":"es","potentialAction":[{"@type":"ReadAction","target":["https:\/\/comercializadoracrv.com\/?product=sanitario-pulse-blanco"]}]},{"@type":"ImageObject","inLanguage":"es","@id":"https:\/\/comercializadoracrv.com\/?product=sanitario-pulse-blanco#primaryimage","url":"https:\/\/comercializadoracrv.com\/wp-content\/uploads\/2024\/08\/IMAGEN3.jpg","contentUrl":"https:\/\/comercializadoracrv.com\/wp-content\/uploads\/2024\/08\/IMAGEN3.jpg","width":229,"height":210},{"@type":"BreadcrumbList","@id":"https:\/\/comercializadoracrv.com\/?product=sanitario-pulse-blanco#breadcrumb","itemListElement":[{"@type":"ListItem","position":1,"name":"Portada","item":"https:\/\/comercializadoracrv.com\/"},{"@type":"ListItem","position":2,"name":"Shop","item":"https:\/\/comercializadoracrv.com\/?page_id=8"},{"@type":"ListItem","position":3,"name":"SANITARIO PULSE BLANCO"}]},{"@type":"WebSite","@id":"https:\/\/comercializadoracrv.com\/#website","url":"https:\/\/comercializadoracrv.com\/","name":"CRV Comercializadora","description":"Comercializadora","potentialAction":[{"@type":"SearchAction","target":{"@type":"EntryPoint","urlTemplate":"https:\/\/comercializadoracrv.com\/?s={search_term_string}"},"query-input":"required name=search_term_string"}],"inLanguage":"es"}]}},"_links":{"self":[{"href":"https:\/\/comercializadoracrv.com\/index.php?rest_route=\/wp\/v2\/product\/5844","targetHints":{"allow":["GET"]}}],"collection":[{"href":"https:\/\/comercializadoracrv.com\/index.php?rest_route=\/wp\/v2\/product"}],"about":[{"href":"https:\/\/comercializadoracrv.com\/index.php?rest_route=\/wp\/v2\/types\/product"}],"replies":[{"embeddable":true,"href":"https:\/\/comercializadoracrv.com\/index.php?rest_route=%2Fwp%2Fv2%2Fcomments&post=5844"}],"version-history":[{"count":2,"href":"https:\/\/comercializadoracrv.com\/index.php?rest_route=\/wp\/v2\/product\/5844\/revisions"}],"predecessor-version":[{"id":5878,"href":"https:\/\/comercializadoracrv.com\/index.php?rest_route=\/wp\/v2\/product\/5844\/revisions\/5878"}],"wp:featuredmedia":[{"embeddable":true,"href":"https:\/\/comercializadoracrv.com\/index.php?rest_route=\/wp\/v2\/media\/5845"}],"wp:attachment":[{"href":"https:\/\/comercializadoracrv.com\/index.php?rest_route=%2Fwp%2Fv2%2Fmedia&parent=5844"}],"wp:term":[{"taxonomy":"product_cat","embeddable":true,"href":"https:\/\/comercializadoracrv.com\/index.php?rest_route=%2Fwp%2Fv2%2Fproduct_cat&post=5844"},{"taxonomy":"product_tag","embeddable":true,"href":"https:\/\/comercializadoracrv.com\/index.php?rest_route=%2Fwp%2Fv2%2Fproduct_tag&post=5844"}],"curies":[{"name":"wp","href":"https:\/\/api.w.org\/{rel}","templated":true}]}}