{"id":5838,"date":"2024-08-07T00:27:23","date_gmt":"2024-08-07T00:27:23","guid":{"rendered":"https:\/\/desarrollosmoyan.com\/comercializadora\/?post_type=product&#038;p=5838"},"modified":"2024-08-23T19:50:35","modified_gmt":"2024-08-23T19:50:35","slug":"sanitario-smart-color-blanco","status":"publish","type":"product","link":"https:\/\/comercializadoracrv.com\/?product=sanitario-smart-color-blanco","title":{"rendered":"SANITARIO SMART COLOR BLANCO"},"content":{"rendered":"<p>Dise\u00f1ado con tecnolog\u00eda avanzada y un enfoque en la comodidad del usuario, este sanitario no solo mejora la est\u00e9tica del ba\u00f1o, sino que tambi\u00e9n ofrece una serie de caracter\u00edsticas innovadoras que elevan la experiencia diaria.<\/p>\n<p>Fabricado con materiales de alta calidad, el sanitario Smart combina durabilidad y elegancia. Su dise\u00f1o limpio y estilizado se integra perfectamente en cualquier estilo de ba\u00f1o, aportando un toque de sofisticaci\u00f3n y modernidad. La superficie del sanitario es f\u00e1cil de limpiar, gracias a su acabado especial que repele manchas y bacterias, garantizando una higiene superior.<\/p>\n","protected":false},"excerpt":{"rendered":"<p><b>\u00a0<\/b><span style=\"font-weight: 400;\">El sanitario Smart es una opci\u00f3n moderna y funcional para ba\u00f1os contempor\u00e1neos.<\/span><\/p>\n","protected":false},"featured_media":6126,"comment_status":"open","ping_status":"closed","template":"","meta":{"_joinchat":[]},"product_cat":[227,232],"product_tag":[240],"class_list":{"0":"post-5838","1":"product","2":"type-product","3":"status-publish","4":"has-post-thumbnail","6":"product_cat-bano","7":"product_cat-sanitario","8":"product_tag-banointeligente-tecnologiaenelbano-confortyestilo","10":"first","11":"instock","12":"shipping-taxable","13":"purchasable","14":"product-type-simple"},"yoast_head":"<!-- This site is optimized with the Yoast SEO Premium plugin v22.7 (Yoast SEO v23.3) - https:\/\/yoast.com\/wordpress\/plugins\/seo\/ -->\n<title>SANITARIO SMART COLOR BLANCO - CRV Comercializadora<\/title>\n<meta name=\"robots\" content=\"index, follow, max-snippet:-1, max-image-preview:large, max-video-preview:-1\" \/>\n<link rel=\"canonical\" href=\"https:\/\/comercializadoracrv.com\/?product=sanitario-smart-color-blanco\" \/>\n<meta property=\"og:locale\" content=\"es_ES\" \/>\n<meta property=\"og:type\" content=\"article\" \/>\n<meta property=\"og:title\" content=\"SANITARIO SMART COLOR BLANCO\" \/>\n<meta property=\"og:description\" content=\"\u00a0El sanitario Smart es una opci\u00f3n moderna y funcional para ba\u00f1os contempor\u00e1neos.\" \/>\n<meta property=\"og:url\" content=\"https:\/\/comercializadoracrv.com\/?product=sanitario-smart-color-blanco\" \/>\n<meta property=\"og:site_name\" content=\"CRV Comercializadora\" \/>\n<meta property=\"article:modified_time\" content=\"2024-08-23T19:50:35+00:00\" \/>\n<meta property=\"og:image\" content=\"https:\/\/comercializadoracrv.com\/wp-content\/uploads\/2024\/08\/INODORO-INTELIGENTE.jpg\" \/>\n\t<meta property=\"og:image:width\" content=\"730\" \/>\n\t<meta property=\"og:image:height\" content=\"558\" \/>\n\t<meta property=\"og:image:type\" content=\"image\/jpeg\" \/>\n<meta name=\"twitter:card\" content=\"summary_large_image\" \/>\n<meta name=\"twitter:label1\" content=\"Est. reading time\" \/>\n\t<meta name=\"twitter:data1\" content=\"1 minuto\" \/>\n<script type=\"application\/ld+json\" class=\"yoast-schema-graph\">{\"@context\":\"https:\/\/schema.org\",\"@graph\":[{\"@type\":\"WebPage\",\"@id\":\"https:\/\/comercializadoracrv.com\/?product=sanitario-smart-color-blanco\",\"url\":\"https:\/\/comercializadoracrv.com\/?product=sanitario-smart-color-blanco\",\"name\":\"SANITARIO SMART COLOR BLANCO - CRV Comercializadora\",\"isPartOf\":{\"@id\":\"https:\/\/comercializadoracrv.com\/#website\"},\"primaryImageOfPage\":{\"@id\":\"https:\/\/comercializadoracrv.com\/?product=sanitario-smart-color-blanco#primaryimage\"},\"image\":{\"@id\":\"https:\/\/comercializadoracrv.com\/?product=sanitario-smart-color-blanco#primaryimage\"},\"thumbnailUrl\":\"https:\/\/comercializadoracrv.com\/wp-content\/uploads\/2024\/08\/INODORO-INTELIGENTE.jpg\",\"datePublished\":\"2024-08-07T00:27:23+00:00\",\"dateModified\":\"2024-08-23T19:50:35+00:00\",\"breadcrumb\":{\"@id\":\"https:\/\/comercializadoracrv.com\/?product=sanitario-smart-color-blanco#breadcrumb\"},\"inLanguage\":\"es\",\"potentialAction\":[{\"@type\":\"ReadAction\",\"target\":[\"https:\/\/comercializadoracrv.com\/?product=sanitario-smart-color-blanco\"]}]},{\"@type\":\"ImageObject\",\"inLanguage\":\"es\",\"@id\":\"https:\/\/comercializadoracrv.com\/?product=sanitario-smart-color-blanco#primaryimage\",\"url\":\"https:\/\/comercializadoracrv.com\/wp-content\/uploads\/2024\/08\/INODORO-INTELIGENTE.jpg\",\"contentUrl\":\"https:\/\/comercializadoracrv.com\/wp-content\/uploads\/2024\/08\/INODORO-INTELIGENTE.jpg\",\"width\":730,\"height\":558},{\"@type\":\"BreadcrumbList\",\"@id\":\"https:\/\/comercializadoracrv.com\/?product=sanitario-smart-color-blanco#breadcrumb\",\"itemListElement\":[{\"@type\":\"ListItem\",\"position\":1,\"name\":\"Portada\",\"item\":\"https:\/\/comercializadoracrv.com\/\"},{\"@type\":\"ListItem\",\"position\":2,\"name\":\"Shop\",\"item\":\"https:\/\/comercializadoracrv.com\/?page_id=8\"},{\"@type\":\"ListItem\",\"position\":3,\"name\":\"SANITARIO SMART COLOR BLANCO\"}]},{\"@type\":\"WebSite\",\"@id\":\"https:\/\/comercializadoracrv.com\/#website\",\"url\":\"https:\/\/comercializadoracrv.com\/\",\"name\":\"CRV Comercializadora\",\"description\":\"Comercializadora\",\"potentialAction\":[{\"@type\":\"SearchAction\",\"target\":{\"@type\":\"EntryPoint\",\"urlTemplate\":\"https:\/\/comercializadoracrv.com\/?s={search_term_string}\"},\"query-input\":\"required name=search_term_string\"}],\"inLanguage\":\"es\"}]}<\/script>\n<!-- \/ Yoast SEO Premium plugin. -->","yoast_head_json":{"title":"SANITARIO SMART COLOR BLANCO - CRV Comercializadora","robots":{"index":"index","follow":"follow","max-snippet":"max-snippet:-1","max-image-preview":"max-image-preview:large","max-video-preview":"max-video-preview:-1"},"canonical":"https:\/\/comercializadoracrv.com\/?product=sanitario-smart-color-blanco","og_locale":"es_ES","og_type":"article","og_title":"SANITARIO SMART COLOR BLANCO","og_description":"\u00a0El sanitario Smart es una opci\u00f3n moderna y funcional para ba\u00f1os contempor\u00e1neos.","og_url":"https:\/\/comercializadoracrv.com\/?product=sanitario-smart-color-blanco","og_site_name":"CRV Comercializadora","article_modified_time":"2024-08-23T19:50:35+00:00","og_image":[{"width":730,"height":558,"url":"https:\/\/comercializadoracrv.com\/wp-content\/uploads\/2024\/08\/INODORO-INTELIGENTE.jpg","type":"image\/jpeg"}],"twitter_card":"summary_large_image","twitter_misc":{"Est. reading time":"1 minuto"},"schema":{"@context":"https:\/\/schema.org","@graph":[{"@type":"WebPage","@id":"https:\/\/comercializadoracrv.com\/?product=sanitario-smart-color-blanco","url":"https:\/\/comercializadoracrv.com\/?product=sanitario-smart-color-blanco","name":"SANITARIO SMART COLOR BLANCO - CRV Comercializadora","isPartOf":{"@id":"https:\/\/comercializadoracrv.com\/#website"},"primaryImageOfPage":{"@id":"https:\/\/comercializadoracrv.com\/?product=sanitario-smart-color-blanco#primaryimage"},"image":{"@id":"https:\/\/comercializadoracrv.com\/?product=sanitario-smart-color-blanco#primaryimage"},"thumbnailUrl":"https:\/\/comercializadoracrv.com\/wp-content\/uploads\/2024\/08\/INODORO-INTELIGENTE.jpg","datePublished":"2024-08-07T00:27:23+00:00","dateModified":"2024-08-23T19:50:35+00:00","breadcrumb":{"@id":"https:\/\/comercializadoracrv.com\/?product=sanitario-smart-color-blanco#breadcrumb"},"inLanguage":"es","potentialAction":[{"@type":"ReadAction","target":["https:\/\/comercializadoracrv.com\/?product=sanitario-smart-color-blanco"]}]},{"@type":"ImageObject","inLanguage":"es","@id":"https:\/\/comercializadoracrv.com\/?product=sanitario-smart-color-blanco#primaryimage","url":"https:\/\/comercializadoracrv.com\/wp-content\/uploads\/2024\/08\/INODORO-INTELIGENTE.jpg","contentUrl":"https:\/\/comercializadoracrv.com\/wp-content\/uploads\/2024\/08\/INODORO-INTELIGENTE.jpg","width":730,"height":558},{"@type":"BreadcrumbList","@id":"https:\/\/comercializadoracrv.com\/?product=sanitario-smart-color-blanco#breadcrumb","itemListElement":[{"@type":"ListItem","position":1,"name":"Portada","item":"https:\/\/comercializadoracrv.com\/"},{"@type":"ListItem","position":2,"name":"Shop","item":"https:\/\/comercializadoracrv.com\/?page_id=8"},{"@type":"ListItem","position":3,"name":"SANITARIO SMART COLOR BLANCO"}]},{"@type":"WebSite","@id":"https:\/\/comercializadoracrv.com\/#website","url":"https:\/\/comercializadoracrv.com\/","name":"CRV Comercializadora","description":"Comercializadora","potentialAction":[{"@type":"SearchAction","target":{"@type":"EntryPoint","urlTemplate":"https:\/\/comercializadoracrv.com\/?s={search_term_string}"},"query-input":"required name=search_term_string"}],"inLanguage":"es"}]}},"_links":{"self":[{"href":"https:\/\/comercializadoracrv.com\/index.php?rest_route=\/wp\/v2\/product\/5838","targetHints":{"allow":["GET"]}}],"collection":[{"href":"https:\/\/comercializadoracrv.com\/index.php?rest_route=\/wp\/v2\/product"}],"about":[{"href":"https:\/\/comercializadoracrv.com\/index.php?rest_route=\/wp\/v2\/types\/product"}],"replies":[{"embeddable":true,"href":"https:\/\/comercializadoracrv.com\/index.php?rest_route=%2Fwp%2Fv2%2Fcomments&post=5838"}],"version-history":[{"count":3,"href":"https:\/\/comercializadoracrv.com\/index.php?rest_route=\/wp\/v2\/product\/5838\/revisions"}],"predecessor-version":[{"id":6127,"href":"https:\/\/comercializadoracrv.com\/index.php?rest_route=\/wp\/v2\/product\/5838\/revisions\/6127"}],"wp:featuredmedia":[{"embeddable":true,"href":"https:\/\/comercializadoracrv.com\/index.php?rest_route=\/wp\/v2\/media\/6126"}],"wp:attachment":[{"href":"https:\/\/comercializadoracrv.com\/index.php?rest_route=%2Fwp%2Fv2%2Fmedia&parent=5838"}],"wp:term":[{"taxonomy":"product_cat","embeddable":true,"href":"https:\/\/comercializadoracrv.com\/index.php?rest_route=%2Fwp%2Fv2%2Fproduct_cat&post=5838"},{"taxonomy":"product_tag","embeddable":true,"href":"https:\/\/comercializadoracrv.com\/index.php?rest_route=%2Fwp%2Fv2%2Fproduct_tag&post=5838"}],"curies":[{"name":"wp","href":"https:\/\/api.w.org\/{rel}","templated":true}]}}