{"id":5830,"date":"2024-08-06T23:11:00","date_gmt":"2024-08-06T23:11:00","guid":{"rendered":"https:\/\/desarrollosmoyan.com\/comercializadora\/?post_type=product&#038;p=5830"},"modified":"2024-08-22T23:00:15","modified_gmt":"2024-08-22T23:00:15","slug":"lavaplatos-high-quality-steel","status":"publish","type":"product","link":"https:\/\/comercializadoracrv.com\/?product=lavaplatos-high-quality-steel","title":{"rendered":"LAVAPLATOS HIGH QUALITY STEEL"},"content":{"rendered":"<p>El lavaplatos \u00abHigh Quality Steel\u00bb est\u00e1 dise\u00f1ado para ofrecer un rendimiento robusto y eficiente, capaz de manejar grandes cargas de platos y utensilios con facilidad. Su espacioso interior permite una organizaci\u00f3n \u00f3ptima, facilitando la limpieza y ahorrando tiempo en las tareas diarias. Equipado con tecnolog\u00edas avanzadas, este lavaplatos asegura un lavado exhaustivo y cuidadoso, eliminando incluso los residuos m\u00e1s dif\u00edciles sin da\u00f1ar los utensilios delicados.<\/p>\n","protected":false},"excerpt":{"rendered":"<p><span style=\"font-weight: 400;\">lavaplatos \u00abHigh Quality Steel\u00bb no solo es una pieza funcional esencial en la cocina, sino tambi\u00e9n una inversi\u00f3n duradera que combina rendimiento robusto con un dise\u00f1o est\u00e9tico atractivo, mejorando tanto la funcionalidad como la apariencia del espacio de cocina.<\/span><\/p>\n","protected":false},"featured_media":5831,"comment_status":"open","ping_status":"closed","template":"","meta":{"_joinchat":[]},"product_cat":[226,230],"product_tag":[237,238,236],"class_list":{"0":"post-5830","1":"product","2":"type-product","3":"status-publish","4":"has-post-thumbnail","6":"product_cat-cocina","7":"product_cat-lavaplatos","8":"product_tag-cocinamoderna","9":"product_tag-durabilidadgarantizada","10":"product_tag-eleganciayfuncionalidad","12":"first","13":"instock","14":"shipping-taxable","15":"purchasable","16":"product-type-simple"},"yoast_head":"<!-- This site is optimized with the Yoast SEO Premium plugin v22.7 (Yoast SEO v23.3) - https:\/\/yoast.com\/wordpress\/plugins\/seo\/ -->\n<title>LAVAPLATOS HIGH QUALITY STEEL - CRV Comercializadora<\/title>\n<meta name=\"robots\" content=\"index, follow, max-snippet:-1, max-image-preview:large, max-video-preview:-1\" \/>\n<link rel=\"canonical\" href=\"https:\/\/comercializadoracrv.com\/?product=lavaplatos-high-quality-steel\" \/>\n<meta property=\"og:locale\" content=\"es_ES\" \/>\n<meta property=\"og:type\" content=\"article\" \/>\n<meta property=\"og:title\" content=\"LAVAPLATOS HIGH QUALITY STEEL\" \/>\n<meta property=\"og:description\" content=\"lavaplatos &quot;High Quality Steel&quot; no solo es una pieza funcional esencial en la cocina, sino tambi\u00e9n una inversi\u00f3n duradera que combina rendimiento robusto con un dise\u00f1o est\u00e9tico atractivo, mejorando tanto la funcionalidad como la apariencia del espacio de cocina.\" \/>\n<meta property=\"og:url\" content=\"https:\/\/comercializadoracrv.com\/?product=lavaplatos-high-quality-steel\" \/>\n<meta property=\"og:site_name\" content=\"CRV Comercializadora\" \/>\n<meta property=\"article:modified_time\" content=\"2024-08-22T23:00:15+00:00\" \/>\n<meta property=\"og:image\" content=\"https:\/\/comercializadoracrv.com\/wp-content\/uploads\/2024\/08\/lavaplatos.jpg\" \/>\n\t<meta property=\"og:image:width\" content=\"425\" \/>\n\t<meta property=\"og:image:height\" content=\"224\" \/>\n\t<meta property=\"og:image:type\" content=\"image\/jpeg\" \/>\n<meta name=\"twitter:card\" content=\"summary_large_image\" \/>\n<meta name=\"twitter:label1\" content=\"Est. reading time\" \/>\n\t<meta name=\"twitter:data1\" content=\"1 minuto\" \/>\n<script type=\"application\/ld+json\" class=\"yoast-schema-graph\">{\"@context\":\"https:\/\/schema.org\",\"@graph\":[{\"@type\":\"WebPage\",\"@id\":\"https:\/\/comercializadoracrv.com\/?product=lavaplatos-high-quality-steel\",\"url\":\"https:\/\/comercializadoracrv.com\/?product=lavaplatos-high-quality-steel\",\"name\":\"LAVAPLATOS HIGH QUALITY STEEL - CRV Comercializadora\",\"isPartOf\":{\"@id\":\"https:\/\/comercializadoracrv.com\/#website\"},\"primaryImageOfPage\":{\"@id\":\"https:\/\/comercializadoracrv.com\/?product=lavaplatos-high-quality-steel#primaryimage\"},\"image\":{\"@id\":\"https:\/\/comercializadoracrv.com\/?product=lavaplatos-high-quality-steel#primaryimage\"},\"thumbnailUrl\":\"https:\/\/comercializadoracrv.com\/wp-content\/uploads\/2024\/08\/lavaplatos.jpg\",\"datePublished\":\"2024-08-06T23:11:00+00:00\",\"dateModified\":\"2024-08-22T23:00:15+00:00\",\"breadcrumb\":{\"@id\":\"https:\/\/comercializadoracrv.com\/?product=lavaplatos-high-quality-steel#breadcrumb\"},\"inLanguage\":\"es\",\"potentialAction\":[{\"@type\":\"ReadAction\",\"target\":[\"https:\/\/comercializadoracrv.com\/?product=lavaplatos-high-quality-steel\"]}]},{\"@type\":\"ImageObject\",\"inLanguage\":\"es\",\"@id\":\"https:\/\/comercializadoracrv.com\/?product=lavaplatos-high-quality-steel#primaryimage\",\"url\":\"https:\/\/comercializadoracrv.com\/wp-content\/uploads\/2024\/08\/lavaplatos.jpg\",\"contentUrl\":\"https:\/\/comercializadoracrv.com\/wp-content\/uploads\/2024\/08\/lavaplatos.jpg\",\"width\":425,\"height\":224},{\"@type\":\"BreadcrumbList\",\"@id\":\"https:\/\/comercializadoracrv.com\/?product=lavaplatos-high-quality-steel#breadcrumb\",\"itemListElement\":[{\"@type\":\"ListItem\",\"position\":1,\"name\":\"Portada\",\"item\":\"https:\/\/comercializadoracrv.com\/\"},{\"@type\":\"ListItem\",\"position\":2,\"name\":\"Shop\",\"item\":\"https:\/\/comercializadoracrv.com\/?page_id=8\"},{\"@type\":\"ListItem\",\"position\":3,\"name\":\"LAVAPLATOS HIGH QUALITY STEEL\"}]},{\"@type\":\"WebSite\",\"@id\":\"https:\/\/comercializadoracrv.com\/#website\",\"url\":\"https:\/\/comercializadoracrv.com\/\",\"name\":\"CRV Comercializadora\",\"description\":\"Comercializadora\",\"potentialAction\":[{\"@type\":\"SearchAction\",\"target\":{\"@type\":\"EntryPoint\",\"urlTemplate\":\"https:\/\/comercializadoracrv.com\/?s={search_term_string}\"},\"query-input\":\"required name=search_term_string\"}],\"inLanguage\":\"es\"}]}<\/script>\n<!-- \/ Yoast SEO Premium plugin. -->","yoast_head_json":{"title":"LAVAPLATOS HIGH QUALITY STEEL - CRV Comercializadora","robots":{"index":"index","follow":"follow","max-snippet":"max-snippet:-1","max-image-preview":"max-image-preview:large","max-video-preview":"max-video-preview:-1"},"canonical":"https:\/\/comercializadoracrv.com\/?product=lavaplatos-high-quality-steel","og_locale":"es_ES","og_type":"article","og_title":"LAVAPLATOS HIGH QUALITY STEEL","og_description":"lavaplatos \"High Quality Steel\" no solo es una pieza funcional esencial en la cocina, sino tambi\u00e9n una inversi\u00f3n duradera que combina rendimiento robusto con un dise\u00f1o est\u00e9tico atractivo, mejorando tanto la funcionalidad como la apariencia del espacio de cocina.","og_url":"https:\/\/comercializadoracrv.com\/?product=lavaplatos-high-quality-steel","og_site_name":"CRV Comercializadora","article_modified_time":"2024-08-22T23:00:15+00:00","og_image":[{"width":425,"height":224,"url":"https:\/\/comercializadoracrv.com\/wp-content\/uploads\/2024\/08\/lavaplatos.jpg","type":"image\/jpeg"}],"twitter_card":"summary_large_image","twitter_misc":{"Est. reading time":"1 minuto"},"schema":{"@context":"https:\/\/schema.org","@graph":[{"@type":"WebPage","@id":"https:\/\/comercializadoracrv.com\/?product=lavaplatos-high-quality-steel","url":"https:\/\/comercializadoracrv.com\/?product=lavaplatos-high-quality-steel","name":"LAVAPLATOS HIGH QUALITY STEEL - CRV Comercializadora","isPartOf":{"@id":"https:\/\/comercializadoracrv.com\/#website"},"primaryImageOfPage":{"@id":"https:\/\/comercializadoracrv.com\/?product=lavaplatos-high-quality-steel#primaryimage"},"image":{"@id":"https:\/\/comercializadoracrv.com\/?product=lavaplatos-high-quality-steel#primaryimage"},"thumbnailUrl":"https:\/\/comercializadoracrv.com\/wp-content\/uploads\/2024\/08\/lavaplatos.jpg","datePublished":"2024-08-06T23:11:00+00:00","dateModified":"2024-08-22T23:00:15+00:00","breadcrumb":{"@id":"https:\/\/comercializadoracrv.com\/?product=lavaplatos-high-quality-steel#breadcrumb"},"inLanguage":"es","potentialAction":[{"@type":"ReadAction","target":["https:\/\/comercializadoracrv.com\/?product=lavaplatos-high-quality-steel"]}]},{"@type":"ImageObject","inLanguage":"es","@id":"https:\/\/comercializadoracrv.com\/?product=lavaplatos-high-quality-steel#primaryimage","url":"https:\/\/comercializadoracrv.com\/wp-content\/uploads\/2024\/08\/lavaplatos.jpg","contentUrl":"https:\/\/comercializadoracrv.com\/wp-content\/uploads\/2024\/08\/lavaplatos.jpg","width":425,"height":224},{"@type":"BreadcrumbList","@id":"https:\/\/comercializadoracrv.com\/?product=lavaplatos-high-quality-steel#breadcrumb","itemListElement":[{"@type":"ListItem","position":1,"name":"Portada","item":"https:\/\/comercializadoracrv.com\/"},{"@type":"ListItem","position":2,"name":"Shop","item":"https:\/\/comercializadoracrv.com\/?page_id=8"},{"@type":"ListItem","position":3,"name":"LAVAPLATOS HIGH QUALITY STEEL"}]},{"@type":"WebSite","@id":"https:\/\/comercializadoracrv.com\/#website","url":"https:\/\/comercializadoracrv.com\/","name":"CRV Comercializadora","description":"Comercializadora","potentialAction":[{"@type":"SearchAction","target":{"@type":"EntryPoint","urlTemplate":"https:\/\/comercializadoracrv.com\/?s={search_term_string}"},"query-input":"required name=search_term_string"}],"inLanguage":"es"}]}},"_links":{"self":[{"href":"https:\/\/comercializadoracrv.com\/index.php?rest_route=\/wp\/v2\/product\/5830","targetHints":{"allow":["GET"]}}],"collection":[{"href":"https:\/\/comercializadoracrv.com\/index.php?rest_route=\/wp\/v2\/product"}],"about":[{"href":"https:\/\/comercializadoracrv.com\/index.php?rest_route=\/wp\/v2\/types\/product"}],"replies":[{"embeddable":true,"href":"https:\/\/comercializadoracrv.com\/index.php?rest_route=%2Fwp%2Fv2%2Fcomments&post=5830"}],"version-history":[{"count":2,"href":"https:\/\/comercializadoracrv.com\/index.php?rest_route=\/wp\/v2\/product\/5830\/revisions"}],"predecessor-version":[{"id":5881,"href":"https:\/\/comercializadoracrv.com\/index.php?rest_route=\/wp\/v2\/product\/5830\/revisions\/5881"}],"wp:featuredmedia":[{"embeddable":true,"href":"https:\/\/comercializadoracrv.com\/index.php?rest_route=\/wp\/v2\/media\/5831"}],"wp:attachment":[{"href":"https:\/\/comercializadoracrv.com\/index.php?rest_route=%2Fwp%2Fv2%2Fmedia&parent=5830"}],"wp:term":[{"taxonomy":"product_cat","embeddable":true,"href":"https:\/\/comercializadoracrv.com\/index.php?rest_route=%2Fwp%2Fv2%2Fproduct_cat&post=5830"},{"taxonomy":"product_tag","embeddable":true,"href":"https:\/\/comercializadoracrv.com\/index.php?rest_route=%2Fwp%2Fv2%2Fproduct_tag&post=5830"}],"curies":[{"name":"wp","href":"https:\/\/api.w.org\/{rel}","templated":true}]}}