{"id":5683,"date":"2024-06-29T17:31:36","date_gmt":"2024-06-29T17:31:36","guid":{"rendered":"https:\/\/desarrollosmoyan.com\/comercializadora\/?post_type=product&#038;p=5683"},"modified":"2024-08-22T22:56:07","modified_gmt":"2024-08-22T22:56:07","slug":"mosaico-de-vidrio-crystalglass","status":"publish","type":"product","link":"https:\/\/comercializadoracrv.com\/?product=mosaico-de-vidrio-crystalglass","title":{"rendered":"PORCEL\u00c1NATO ESTILO  M\u00c1RMOL COLOR GRIS m2"},"content":{"rendered":"<p>El porcelanato gris es una elecci\u00f3n elegante y vers\u00e1til para revestimientos y pisos, que se destaca por su capacidad de transformar cualquier espacio en un ambiente moderno y sofisticado. Su color gris neutro abarca una amplia gama de tonalidades, desde los grises m\u00e1s claros y suaves hasta los tonos oscuros y profundos, lo que permite una gran flexibilidad a la hora de dise\u00f1ar y decorar diferentes ambientes.<\/p>\n<p>La superficie del porcelanato gris puede presentar diversos acabados, desde un pulido brillante y liso que proporciona un toque de lujo y refinamiento, hasta un mate m\u00e1s discreto y sobrio que a\u00f1ade un aire de serenidad y elegancia. Estos acabados no solo contribuyen a su est\u00e9tica atractiva, sino que tambi\u00e9n hacen que el porcelanato sea extremadamente f\u00e1cil de limpiar y mantener, ideal para quienes buscan practicidad sin sacrificar el estilo.<\/p>\n","protected":false},"excerpt":{"rendered":"<p><span style=\"font-weight: 400;\">\u00a0El porcelanato gris\u00a0 una opci\u00f3n elegante y vers\u00e1til para revestimientos y pisos. Su color gris neutro puede variar desde tonos m\u00e1s claros hasta grises oscuros, ofreciendo una apariencia contempor\u00e1nea y sofisticada. La superficie del porcelanato suele ser lisa y brillante, lo que le confiere un acabado elegante y f\u00e1cil de limpiar. Adem\u00e1s de su est\u00e9tica atractiva, el porcelanato gris es conocido por su durabilidad y resistencia, siendo una opci\u00f3n popular tanto para interiores como exteriores debido a su capacidad para resistir el desgaste.<\/span><\/p>\n","protected":false},"featured_media":5796,"comment_status":"open","ping_status":"closed","template":"","meta":{"_joinchat":[]},"product_cat":[227,226,182,228,229],"product_tag":[222,221,220,223,217],"class_list":{"0":"post-5683","1":"product","2":"type-product","3":"status-publish","4":"has-post-thumbnail","6":"product_cat-bano","7":"product_cat-cocina","8":"product_cat-enchapes","9":"product_cat-piedra-sintetica","10":"product_cat-piedra-sintetica-cocina","11":"product_tag-brilloytransparencia","12":"product_tag-decoracionmoderna","13":"product_tag-mosaicosdevidrio","14":"product_tag-personalizaciondediseno","15":"product_tag-resistentealagua","17":"first","18":"instock","19":"shipping-taxable","20":"purchasable","21":"product-type-simple"},"yoast_head":"<!-- This site is optimized with the Yoast SEO Premium plugin v22.7 (Yoast SEO v23.3) - https:\/\/yoast.com\/wordpress\/plugins\/seo\/ -->\n<title>PORCEL\u00c1NATO ESTILO M\u00c1RMOL COLOR GRIS m2 - CRV Comercializadora<\/title>\n<meta name=\"robots\" content=\"index, follow, max-snippet:-1, max-image-preview:large, max-video-preview:-1\" \/>\n<link rel=\"canonical\" href=\"https:\/\/comercializadoracrv.com\/?product=mosaico-de-vidrio-crystalglass\" \/>\n<meta property=\"og:locale\" content=\"es_ES\" \/>\n<meta property=\"og:type\" content=\"article\" \/>\n<meta property=\"og:title\" content=\"PORCEL\u00c1NATO ESTILO M\u00c1RMOL COLOR GRIS m2\" \/>\n<meta property=\"og:description\" content=\"\u00a0El porcelanato gris\u00a0 una opci\u00f3n elegante y vers\u00e1til para revestimientos y pisos. Su color gris neutro puede variar desde tonos m\u00e1s claros hasta grises oscuros, ofreciendo una apariencia contempor\u00e1nea y sofisticada. La superficie del porcelanato suele ser lisa y brillante, lo que le confiere un acabado elegante y f\u00e1cil de limpiar. Adem\u00e1s de su est\u00e9tica atractiva, el porcelanato gris es conocido por su durabilidad y resistencia, siendo una opci\u00f3n popular tanto para interiores como exteriores debido a su capacidad para resistir el desgaste.\" \/>\n<meta property=\"og:url\" content=\"https:\/\/comercializadoracrv.com\/?product=mosaico-de-vidrio-crystalglass\" \/>\n<meta property=\"og:site_name\" content=\"CRV Comercializadora\" \/>\n<meta property=\"article:modified_time\" content=\"2024-08-22T22:56:07+00:00\" \/>\n<meta property=\"og:image\" content=\"https:\/\/comercializadoracrv.com\/wp-content\/uploads\/2024\/06\/6ae38de046b0e4db2b78630cca14b15a.jpg\" \/>\n\t<meta property=\"og:image:width\" content=\"564\" \/>\n\t<meta property=\"og:image:height\" content=\"705\" \/>\n\t<meta property=\"og:image:type\" content=\"image\/jpeg\" \/>\n<meta name=\"twitter:card\" content=\"summary_large_image\" \/>\n<meta name=\"twitter:label1\" content=\"Est. reading time\" \/>\n\t<meta name=\"twitter:data1\" content=\"1 minuto\" \/>\n<script type=\"application\/ld+json\" class=\"yoast-schema-graph\">{\"@context\":\"https:\/\/schema.org\",\"@graph\":[{\"@type\":\"WebPage\",\"@id\":\"https:\/\/comercializadoracrv.com\/?product=mosaico-de-vidrio-crystalglass\",\"url\":\"https:\/\/comercializadoracrv.com\/?product=mosaico-de-vidrio-crystalglass\",\"name\":\"PORCEL\u00c1NATO ESTILO M\u00c1RMOL COLOR GRIS m2 - CRV Comercializadora\",\"isPartOf\":{\"@id\":\"https:\/\/comercializadoracrv.com\/#website\"},\"primaryImageOfPage\":{\"@id\":\"https:\/\/comercializadoracrv.com\/?product=mosaico-de-vidrio-crystalglass#primaryimage\"},\"image\":{\"@id\":\"https:\/\/comercializadoracrv.com\/?product=mosaico-de-vidrio-crystalglass#primaryimage\"},\"thumbnailUrl\":\"https:\/\/comercializadoracrv.com\/wp-content\/uploads\/2024\/06\/6ae38de046b0e4db2b78630cca14b15a.jpg\",\"datePublished\":\"2024-06-29T17:31:36+00:00\",\"dateModified\":\"2024-08-22T22:56:07+00:00\",\"breadcrumb\":{\"@id\":\"https:\/\/comercializadoracrv.com\/?product=mosaico-de-vidrio-crystalglass#breadcrumb\"},\"inLanguage\":\"es\",\"potentialAction\":[{\"@type\":\"ReadAction\",\"target\":[\"https:\/\/comercializadoracrv.com\/?product=mosaico-de-vidrio-crystalglass\"]}]},{\"@type\":\"ImageObject\",\"inLanguage\":\"es\",\"@id\":\"https:\/\/comercializadoracrv.com\/?product=mosaico-de-vidrio-crystalglass#primaryimage\",\"url\":\"https:\/\/comercializadoracrv.com\/wp-content\/uploads\/2024\/06\/6ae38de046b0e4db2b78630cca14b15a.jpg\",\"contentUrl\":\"https:\/\/comercializadoracrv.com\/wp-content\/uploads\/2024\/06\/6ae38de046b0e4db2b78630cca14b15a.jpg\",\"width\":564,\"height\":705},{\"@type\":\"BreadcrumbList\",\"@id\":\"https:\/\/comercializadoracrv.com\/?product=mosaico-de-vidrio-crystalglass#breadcrumb\",\"itemListElement\":[{\"@type\":\"ListItem\",\"position\":1,\"name\":\"Portada\",\"item\":\"https:\/\/comercializadoracrv.com\/\"},{\"@type\":\"ListItem\",\"position\":2,\"name\":\"Shop\",\"item\":\"https:\/\/comercializadoracrv.com\/?page_id=8\"},{\"@type\":\"ListItem\",\"position\":3,\"name\":\"PORCEL\u00c1NATO ESTILO M\u00c1RMOL COLOR GRIS m2\"}]},{\"@type\":\"WebSite\",\"@id\":\"https:\/\/comercializadoracrv.com\/#website\",\"url\":\"https:\/\/comercializadoracrv.com\/\",\"name\":\"CRV Comercializadora\",\"description\":\"Comercializadora\",\"potentialAction\":[{\"@type\":\"SearchAction\",\"target\":{\"@type\":\"EntryPoint\",\"urlTemplate\":\"https:\/\/comercializadoracrv.com\/?s={search_term_string}\"},\"query-input\":\"required name=search_term_string\"}],\"inLanguage\":\"es\"}]}<\/script>\n<!-- \/ Yoast SEO Premium plugin. -->","yoast_head_json":{"title":"PORCEL\u00c1NATO ESTILO M\u00c1RMOL COLOR GRIS m2 - CRV Comercializadora","robots":{"index":"index","follow":"follow","max-snippet":"max-snippet:-1","max-image-preview":"max-image-preview:large","max-video-preview":"max-video-preview:-1"},"canonical":"https:\/\/comercializadoracrv.com\/?product=mosaico-de-vidrio-crystalglass","og_locale":"es_ES","og_type":"article","og_title":"PORCEL\u00c1NATO ESTILO M\u00c1RMOL COLOR GRIS m2","og_description":"\u00a0El porcelanato gris\u00a0 una opci\u00f3n elegante y vers\u00e1til para revestimientos y pisos. Su color gris neutro puede variar desde tonos m\u00e1s claros hasta grises oscuros, ofreciendo una apariencia contempor\u00e1nea y sofisticada. La superficie del porcelanato suele ser lisa y brillante, lo que le confiere un acabado elegante y f\u00e1cil de limpiar. Adem\u00e1s de su est\u00e9tica atractiva, el porcelanato gris es conocido por su durabilidad y resistencia, siendo una opci\u00f3n popular tanto para interiores como exteriores debido a su capacidad para resistir el desgaste.","og_url":"https:\/\/comercializadoracrv.com\/?product=mosaico-de-vidrio-crystalglass","og_site_name":"CRV Comercializadora","article_modified_time":"2024-08-22T22:56:07+00:00","og_image":[{"width":564,"height":705,"url":"https:\/\/comercializadoracrv.com\/wp-content\/uploads\/2024\/06\/6ae38de046b0e4db2b78630cca14b15a.jpg","type":"image\/jpeg"}],"twitter_card":"summary_large_image","twitter_misc":{"Est. reading time":"1 minuto"},"schema":{"@context":"https:\/\/schema.org","@graph":[{"@type":"WebPage","@id":"https:\/\/comercializadoracrv.com\/?product=mosaico-de-vidrio-crystalglass","url":"https:\/\/comercializadoracrv.com\/?product=mosaico-de-vidrio-crystalglass","name":"PORCEL\u00c1NATO ESTILO M\u00c1RMOL COLOR GRIS m2 - CRV Comercializadora","isPartOf":{"@id":"https:\/\/comercializadoracrv.com\/#website"},"primaryImageOfPage":{"@id":"https:\/\/comercializadoracrv.com\/?product=mosaico-de-vidrio-crystalglass#primaryimage"},"image":{"@id":"https:\/\/comercializadoracrv.com\/?product=mosaico-de-vidrio-crystalglass#primaryimage"},"thumbnailUrl":"https:\/\/comercializadoracrv.com\/wp-content\/uploads\/2024\/06\/6ae38de046b0e4db2b78630cca14b15a.jpg","datePublished":"2024-06-29T17:31:36+00:00","dateModified":"2024-08-22T22:56:07+00:00","breadcrumb":{"@id":"https:\/\/comercializadoracrv.com\/?product=mosaico-de-vidrio-crystalglass#breadcrumb"},"inLanguage":"es","potentialAction":[{"@type":"ReadAction","target":["https:\/\/comercializadoracrv.com\/?product=mosaico-de-vidrio-crystalglass"]}]},{"@type":"ImageObject","inLanguage":"es","@id":"https:\/\/comercializadoracrv.com\/?product=mosaico-de-vidrio-crystalglass#primaryimage","url":"https:\/\/comercializadoracrv.com\/wp-content\/uploads\/2024\/06\/6ae38de046b0e4db2b78630cca14b15a.jpg","contentUrl":"https:\/\/comercializadoracrv.com\/wp-content\/uploads\/2024\/06\/6ae38de046b0e4db2b78630cca14b15a.jpg","width":564,"height":705},{"@type":"BreadcrumbList","@id":"https:\/\/comercializadoracrv.com\/?product=mosaico-de-vidrio-crystalglass#breadcrumb","itemListElement":[{"@type":"ListItem","position":1,"name":"Portada","item":"https:\/\/comercializadoracrv.com\/"},{"@type":"ListItem","position":2,"name":"Shop","item":"https:\/\/comercializadoracrv.com\/?page_id=8"},{"@type":"ListItem","position":3,"name":"PORCEL\u00c1NATO ESTILO M\u00c1RMOL COLOR GRIS m2"}]},{"@type":"WebSite","@id":"https:\/\/comercializadoracrv.com\/#website","url":"https:\/\/comercializadoracrv.com\/","name":"CRV Comercializadora","description":"Comercializadora","potentialAction":[{"@type":"SearchAction","target":{"@type":"EntryPoint","urlTemplate":"https:\/\/comercializadoracrv.com\/?s={search_term_string}"},"query-input":"required name=search_term_string"}],"inLanguage":"es"}]}},"_links":{"self":[{"href":"https:\/\/comercializadoracrv.com\/index.php?rest_route=\/wp\/v2\/product\/5683","targetHints":{"allow":["GET"]}}],"collection":[{"href":"https:\/\/comercializadoracrv.com\/index.php?rest_route=\/wp\/v2\/product"}],"about":[{"href":"https:\/\/comercializadoracrv.com\/index.php?rest_route=\/wp\/v2\/types\/product"}],"replies":[{"embeddable":true,"href":"https:\/\/comercializadoracrv.com\/index.php?rest_route=%2Fwp%2Fv2%2Fcomments&post=5683"}],"version-history":[{"count":7,"href":"https:\/\/comercializadoracrv.com\/index.php?rest_route=\/wp\/v2\/product\/5683\/revisions"}],"predecessor-version":[{"id":6100,"href":"https:\/\/comercializadoracrv.com\/index.php?rest_route=\/wp\/v2\/product\/5683\/revisions\/6100"}],"wp:featuredmedia":[{"embeddable":true,"href":"https:\/\/comercializadoracrv.com\/index.php?rest_route=\/wp\/v2\/media\/5796"}],"wp:attachment":[{"href":"https:\/\/comercializadoracrv.com\/index.php?rest_route=%2Fwp%2Fv2%2Fmedia&parent=5683"}],"wp:term":[{"taxonomy":"product_cat","embeddable":true,"href":"https:\/\/comercializadoracrv.com\/index.php?rest_route=%2Fwp%2Fv2%2Fproduct_cat&post=5683"},{"taxonomy":"product_tag","embeddable":true,"href":"https:\/\/comercializadoracrv.com\/index.php?rest_route=%2Fwp%2Fv2%2Fproduct_tag&post=5683"}],"curies":[{"name":"wp","href":"https:\/\/api.w.org\/{rel}","templated":true}]}}