{"id":5663,"date":"2024-06-29T16:45:19","date_gmt":"2024-06-29T16:45:19","guid":{"rendered":"https:\/\/desarrollosmoyan.com\/comercializadora\/?post_type=product&#038;p=5663"},"modified":"2024-08-22T22:53:53","modified_gmt":"2024-08-22T22:53:53","slug":"puerta-corrediza-de-aluminio-secureglide","status":"publish","type":"product","link":"https:\/\/comercializadoracrv.com\/?product=puerta-corrediza-de-aluminio-secureglide","title":{"rendered":"MOSAICO AZUL m2"},"content":{"rendered":"<p>El mosaico azul para piscina es una elecci\u00f3n sofisticada y vers\u00e1til para el revestimiento interior de piscinas, proporcionando una combinaci\u00f3n de belleza est\u00e9tica y funcionalidad. Estos mosaicos, disponibles en materiales como cer\u00e1mica, vidrio o piedra, se destacan por su amplia gama de tonos azules, que van desde los suaves celestes hasta los profundos marinos.<\/p>\n<p>El uso de mosaicos azules transforma el interior de la piscina, creando un ambiente visualmente atractivo y acogedor. Los tonos azules tienen la capacidad de reflejar la luz del sol de manera deslumbrante, lo que da a la piscina un aspecto brillante y cristalino. Esta capacidad de reflexi\u00f3n no solo mejora la apariencia del agua, haci\u00e9ndola parecer m\u00e1s clara y limpia, sino que tambi\u00e9n aporta una sensaci\u00f3n de frescura y serenidad al entorno.<\/p>\n<p>&nbsp;<\/p>\n","protected":false},"excerpt":{"rendered":"<p><span style=\"font-weight: 400;\">Un mosaico azul para piscina es una opci\u00f3n elegante y funcional para decorar el revestimiento interior de una piscina. Estos mosaicos suelen estar hechos de cer\u00e1mica, vidrio o incluso piedra, y se caracterizan por sus tonos azules que van desde los m\u00e1s claros hasta los m\u00e1s intensos.\u00a0<\/span><\/p>\n<p><span style=\"font-weight: 400;\">Estos mosaicos no solo a\u00f1aden un toque est\u00e9tico atractivo, sino que tambi\u00e9n ofrecen diversas ventajas pr\u00e1cticas. Por ejemplo, su superficie es resistente a las manchas y f\u00e1cil de limpiar, lo cual es ideal para mantener la piscina en condiciones \u00f3ptimas. Adem\u00e1s, el color azul del mosaico contribuye a reflejar la luz del sol de una manera agradable, dando a la piscina un aspecto brillante y acogedor.<\/span><\/p>\n","protected":false},"featured_media":5818,"comment_status":"open","ping_status":"closed","template":"","meta":{"_joinchat":[]},"product_cat":[182,225,224],"product_tag":[211,214,213,210,212],"class_list":{"0":"post-5663","1":"product","2":"type-product","3":"status-publish","4":"has-post-thumbnail","6":"product_cat-enchapes","7":"product_cat-mosaicos-piscina","8":"product_cat-piscinas","9":"product_tag-aluminioextruido","10":"product_tag-disenocontemporaneo","11":"product_tag-espacioscomerciales","12":"product_tag-puertascorredizas","13":"product_tag-seguridadresidencial","15":"first","16":"instock","17":"shipping-taxable","18":"purchasable","19":"product-type-simple"},"yoast_head":"<!-- This site is optimized with the Yoast SEO Premium plugin v22.7 (Yoast SEO v23.3) - https:\/\/yoast.com\/wordpress\/plugins\/seo\/ -->\n<title>MOSAICO AZUL m2 - CRV Comercializadora<\/title>\n<meta name=\"robots\" content=\"index, follow, max-snippet:-1, max-image-preview:large, max-video-preview:-1\" \/>\n<link rel=\"canonical\" href=\"https:\/\/comercializadoracrv.com\/?product=puerta-corrediza-de-aluminio-secureglide\" \/>\n<meta property=\"og:locale\" content=\"es_ES\" \/>\n<meta property=\"og:type\" content=\"article\" \/>\n<meta property=\"og:title\" content=\"MOSAICO AZUL m2\" \/>\n<meta property=\"og:description\" content=\"Un mosaico azul para piscina es una opci\u00f3n elegante y funcional para decorar el revestimiento interior de una piscina. Estos mosaicos suelen estar hechos de cer\u00e1mica, vidrio o incluso piedra, y se caracterizan por sus tonos azules que van desde los m\u00e1s claros hasta los m\u00e1s intensos.\u00a0  Estos mosaicos no solo a\u00f1aden un toque est\u00e9tico atractivo, sino que tambi\u00e9n ofrecen diversas ventajas pr\u00e1cticas. Por ejemplo, su superficie es resistente a las manchas y f\u00e1cil de limpiar, lo cual es ideal para mantener la piscina en condiciones \u00f3ptimas. Adem\u00e1s, el color azul del mosaico contribuye a reflejar la luz del sol de una manera agradable, dando a la piscina un aspecto brillante y acogedor.\" \/>\n<meta property=\"og:url\" content=\"https:\/\/comercializadoracrv.com\/?product=puerta-corrediza-de-aluminio-secureglide\" \/>\n<meta property=\"og:site_name\" content=\"CRV Comercializadora\" \/>\n<meta property=\"article:modified_time\" content=\"2024-08-22T22:53:53+00:00\" \/>\n<meta property=\"og:image\" content=\"https:\/\/comercializadoracrv.com\/wp-content\/uploads\/2024\/06\/42df59204f749e1de6bccb0991fc8aed-1.jpg\" \/>\n\t<meta property=\"og:image:width\" content=\"564\" \/>\n\t<meta property=\"og:image:height\" content=\"752\" \/>\n\t<meta property=\"og:image:type\" content=\"image\/jpeg\" \/>\n<meta name=\"twitter:card\" content=\"summary_large_image\" \/>\n<meta name=\"twitter:label1\" content=\"Est. reading time\" \/>\n\t<meta name=\"twitter:data1\" content=\"1 minuto\" \/>\n<script type=\"application\/ld+json\" class=\"yoast-schema-graph\">{\"@context\":\"https:\/\/schema.org\",\"@graph\":[{\"@type\":\"WebPage\",\"@id\":\"https:\/\/comercializadoracrv.com\/?product=puerta-corrediza-de-aluminio-secureglide\",\"url\":\"https:\/\/comercializadoracrv.com\/?product=puerta-corrediza-de-aluminio-secureglide\",\"name\":\"MOSAICO AZUL m2 - CRV Comercializadora\",\"isPartOf\":{\"@id\":\"https:\/\/comercializadoracrv.com\/#website\"},\"primaryImageOfPage\":{\"@id\":\"https:\/\/comercializadoracrv.com\/?product=puerta-corrediza-de-aluminio-secureglide#primaryimage\"},\"image\":{\"@id\":\"https:\/\/comercializadoracrv.com\/?product=puerta-corrediza-de-aluminio-secureglide#primaryimage\"},\"thumbnailUrl\":\"https:\/\/comercializadoracrv.com\/wp-content\/uploads\/2024\/06\/42df59204f749e1de6bccb0991fc8aed-1.jpg\",\"datePublished\":\"2024-06-29T16:45:19+00:00\",\"dateModified\":\"2024-08-22T22:53:53+00:00\",\"breadcrumb\":{\"@id\":\"https:\/\/comercializadoracrv.com\/?product=puerta-corrediza-de-aluminio-secureglide#breadcrumb\"},\"inLanguage\":\"es\",\"potentialAction\":[{\"@type\":\"ReadAction\",\"target\":[\"https:\/\/comercializadoracrv.com\/?product=puerta-corrediza-de-aluminio-secureglide\"]}]},{\"@type\":\"ImageObject\",\"inLanguage\":\"es\",\"@id\":\"https:\/\/comercializadoracrv.com\/?product=puerta-corrediza-de-aluminio-secureglide#primaryimage\",\"url\":\"https:\/\/comercializadoracrv.com\/wp-content\/uploads\/2024\/06\/42df59204f749e1de6bccb0991fc8aed-1.jpg\",\"contentUrl\":\"https:\/\/comercializadoracrv.com\/wp-content\/uploads\/2024\/06\/42df59204f749e1de6bccb0991fc8aed-1.jpg\",\"width\":564,\"height\":752},{\"@type\":\"BreadcrumbList\",\"@id\":\"https:\/\/comercializadoracrv.com\/?product=puerta-corrediza-de-aluminio-secureglide#breadcrumb\",\"itemListElement\":[{\"@type\":\"ListItem\",\"position\":1,\"name\":\"Portada\",\"item\":\"https:\/\/comercializadoracrv.com\/\"},{\"@type\":\"ListItem\",\"position\":2,\"name\":\"Shop\",\"item\":\"https:\/\/comercializadoracrv.com\/?page_id=8\"},{\"@type\":\"ListItem\",\"position\":3,\"name\":\"MOSAICO AZUL m2\"}]},{\"@type\":\"WebSite\",\"@id\":\"https:\/\/comercializadoracrv.com\/#website\",\"url\":\"https:\/\/comercializadoracrv.com\/\",\"name\":\"CRV Comercializadora\",\"description\":\"Comercializadora\",\"potentialAction\":[{\"@type\":\"SearchAction\",\"target\":{\"@type\":\"EntryPoint\",\"urlTemplate\":\"https:\/\/comercializadoracrv.com\/?s={search_term_string}\"},\"query-input\":\"required name=search_term_string\"}],\"inLanguage\":\"es\"}]}<\/script>\n<!-- \/ Yoast SEO Premium plugin. -->","yoast_head_json":{"title":"MOSAICO AZUL m2 - CRV Comercializadora","robots":{"index":"index","follow":"follow","max-snippet":"max-snippet:-1","max-image-preview":"max-image-preview:large","max-video-preview":"max-video-preview:-1"},"canonical":"https:\/\/comercializadoracrv.com\/?product=puerta-corrediza-de-aluminio-secureglide","og_locale":"es_ES","og_type":"article","og_title":"MOSAICO AZUL m2","og_description":"Un mosaico azul para piscina es una opci\u00f3n elegante y funcional para decorar el revestimiento interior de una piscina. Estos mosaicos suelen estar hechos de cer\u00e1mica, vidrio o incluso piedra, y se caracterizan por sus tonos azules que van desde los m\u00e1s claros hasta los m\u00e1s intensos.\u00a0  Estos mosaicos no solo a\u00f1aden un toque est\u00e9tico atractivo, sino que tambi\u00e9n ofrecen diversas ventajas pr\u00e1cticas. Por ejemplo, su superficie es resistente a las manchas y f\u00e1cil de limpiar, lo cual es ideal para mantener la piscina en condiciones \u00f3ptimas. Adem\u00e1s, el color azul del mosaico contribuye a reflejar la luz del sol de una manera agradable, dando a la piscina un aspecto brillante y acogedor.","og_url":"https:\/\/comercializadoracrv.com\/?product=puerta-corrediza-de-aluminio-secureglide","og_site_name":"CRV Comercializadora","article_modified_time":"2024-08-22T22:53:53+00:00","og_image":[{"width":564,"height":752,"url":"https:\/\/comercializadoracrv.com\/wp-content\/uploads\/2024\/06\/42df59204f749e1de6bccb0991fc8aed-1.jpg","type":"image\/jpeg"}],"twitter_card":"summary_large_image","twitter_misc":{"Est. reading time":"1 minuto"},"schema":{"@context":"https:\/\/schema.org","@graph":[{"@type":"WebPage","@id":"https:\/\/comercializadoracrv.com\/?product=puerta-corrediza-de-aluminio-secureglide","url":"https:\/\/comercializadoracrv.com\/?product=puerta-corrediza-de-aluminio-secureglide","name":"MOSAICO AZUL m2 - CRV Comercializadora","isPartOf":{"@id":"https:\/\/comercializadoracrv.com\/#website"},"primaryImageOfPage":{"@id":"https:\/\/comercializadoracrv.com\/?product=puerta-corrediza-de-aluminio-secureglide#primaryimage"},"image":{"@id":"https:\/\/comercializadoracrv.com\/?product=puerta-corrediza-de-aluminio-secureglide#primaryimage"},"thumbnailUrl":"https:\/\/comercializadoracrv.com\/wp-content\/uploads\/2024\/06\/42df59204f749e1de6bccb0991fc8aed-1.jpg","datePublished":"2024-06-29T16:45:19+00:00","dateModified":"2024-08-22T22:53:53+00:00","breadcrumb":{"@id":"https:\/\/comercializadoracrv.com\/?product=puerta-corrediza-de-aluminio-secureglide#breadcrumb"},"inLanguage":"es","potentialAction":[{"@type":"ReadAction","target":["https:\/\/comercializadoracrv.com\/?product=puerta-corrediza-de-aluminio-secureglide"]}]},{"@type":"ImageObject","inLanguage":"es","@id":"https:\/\/comercializadoracrv.com\/?product=puerta-corrediza-de-aluminio-secureglide#primaryimage","url":"https:\/\/comercializadoracrv.com\/wp-content\/uploads\/2024\/06\/42df59204f749e1de6bccb0991fc8aed-1.jpg","contentUrl":"https:\/\/comercializadoracrv.com\/wp-content\/uploads\/2024\/06\/42df59204f749e1de6bccb0991fc8aed-1.jpg","width":564,"height":752},{"@type":"BreadcrumbList","@id":"https:\/\/comercializadoracrv.com\/?product=puerta-corrediza-de-aluminio-secureglide#breadcrumb","itemListElement":[{"@type":"ListItem","position":1,"name":"Portada","item":"https:\/\/comercializadoracrv.com\/"},{"@type":"ListItem","position":2,"name":"Shop","item":"https:\/\/comercializadoracrv.com\/?page_id=8"},{"@type":"ListItem","position":3,"name":"MOSAICO AZUL m2"}]},{"@type":"WebSite","@id":"https:\/\/comercializadoracrv.com\/#website","url":"https:\/\/comercializadoracrv.com\/","name":"CRV Comercializadora","description":"Comercializadora","potentialAction":[{"@type":"SearchAction","target":{"@type":"EntryPoint","urlTemplate":"https:\/\/comercializadoracrv.com\/?s={search_term_string}"},"query-input":"required name=search_term_string"}],"inLanguage":"es"}]}},"_links":{"self":[{"href":"https:\/\/comercializadoracrv.com\/index.php?rest_route=\/wp\/v2\/product\/5663","targetHints":{"allow":["GET"]}}],"collection":[{"href":"https:\/\/comercializadoracrv.com\/index.php?rest_route=\/wp\/v2\/product"}],"about":[{"href":"https:\/\/comercializadoracrv.com\/index.php?rest_route=\/wp\/v2\/types\/product"}],"replies":[{"embeddable":true,"href":"https:\/\/comercializadoracrv.com\/index.php?rest_route=%2Fwp%2Fv2%2Fcomments&post=5663"}],"version-history":[{"count":4,"href":"https:\/\/comercializadoracrv.com\/index.php?rest_route=\/wp\/v2\/product\/5663\/revisions"}],"predecessor-version":[{"id":6098,"href":"https:\/\/comercializadoracrv.com\/index.php?rest_route=\/wp\/v2\/product\/5663\/revisions\/6098"}],"wp:featuredmedia":[{"embeddable":true,"href":"https:\/\/comercializadoracrv.com\/index.php?rest_route=\/wp\/v2\/media\/5818"}],"wp:attachment":[{"href":"https:\/\/comercializadoracrv.com\/index.php?rest_route=%2Fwp%2Fv2%2Fmedia&parent=5663"}],"wp:term":[{"taxonomy":"product_cat","embeddable":true,"href":"https:\/\/comercializadoracrv.com\/index.php?rest_route=%2Fwp%2Fv2%2Fproduct_cat&post=5663"},{"taxonomy":"product_tag","embeddable":true,"href":"https:\/\/comercializadoracrv.com\/index.php?rest_route=%2Fwp%2Fv2%2Fproduct_tag&post=5663"}],"curies":[{"name":"wp","href":"https:\/\/api.w.org\/{rel}","templated":true}]}}