{"id":5650,"date":"2024-06-29T15:53:34","date_gmt":"2024-06-29T15:53:34","guid":{"rendered":"https:\/\/desarrollosmoyan.com\/comercializadora\/?post_type=product&#038;p=5650"},"modified":"2024-08-22T22:52:05","modified_gmt":"2024-08-22T22:52:05","slug":"ventana-corrediza-de-aluminio-ecoslide","status":"publish","type":"product","link":"https:\/\/comercializadoracrv.com\/?product=ventana-corrediza-de-aluminio-ecoslide","title":{"rendered":"PIEDRA SINT\u00c9TICA PARA REVESTIMIENTOS DE COCINA Y BA\u00d1O COLOR GRIS m2"},"content":{"rendered":"<p>La piedra sint\u00e9tica de color gris es una soluci\u00f3n contempor\u00e1nea y est\u00e9ticamente agradable para revestimientos y superficies, combinando la apariencia elegante de la piedra natural con las ventajas t\u00e9cnicas de la fabricaci\u00f3n sint\u00e9tica. Este material ofrece una amplia gama de tonalidades grises, que van desde los tonos m\u00e1s suaves y claros hasta los grises m\u00e1s oscuros e intensos, proporcionando opciones vers\u00e1tiles para cualquier estilo de dise\u00f1o.<\/p>\n<p>La piedra sint\u00e9tica gris imita de manera convincente la textura y el aspecto de la piedra natural, brindando un acabado sofisticado y aut\u00e9ntico. Su amplia gama de tonalidades permite a los dise\u00f1adores y propietarios de viviendas elegir el tono perfecto que complemente su decoraci\u00f3n. Desde estilos minimalistas y modernos hasta dise\u00f1os r\u00fasticos y tradicionales, la piedra sint\u00e9tica gris se adapta perfectamente, creando un ambiente armonioso y elegante.<\/p>\n","protected":false},"excerpt":{"rendered":"<p><span style=\"font-weight: 400;\">\u00a0La piedra sint\u00e9tica de color gris es una opci\u00f3n moderna y est\u00e9tica para revestimientos y superficies. Este material combina la apariencia natural de la piedra con las ventajas de la fabricaci\u00f3n sint\u00e9tica, ofreciendo una amplia gama de tonalidades de gris que van desde grises claros hasta tonos m\u00e1s oscuros y profundos.\u00a0<\/span><\/p>\n<p><span style=\"font-weight: 400;\">Adem\u00e1s de su aspecto visual atractivo, la piedra sint\u00e9tica gris es valorada por su resistencia y durabilidad. Es capaz de soportar condiciones clim\u00e1ticas adversas, resistir la humedad y es f\u00e1cil de mantener, lo que la convierte en una opci\u00f3n ideal para la cocina (mesones y Barras)\u00a0<\/span><\/p>\n","protected":false},"featured_media":5823,"comment_status":"open","ping_status":"closed","template":"","meta":{"_joinchat":[]},"product_cat":[227,226,182,228,229],"product_tag":[209],"class_list":{"0":"post-5650","1":"product","2":"type-product","3":"status-publish","4":"has-post-thumbnail","6":"product_cat-bano","7":"product_cat-cocina","8":"product_cat-enchapes","9":"product_cat-piedra-sintetica","10":"product_cat-piedra-sintetica-cocina","11":"product_tag-ventanasdealuminio-eficienciaenergetica-disenomoderno-aislamientotermico-resistenciaalclima","13":"first","14":"instock","15":"shipping-taxable","16":"purchasable","17":"product-type-simple"},"yoast_head":"<!-- This site is optimized with the Yoast SEO Premium plugin v22.7 (Yoast SEO v23.3) - https:\/\/yoast.com\/wordpress\/plugins\/seo\/ -->\n<title>PIEDRA SINT\u00c9TICA PARA REVESTIMIENTOS DE COCINA Y BA\u00d1O COLOR GRIS m2 - CRV Comercializadora<\/title>\n<meta name=\"robots\" content=\"index, follow, max-snippet:-1, max-image-preview:large, max-video-preview:-1\" \/>\n<link rel=\"canonical\" href=\"https:\/\/comercializadoracrv.com\/?product=ventana-corrediza-de-aluminio-ecoslide\" \/>\n<meta property=\"og:locale\" content=\"es_ES\" \/>\n<meta property=\"og:type\" content=\"article\" \/>\n<meta property=\"og:title\" content=\"PIEDRA SINT\u00c9TICA PARA REVESTIMIENTOS DE COCINA Y BA\u00d1O COLOR GRIS m2\" \/>\n<meta property=\"og:description\" content=\"\u00a0La piedra sint\u00e9tica de color gris es una opci\u00f3n moderna y est\u00e9tica para revestimientos y superficies. Este material combina la apariencia natural de la piedra con las ventajas de la fabricaci\u00f3n sint\u00e9tica, ofreciendo una amplia gama de tonalidades de gris que van desde grises claros hasta tonos m\u00e1s oscuros y profundos.\u00a0  Adem\u00e1s de su aspecto visual atractivo, la piedra sint\u00e9tica gris es valorada por su resistencia y durabilidad. Es capaz de soportar condiciones clim\u00e1ticas adversas, resistir la humedad y es f\u00e1cil de mantener, lo que la convierte en una opci\u00f3n ideal para la cocina (mesones y Barras)\u00a0\" \/>\n<meta property=\"og:url\" content=\"https:\/\/comercializadoracrv.com\/?product=ventana-corrediza-de-aluminio-ecoslide\" \/>\n<meta property=\"og:site_name\" content=\"CRV Comercializadora\" \/>\n<meta property=\"article:modified_time\" content=\"2024-08-22T22:52:05+00:00\" \/>\n<meta property=\"og:image\" content=\"https:\/\/comercializadoracrv.com\/wp-content\/uploads\/2024\/06\/da1889f9c64a40b331fec75efbfd3072-1.jpg\" \/>\n\t<meta property=\"og:image:width\" content=\"564\" \/>\n\t<meta property=\"og:image:height\" content=\"846\" \/>\n\t<meta property=\"og:image:type\" content=\"image\/jpeg\" \/>\n<meta name=\"twitter:card\" content=\"summary_large_image\" \/>\n<meta name=\"twitter:label1\" content=\"Est. reading time\" \/>\n\t<meta name=\"twitter:data1\" content=\"1 minuto\" \/>\n<script type=\"application\/ld+json\" class=\"yoast-schema-graph\">{\"@context\":\"https:\/\/schema.org\",\"@graph\":[{\"@type\":\"WebPage\",\"@id\":\"https:\/\/comercializadoracrv.com\/?product=ventana-corrediza-de-aluminio-ecoslide\",\"url\":\"https:\/\/comercializadoracrv.com\/?product=ventana-corrediza-de-aluminio-ecoslide\",\"name\":\"PIEDRA SINT\u00c9TICA PARA REVESTIMIENTOS DE COCINA Y BA\u00d1O COLOR GRIS m2 - CRV Comercializadora\",\"isPartOf\":{\"@id\":\"https:\/\/comercializadoracrv.com\/#website\"},\"primaryImageOfPage\":{\"@id\":\"https:\/\/comercializadoracrv.com\/?product=ventana-corrediza-de-aluminio-ecoslide#primaryimage\"},\"image\":{\"@id\":\"https:\/\/comercializadoracrv.com\/?product=ventana-corrediza-de-aluminio-ecoslide#primaryimage\"},\"thumbnailUrl\":\"https:\/\/comercializadoracrv.com\/wp-content\/uploads\/2024\/06\/da1889f9c64a40b331fec75efbfd3072-1.jpg\",\"datePublished\":\"2024-06-29T15:53:34+00:00\",\"dateModified\":\"2024-08-22T22:52:05+00:00\",\"breadcrumb\":{\"@id\":\"https:\/\/comercializadoracrv.com\/?product=ventana-corrediza-de-aluminio-ecoslide#breadcrumb\"},\"inLanguage\":\"es\",\"potentialAction\":[{\"@type\":\"ReadAction\",\"target\":[\"https:\/\/comercializadoracrv.com\/?product=ventana-corrediza-de-aluminio-ecoslide\"]}]},{\"@type\":\"ImageObject\",\"inLanguage\":\"es\",\"@id\":\"https:\/\/comercializadoracrv.com\/?product=ventana-corrediza-de-aluminio-ecoslide#primaryimage\",\"url\":\"https:\/\/comercializadoracrv.com\/wp-content\/uploads\/2024\/06\/da1889f9c64a40b331fec75efbfd3072-1.jpg\",\"contentUrl\":\"https:\/\/comercializadoracrv.com\/wp-content\/uploads\/2024\/06\/da1889f9c64a40b331fec75efbfd3072-1.jpg\",\"width\":564,\"height\":846},{\"@type\":\"BreadcrumbList\",\"@id\":\"https:\/\/comercializadoracrv.com\/?product=ventana-corrediza-de-aluminio-ecoslide#breadcrumb\",\"itemListElement\":[{\"@type\":\"ListItem\",\"position\":1,\"name\":\"Portada\",\"item\":\"https:\/\/comercializadoracrv.com\/\"},{\"@type\":\"ListItem\",\"position\":2,\"name\":\"Shop\",\"item\":\"https:\/\/comercializadoracrv.com\/?page_id=8\"},{\"@type\":\"ListItem\",\"position\":3,\"name\":\"PIEDRA SINT\u00c9TICA PARA REVESTIMIENTOS DE COCINA Y BA\u00d1O COLOR GRIS m2\"}]},{\"@type\":\"WebSite\",\"@id\":\"https:\/\/comercializadoracrv.com\/#website\",\"url\":\"https:\/\/comercializadoracrv.com\/\",\"name\":\"CRV Comercializadora\",\"description\":\"Comercializadora\",\"potentialAction\":[{\"@type\":\"SearchAction\",\"target\":{\"@type\":\"EntryPoint\",\"urlTemplate\":\"https:\/\/comercializadoracrv.com\/?s={search_term_string}\"},\"query-input\":\"required name=search_term_string\"}],\"inLanguage\":\"es\"}]}<\/script>\n<!-- \/ Yoast SEO Premium plugin. -->","yoast_head_json":{"title":"PIEDRA SINT\u00c9TICA PARA REVESTIMIENTOS DE COCINA Y BA\u00d1O COLOR GRIS m2 - CRV Comercializadora","robots":{"index":"index","follow":"follow","max-snippet":"max-snippet:-1","max-image-preview":"max-image-preview:large","max-video-preview":"max-video-preview:-1"},"canonical":"https:\/\/comercializadoracrv.com\/?product=ventana-corrediza-de-aluminio-ecoslide","og_locale":"es_ES","og_type":"article","og_title":"PIEDRA SINT\u00c9TICA PARA REVESTIMIENTOS DE COCINA Y BA\u00d1O COLOR GRIS m2","og_description":"\u00a0La piedra sint\u00e9tica de color gris es una opci\u00f3n moderna y est\u00e9tica para revestimientos y superficies. Este material combina la apariencia natural de la piedra con las ventajas de la fabricaci\u00f3n sint\u00e9tica, ofreciendo una amplia gama de tonalidades de gris que van desde grises claros hasta tonos m\u00e1s oscuros y profundos.\u00a0  Adem\u00e1s de su aspecto visual atractivo, la piedra sint\u00e9tica gris es valorada por su resistencia y durabilidad. Es capaz de soportar condiciones clim\u00e1ticas adversas, resistir la humedad y es f\u00e1cil de mantener, lo que la convierte en una opci\u00f3n ideal para la cocina (mesones y Barras)\u00a0","og_url":"https:\/\/comercializadoracrv.com\/?product=ventana-corrediza-de-aluminio-ecoslide","og_site_name":"CRV Comercializadora","article_modified_time":"2024-08-22T22:52:05+00:00","og_image":[{"width":564,"height":846,"url":"https:\/\/comercializadoracrv.com\/wp-content\/uploads\/2024\/06\/da1889f9c64a40b331fec75efbfd3072-1.jpg","type":"image\/jpeg"}],"twitter_card":"summary_large_image","twitter_misc":{"Est. reading time":"1 minuto"},"schema":{"@context":"https:\/\/schema.org","@graph":[{"@type":"WebPage","@id":"https:\/\/comercializadoracrv.com\/?product=ventana-corrediza-de-aluminio-ecoslide","url":"https:\/\/comercializadoracrv.com\/?product=ventana-corrediza-de-aluminio-ecoslide","name":"PIEDRA SINT\u00c9TICA PARA REVESTIMIENTOS DE COCINA Y BA\u00d1O COLOR GRIS m2 - CRV Comercializadora","isPartOf":{"@id":"https:\/\/comercializadoracrv.com\/#website"},"primaryImageOfPage":{"@id":"https:\/\/comercializadoracrv.com\/?product=ventana-corrediza-de-aluminio-ecoslide#primaryimage"},"image":{"@id":"https:\/\/comercializadoracrv.com\/?product=ventana-corrediza-de-aluminio-ecoslide#primaryimage"},"thumbnailUrl":"https:\/\/comercializadoracrv.com\/wp-content\/uploads\/2024\/06\/da1889f9c64a40b331fec75efbfd3072-1.jpg","datePublished":"2024-06-29T15:53:34+00:00","dateModified":"2024-08-22T22:52:05+00:00","breadcrumb":{"@id":"https:\/\/comercializadoracrv.com\/?product=ventana-corrediza-de-aluminio-ecoslide#breadcrumb"},"inLanguage":"es","potentialAction":[{"@type":"ReadAction","target":["https:\/\/comercializadoracrv.com\/?product=ventana-corrediza-de-aluminio-ecoslide"]}]},{"@type":"ImageObject","inLanguage":"es","@id":"https:\/\/comercializadoracrv.com\/?product=ventana-corrediza-de-aluminio-ecoslide#primaryimage","url":"https:\/\/comercializadoracrv.com\/wp-content\/uploads\/2024\/06\/da1889f9c64a40b331fec75efbfd3072-1.jpg","contentUrl":"https:\/\/comercializadoracrv.com\/wp-content\/uploads\/2024\/06\/da1889f9c64a40b331fec75efbfd3072-1.jpg","width":564,"height":846},{"@type":"BreadcrumbList","@id":"https:\/\/comercializadoracrv.com\/?product=ventana-corrediza-de-aluminio-ecoslide#breadcrumb","itemListElement":[{"@type":"ListItem","position":1,"name":"Portada","item":"https:\/\/comercializadoracrv.com\/"},{"@type":"ListItem","position":2,"name":"Shop","item":"https:\/\/comercializadoracrv.com\/?page_id=8"},{"@type":"ListItem","position":3,"name":"PIEDRA SINT\u00c9TICA PARA REVESTIMIENTOS DE COCINA Y BA\u00d1O COLOR GRIS m2"}]},{"@type":"WebSite","@id":"https:\/\/comercializadoracrv.com\/#website","url":"https:\/\/comercializadoracrv.com\/","name":"CRV Comercializadora","description":"Comercializadora","potentialAction":[{"@type":"SearchAction","target":{"@type":"EntryPoint","urlTemplate":"https:\/\/comercializadoracrv.com\/?s={search_term_string}"},"query-input":"required name=search_term_string"}],"inLanguage":"es"}]}},"_links":{"self":[{"href":"https:\/\/comercializadoracrv.com\/index.php?rest_route=\/wp\/v2\/product\/5650","targetHints":{"allow":["GET"]}}],"collection":[{"href":"https:\/\/comercializadoracrv.com\/index.php?rest_route=\/wp\/v2\/product"}],"about":[{"href":"https:\/\/comercializadoracrv.com\/index.php?rest_route=\/wp\/v2\/types\/product"}],"replies":[{"embeddable":true,"href":"https:\/\/comercializadoracrv.com\/index.php?rest_route=%2Fwp%2Fv2%2Fcomments&post=5650"}],"version-history":[{"count":5,"href":"https:\/\/comercializadoracrv.com\/index.php?rest_route=\/wp\/v2\/product\/5650\/revisions"}],"predecessor-version":[{"id":6097,"href":"https:\/\/comercializadoracrv.com\/index.php?rest_route=\/wp\/v2\/product\/5650\/revisions\/6097"}],"wp:featuredmedia":[{"embeddable":true,"href":"https:\/\/comercializadoracrv.com\/index.php?rest_route=\/wp\/v2\/media\/5823"}],"wp:attachment":[{"href":"https:\/\/comercializadoracrv.com\/index.php?rest_route=%2Fwp%2Fv2%2Fmedia&parent=5650"}],"wp:term":[{"taxonomy":"product_cat","embeddable":true,"href":"https:\/\/comercializadoracrv.com\/index.php?rest_route=%2Fwp%2Fv2%2Fproduct_cat&post=5650"},{"taxonomy":"product_tag","embeddable":true,"href":"https:\/\/comercializadoracrv.com\/index.php?rest_route=%2Fwp%2Fv2%2Fproduct_tag&post=5650"}],"curies":[{"name":"wp","href":"https:\/\/api.w.org\/{rel}","templated":true}]}}