{"id":5641,"date":"2024-06-29T15:26:18","date_gmt":"2024-06-29T15:26:18","guid":{"rendered":"https:\/\/desarrollosmoyan.com\/comercializadora\/?post_type=product&#038;p=5641"},"modified":"2024-08-22T23:09:18","modified_gmt":"2024-08-22T23:09:18","slug":"lavamanos-de-porcelana-pureclean","status":"publish","type":"product","link":"https:\/\/comercializadoracrv.com\/?product=lavamanos-de-porcelana-pureclean","title":{"rendered":"PIEDRA SINTETICA PARA REVESTIMIENTO DE COCINAS Y BA\u00d1OS BLANCA m2"},"content":{"rendered":"<p>La piedra sint\u00e9tica blanca representa una opci\u00f3n contempor\u00e1nea y vers\u00e1til para revestimientos y superficies, fusionando la elegancia natural de la piedra con las ventajas pr\u00e1cticas de la fabricaci\u00f3n sint\u00e9tica. Con una variedad de tonalidades que van desde el blanco puro hasta sutiles vetas y tonos m\u00e1s profundos, este material ofrece una est\u00e9tica que se adapta perfectamente a diversos estilos de dise\u00f1o.<\/p>\n<p>La utilizaci\u00f3n de piedra sint\u00e9tica blanca transforma los espacios interiores y exteriores, creando ambientes luminosos y sofisticados. Su apariencia pulida y suave agrega un toque de modernidad y frescura, mientras que las variaciones naturales en el color proporcionan un aspecto \u00fanico y personalizado. Esta versatilidad permite su aplicaci\u00f3n en una amplia gama de superficies, desde paredes hasta encimeras y muebles, ofreciendo una soluci\u00f3n est\u00e9tica y funcional.<\/p>\n<p>&nbsp;<\/p>\n","protected":false},"excerpt":{"rendered":"<p><span style=\"font-weight: 400;\">La piedra sint\u00e9tica de color blanca es una opci\u00f3n moderna y est\u00e9tica para revestimientos y superficies. Este material combina la apariencia natural de la piedra con las ventajas de la fabricaci\u00f3n sint\u00e9tica, ofreciendo una amplia gama de tonalidades que van desde blanco con vetas cafeces claros hasta tonos m\u00e1s oscuros y profundos.\u00a0\u00a0<\/span><\/p>\n<p><span style=\"font-weight: 400;\">Adem\u00e1s de su aspecto visual atractivo, la piedra sint\u00e9tica gris es valorada por su resistencia y durabilidad. Es capaz de soportar condiciones clim\u00e1ticas adversas, resistir la humedad y es f\u00e1cil de mantener, lo que la convierte en una opci\u00f3n ideal para la cocina (mesones y Barras)\u00a0<\/span><\/p>\n<p>&nbsp;<\/p>\n<p>&nbsp;<\/p>\n","protected":false},"featured_media":5825,"comment_status":"open","ping_status":"closed","template":"","meta":{"_joinchat":[]},"product_cat":[227,226,182,228,229],"product_tag":[208],"class_list":{"0":"post-5641","1":"product","2":"type-product","3":"status-publish","4":"has-post-thumbnail","6":"product_cat-bano","7":"product_cat-cocina","8":"product_cat-enchapes","9":"product_cat-piedra-sintetica","10":"product_cat-piedra-sintetica-cocina","11":"product_tag-lavamanoselegante-banosmodernos-porcelanadecalidad-disenocontemporaneo-facillimpieza","13":"first","14":"instock","15":"shipping-taxable","16":"purchasable","17":"product-type-simple"},"yoast_head":"<!-- This site is optimized with the Yoast SEO Premium plugin v22.7 (Yoast SEO v23.3) - https:\/\/yoast.com\/wordpress\/plugins\/seo\/ -->\n<title>PIEDRA SINTETICA PARA REVESTIMIENTO DE COCINAS Y BA\u00d1OS BLANCA m2 - CRV Comercializadora<\/title>\n<meta name=\"robots\" content=\"index, follow, max-snippet:-1, max-image-preview:large, max-video-preview:-1\" \/>\n<link rel=\"canonical\" href=\"https:\/\/comercializadoracrv.com\/?product=lavamanos-de-porcelana-pureclean\" \/>\n<meta property=\"og:locale\" content=\"es_ES\" \/>\n<meta property=\"og:type\" content=\"article\" \/>\n<meta property=\"og:title\" content=\"PIEDRA SINTETICA PARA REVESTIMIENTO DE COCINAS Y BA\u00d1OS BLANCA m2\" \/>\n<meta property=\"og:description\" content=\"La piedra sint\u00e9tica de color blanca es una opci\u00f3n moderna y est\u00e9tica para revestimientos y superficies. Este material combina la apariencia natural de la piedra con las ventajas de la fabricaci\u00f3n sint\u00e9tica, ofreciendo una amplia gama de tonalidades que van desde blanco con vetas cafeces claros hasta tonos m\u00e1s oscuros y profundos.\u00a0\u00a0  Adem\u00e1s de su aspecto visual atractivo, la piedra sint\u00e9tica gris es valorada por su resistencia y durabilidad. Es capaz de soportar condiciones clim\u00e1ticas adversas, resistir la humedad y es f\u00e1cil de mantener, lo que la convierte en una opci\u00f3n ideal para la cocina (mesones y Barras)\u00a0  &nbsp;  &nbsp;\" \/>\n<meta property=\"og:url\" content=\"https:\/\/comercializadoracrv.com\/?product=lavamanos-de-porcelana-pureclean\" \/>\n<meta property=\"og:site_name\" content=\"CRV Comercializadora\" \/>\n<meta property=\"article:modified_time\" content=\"2024-08-22T23:09:18+00:00\" \/>\n<meta property=\"og:image\" content=\"https:\/\/comercializadoracrv.com\/wp-content\/uploads\/2024\/06\/b6480c3700353867adb5d652e2301228-1.jpg\" \/>\n\t<meta property=\"og:image:width\" content=\"564\" \/>\n\t<meta property=\"og:image:height\" content=\"701\" \/>\n\t<meta property=\"og:image:type\" content=\"image\/jpeg\" \/>\n<meta name=\"twitter:card\" content=\"summary_large_image\" \/>\n<meta name=\"twitter:label1\" content=\"Est. reading time\" \/>\n\t<meta name=\"twitter:data1\" content=\"1 minuto\" \/>\n<script type=\"application\/ld+json\" class=\"yoast-schema-graph\">{\"@context\":\"https:\/\/schema.org\",\"@graph\":[{\"@type\":\"WebPage\",\"@id\":\"https:\/\/comercializadoracrv.com\/?product=lavamanos-de-porcelana-pureclean\",\"url\":\"https:\/\/comercializadoracrv.com\/?product=lavamanos-de-porcelana-pureclean\",\"name\":\"PIEDRA SINTETICA PARA REVESTIMIENTO DE COCINAS Y BA\u00d1OS BLANCA m2 - CRV Comercializadora\",\"isPartOf\":{\"@id\":\"https:\/\/comercializadoracrv.com\/#website\"},\"primaryImageOfPage\":{\"@id\":\"https:\/\/comercializadoracrv.com\/?product=lavamanos-de-porcelana-pureclean#primaryimage\"},\"image\":{\"@id\":\"https:\/\/comercializadoracrv.com\/?product=lavamanos-de-porcelana-pureclean#primaryimage\"},\"thumbnailUrl\":\"https:\/\/comercializadoracrv.com\/wp-content\/uploads\/2024\/06\/b6480c3700353867adb5d652e2301228-1.jpg\",\"datePublished\":\"2024-06-29T15:26:18+00:00\",\"dateModified\":\"2024-08-22T23:09:18+00:00\",\"breadcrumb\":{\"@id\":\"https:\/\/comercializadoracrv.com\/?product=lavamanos-de-porcelana-pureclean#breadcrumb\"},\"inLanguage\":\"es\",\"potentialAction\":[{\"@type\":\"ReadAction\",\"target\":[\"https:\/\/comercializadoracrv.com\/?product=lavamanos-de-porcelana-pureclean\"]}]},{\"@type\":\"ImageObject\",\"inLanguage\":\"es\",\"@id\":\"https:\/\/comercializadoracrv.com\/?product=lavamanos-de-porcelana-pureclean#primaryimage\",\"url\":\"https:\/\/comercializadoracrv.com\/wp-content\/uploads\/2024\/06\/b6480c3700353867adb5d652e2301228-1.jpg\",\"contentUrl\":\"https:\/\/comercializadoracrv.com\/wp-content\/uploads\/2024\/06\/b6480c3700353867adb5d652e2301228-1.jpg\",\"width\":564,\"height\":701},{\"@type\":\"BreadcrumbList\",\"@id\":\"https:\/\/comercializadoracrv.com\/?product=lavamanos-de-porcelana-pureclean#breadcrumb\",\"itemListElement\":[{\"@type\":\"ListItem\",\"position\":1,\"name\":\"Portada\",\"item\":\"https:\/\/comercializadoracrv.com\/\"},{\"@type\":\"ListItem\",\"position\":2,\"name\":\"Shop\",\"item\":\"https:\/\/comercializadoracrv.com\/?page_id=8\"},{\"@type\":\"ListItem\",\"position\":3,\"name\":\"PIEDRA SINTETICA PARA REVESTIMIENTO DE COCINAS Y BA\u00d1OS BLANCA m2\"}]},{\"@type\":\"WebSite\",\"@id\":\"https:\/\/comercializadoracrv.com\/#website\",\"url\":\"https:\/\/comercializadoracrv.com\/\",\"name\":\"CRV Comercializadora\",\"description\":\"Comercializadora\",\"potentialAction\":[{\"@type\":\"SearchAction\",\"target\":{\"@type\":\"EntryPoint\",\"urlTemplate\":\"https:\/\/comercializadoracrv.com\/?s={search_term_string}\"},\"query-input\":\"required name=search_term_string\"}],\"inLanguage\":\"es\"}]}<\/script>\n<!-- \/ Yoast SEO Premium plugin. -->","yoast_head_json":{"title":"PIEDRA SINTETICA PARA REVESTIMIENTO DE COCINAS Y BA\u00d1OS BLANCA m2 - CRV Comercializadora","robots":{"index":"index","follow":"follow","max-snippet":"max-snippet:-1","max-image-preview":"max-image-preview:large","max-video-preview":"max-video-preview:-1"},"canonical":"https:\/\/comercializadoracrv.com\/?product=lavamanos-de-porcelana-pureclean","og_locale":"es_ES","og_type":"article","og_title":"PIEDRA SINTETICA PARA REVESTIMIENTO DE COCINAS Y BA\u00d1OS BLANCA m2","og_description":"La piedra sint\u00e9tica de color blanca es una opci\u00f3n moderna y est\u00e9tica para revestimientos y superficies. Este material combina la apariencia natural de la piedra con las ventajas de la fabricaci\u00f3n sint\u00e9tica, ofreciendo una amplia gama de tonalidades que van desde blanco con vetas cafeces claros hasta tonos m\u00e1s oscuros y profundos.\u00a0\u00a0  Adem\u00e1s de su aspecto visual atractivo, la piedra sint\u00e9tica gris es valorada por su resistencia y durabilidad. Es capaz de soportar condiciones clim\u00e1ticas adversas, resistir la humedad y es f\u00e1cil de mantener, lo que la convierte en una opci\u00f3n ideal para la cocina (mesones y Barras)\u00a0  &nbsp;  &nbsp;","og_url":"https:\/\/comercializadoracrv.com\/?product=lavamanos-de-porcelana-pureclean","og_site_name":"CRV Comercializadora","article_modified_time":"2024-08-22T23:09:18+00:00","og_image":[{"width":564,"height":701,"url":"https:\/\/comercializadoracrv.com\/wp-content\/uploads\/2024\/06\/b6480c3700353867adb5d652e2301228-1.jpg","type":"image\/jpeg"}],"twitter_card":"summary_large_image","twitter_misc":{"Est. reading time":"1 minuto"},"schema":{"@context":"https:\/\/schema.org","@graph":[{"@type":"WebPage","@id":"https:\/\/comercializadoracrv.com\/?product=lavamanos-de-porcelana-pureclean","url":"https:\/\/comercializadoracrv.com\/?product=lavamanos-de-porcelana-pureclean","name":"PIEDRA SINTETICA PARA REVESTIMIENTO DE COCINAS Y BA\u00d1OS BLANCA m2 - CRV Comercializadora","isPartOf":{"@id":"https:\/\/comercializadoracrv.com\/#website"},"primaryImageOfPage":{"@id":"https:\/\/comercializadoracrv.com\/?product=lavamanos-de-porcelana-pureclean#primaryimage"},"image":{"@id":"https:\/\/comercializadoracrv.com\/?product=lavamanos-de-porcelana-pureclean#primaryimage"},"thumbnailUrl":"https:\/\/comercializadoracrv.com\/wp-content\/uploads\/2024\/06\/b6480c3700353867adb5d652e2301228-1.jpg","datePublished":"2024-06-29T15:26:18+00:00","dateModified":"2024-08-22T23:09:18+00:00","breadcrumb":{"@id":"https:\/\/comercializadoracrv.com\/?product=lavamanos-de-porcelana-pureclean#breadcrumb"},"inLanguage":"es","potentialAction":[{"@type":"ReadAction","target":["https:\/\/comercializadoracrv.com\/?product=lavamanos-de-porcelana-pureclean"]}]},{"@type":"ImageObject","inLanguage":"es","@id":"https:\/\/comercializadoracrv.com\/?product=lavamanos-de-porcelana-pureclean#primaryimage","url":"https:\/\/comercializadoracrv.com\/wp-content\/uploads\/2024\/06\/b6480c3700353867adb5d652e2301228-1.jpg","contentUrl":"https:\/\/comercializadoracrv.com\/wp-content\/uploads\/2024\/06\/b6480c3700353867adb5d652e2301228-1.jpg","width":564,"height":701},{"@type":"BreadcrumbList","@id":"https:\/\/comercializadoracrv.com\/?product=lavamanos-de-porcelana-pureclean#breadcrumb","itemListElement":[{"@type":"ListItem","position":1,"name":"Portada","item":"https:\/\/comercializadoracrv.com\/"},{"@type":"ListItem","position":2,"name":"Shop","item":"https:\/\/comercializadoracrv.com\/?page_id=8"},{"@type":"ListItem","position":3,"name":"PIEDRA SINTETICA PARA REVESTIMIENTO DE COCINAS Y BA\u00d1OS BLANCA m2"}]},{"@type":"WebSite","@id":"https:\/\/comercializadoracrv.com\/#website","url":"https:\/\/comercializadoracrv.com\/","name":"CRV Comercializadora","description":"Comercializadora","potentialAction":[{"@type":"SearchAction","target":{"@type":"EntryPoint","urlTemplate":"https:\/\/comercializadoracrv.com\/?s={search_term_string}"},"query-input":"required name=search_term_string"}],"inLanguage":"es"}]}},"_links":{"self":[{"href":"https:\/\/comercializadoracrv.com\/index.php?rest_route=\/wp\/v2\/product\/5641","targetHints":{"allow":["GET"]}}],"collection":[{"href":"https:\/\/comercializadoracrv.com\/index.php?rest_route=\/wp\/v2\/product"}],"about":[{"href":"https:\/\/comercializadoracrv.com\/index.php?rest_route=\/wp\/v2\/types\/product"}],"replies":[{"embeddable":true,"href":"https:\/\/comercializadoracrv.com\/index.php?rest_route=%2Fwp%2Fv2%2Fcomments&post=5641"}],"version-history":[{"count":5,"href":"https:\/\/comercializadoracrv.com\/index.php?rest_route=\/wp\/v2\/product\/5641\/revisions"}],"predecessor-version":[{"id":6096,"href":"https:\/\/comercializadoracrv.com\/index.php?rest_route=\/wp\/v2\/product\/5641\/revisions\/6096"}],"wp:featuredmedia":[{"embeddable":true,"href":"https:\/\/comercializadoracrv.com\/index.php?rest_route=\/wp\/v2\/media\/5825"}],"wp:attachment":[{"href":"https:\/\/comercializadoracrv.com\/index.php?rest_route=%2Fwp%2Fv2%2Fmedia&parent=5641"}],"wp:term":[{"taxonomy":"product_cat","embeddable":true,"href":"https:\/\/comercializadoracrv.com\/index.php?rest_route=%2Fwp%2Fv2%2Fproduct_cat&post=5641"},{"taxonomy":"product_tag","embeddable":true,"href":"https:\/\/comercializadoracrv.com\/index.php?rest_route=%2Fwp%2Fv2%2Fproduct_tag&post=5641"}],"curies":[{"name":"wp","href":"https:\/\/api.w.org\/{rel}","templated":true}]}}