{"id":5635,"date":"2024-06-29T15:11:08","date_gmt":"2024-06-29T15:11:08","guid":{"rendered":"https:\/\/desarrollosmoyan.com\/comercializadora\/?post_type=product&#038;p=5635"},"modified":"2024-08-22T23:08:04","modified_gmt":"2024-08-22T23:08:04","slug":"inodoro-de-una-pieza-comfortflush","status":"publish","type":"product","link":"https:\/\/comercializadoracrv.com\/?product=inodoro-de-una-pieza-comfortflush","title":{"rendered":"PIEDRA SINTETICA PARA REVESTIMIENTO DE COCINAS Y BA\u00d1OS GRIS m2"},"content":{"rendered":"<p>La piedra sint\u00e9tica de color gris representa una opci\u00f3n contempor\u00e1nea y est\u00e9ticamente agradable para revestimientos y superficies, fusionando la naturalidad visual de la piedra con las ventajas t\u00e9cnicas de la fabricaci\u00f3n sint\u00e9tica. Este material ofrece una amplia variedad de tonalidades que van desde blancos con sutiles vetas caf\u00e9s y grises claros hasta tonos m\u00e1s profundos y oscuros, adapt\u00e1ndose a diferentes estilos y preferencias de dise\u00f1o.<\/p>\n<p>Su apariencia elegante y moderna agrega un toque de sofisticaci\u00f3n a cualquier espacio, tanto en interiores como en exteriores. La piedra sint\u00e9tica gris no solo embellece visualmente, sino que tambi\u00e9n proporciona una soluci\u00f3n pr\u00e1ctica y funcional gracias a su resistencia y durabilidad. Capaz de soportar condiciones clim\u00e1ticas adversas y resistir la humedad, es ideal para \u00e1reas como cocinas, donde se requiere una superficie resistente y f\u00e1cil de mantener, como mesones y barras.<\/p>\n","protected":false},"excerpt":{"rendered":"<p><span style=\"font-weight: 400;\">La piedra sint\u00e9tica de color gris es una opci\u00f3n moderna y est\u00e9tica para revestimientos y superficies. Este material combina la apariencia natural de la piedra con las ventajas de la fabricaci\u00f3n sint\u00e9tica, ofreciendo una amplia gama de tonalidades que van desde blanco con vetas cafeces y grises\u00a0 claros hasta tonos m\u00e1s oscuros y profundos.\u00a0\u00a0<\/span><\/p>\n<p><span style=\"font-weight: 400;\">Adem\u00e1s de su aspecto visual atractivo, la piedra sint\u00e9tica gris es valorada por su resistencia y durabilidad. Es capaz de soportar condiciones clim\u00e1ticas adversas, resistir la humedad y es f\u00e1cil de mantener, lo que la convierte en una opci\u00f3n ideal para la cocina (mesones y Barras)\u00a0<\/span><\/p>\n","protected":false},"featured_media":5827,"comment_status":"open","ping_status":"closed","template":"","meta":{"_joinchat":[]},"product_cat":[227,226,182,228,229],"product_tag":[207],"class_list":{"0":"post-5635","1":"product","2":"type-product","3":"status-publish","4":"has-post-thumbnail","6":"product_cat-bano","7":"product_cat-cocina","8":"product_cat-enchapes","9":"product_cat-piedra-sintetica","10":"product_cat-piedra-sintetica-cocina","11":"product_tag-inodoroeficiente-banosmodernos-ceramicadecalidad-disenoergonomico-eficienciahidrica","13":"first","14":"instock","15":"shipping-taxable","16":"purchasable","17":"product-type-simple"},"yoast_head":"<!-- This site is optimized with the Yoast SEO Premium plugin v22.7 (Yoast SEO v23.3) - https:\/\/yoast.com\/wordpress\/plugins\/seo\/ -->\n<title>PIEDRA SINTETICA PARA REVESTIMIENTO DE COCINAS Y BA\u00d1OS GRIS m2 - CRV Comercializadora<\/title>\n<meta name=\"robots\" content=\"index, follow, max-snippet:-1, max-image-preview:large, max-video-preview:-1\" \/>\n<link rel=\"canonical\" href=\"https:\/\/comercializadoracrv.com\/?product=inodoro-de-una-pieza-comfortflush\" \/>\n<meta property=\"og:locale\" content=\"es_ES\" \/>\n<meta property=\"og:type\" content=\"article\" \/>\n<meta property=\"og:title\" content=\"PIEDRA SINTETICA PARA REVESTIMIENTO DE COCINAS Y BA\u00d1OS GRIS m2\" \/>\n<meta property=\"og:description\" content=\"La piedra sint\u00e9tica de color gris es una opci\u00f3n moderna y est\u00e9tica para revestimientos y superficies. Este material combina la apariencia natural de la piedra con las ventajas de la fabricaci\u00f3n sint\u00e9tica, ofreciendo una amplia gama de tonalidades que van desde blanco con vetas cafeces y grises\u00a0 claros hasta tonos m\u00e1s oscuros y profundos.\u00a0\u00a0  Adem\u00e1s de su aspecto visual atractivo, la piedra sint\u00e9tica gris es valorada por su resistencia y durabilidad. Es capaz de soportar condiciones clim\u00e1ticas adversas, resistir la humedad y es f\u00e1cil de mantener, lo que la convierte en una opci\u00f3n ideal para la cocina (mesones y Barras)\u00a0\" \/>\n<meta property=\"og:url\" content=\"https:\/\/comercializadoracrv.com\/?product=inodoro-de-una-pieza-comfortflush\" \/>\n<meta property=\"og:site_name\" content=\"CRV Comercializadora\" \/>\n<meta property=\"article:modified_time\" content=\"2024-08-22T23:08:04+00:00\" \/>\n<meta property=\"og:image\" content=\"https:\/\/comercializadoracrv.com\/wp-content\/uploads\/2024\/06\/336c9b2db48943872ca9d220fa4894a3-1.jpg\" \/>\n\t<meta property=\"og:image:width\" content=\"564\" \/>\n\t<meta property=\"og:image:height\" content=\"703\" \/>\n\t<meta property=\"og:image:type\" content=\"image\/jpeg\" \/>\n<meta name=\"twitter:card\" content=\"summary_large_image\" \/>\n<meta name=\"twitter:label1\" content=\"Est. reading time\" \/>\n\t<meta name=\"twitter:data1\" content=\"1 minuto\" \/>\n<script type=\"application\/ld+json\" class=\"yoast-schema-graph\">{\"@context\":\"https:\/\/schema.org\",\"@graph\":[{\"@type\":\"WebPage\",\"@id\":\"https:\/\/comercializadoracrv.com\/?product=inodoro-de-una-pieza-comfortflush\",\"url\":\"https:\/\/comercializadoracrv.com\/?product=inodoro-de-una-pieza-comfortflush\",\"name\":\"PIEDRA SINTETICA PARA REVESTIMIENTO DE COCINAS Y BA\u00d1OS GRIS m2 - CRV Comercializadora\",\"isPartOf\":{\"@id\":\"https:\/\/comercializadoracrv.com\/#website\"},\"primaryImageOfPage\":{\"@id\":\"https:\/\/comercializadoracrv.com\/?product=inodoro-de-una-pieza-comfortflush#primaryimage\"},\"image\":{\"@id\":\"https:\/\/comercializadoracrv.com\/?product=inodoro-de-una-pieza-comfortflush#primaryimage\"},\"thumbnailUrl\":\"https:\/\/comercializadoracrv.com\/wp-content\/uploads\/2024\/06\/336c9b2db48943872ca9d220fa4894a3-1.jpg\",\"datePublished\":\"2024-06-29T15:11:08+00:00\",\"dateModified\":\"2024-08-22T23:08:04+00:00\",\"breadcrumb\":{\"@id\":\"https:\/\/comercializadoracrv.com\/?product=inodoro-de-una-pieza-comfortflush#breadcrumb\"},\"inLanguage\":\"es\",\"potentialAction\":[{\"@type\":\"ReadAction\",\"target\":[\"https:\/\/comercializadoracrv.com\/?product=inodoro-de-una-pieza-comfortflush\"]}]},{\"@type\":\"ImageObject\",\"inLanguage\":\"es\",\"@id\":\"https:\/\/comercializadoracrv.com\/?product=inodoro-de-una-pieza-comfortflush#primaryimage\",\"url\":\"https:\/\/comercializadoracrv.com\/wp-content\/uploads\/2024\/06\/336c9b2db48943872ca9d220fa4894a3-1.jpg\",\"contentUrl\":\"https:\/\/comercializadoracrv.com\/wp-content\/uploads\/2024\/06\/336c9b2db48943872ca9d220fa4894a3-1.jpg\",\"width\":564,\"height\":703},{\"@type\":\"BreadcrumbList\",\"@id\":\"https:\/\/comercializadoracrv.com\/?product=inodoro-de-una-pieza-comfortflush#breadcrumb\",\"itemListElement\":[{\"@type\":\"ListItem\",\"position\":1,\"name\":\"Portada\",\"item\":\"https:\/\/comercializadoracrv.com\/\"},{\"@type\":\"ListItem\",\"position\":2,\"name\":\"Shop\",\"item\":\"https:\/\/comercializadoracrv.com\/?page_id=8\"},{\"@type\":\"ListItem\",\"position\":3,\"name\":\"PIEDRA SINTETICA PARA REVESTIMIENTO DE COCINAS Y BA\u00d1OS GRIS m2\"}]},{\"@type\":\"WebSite\",\"@id\":\"https:\/\/comercializadoracrv.com\/#website\",\"url\":\"https:\/\/comercializadoracrv.com\/\",\"name\":\"CRV Comercializadora\",\"description\":\"Comercializadora\",\"potentialAction\":[{\"@type\":\"SearchAction\",\"target\":{\"@type\":\"EntryPoint\",\"urlTemplate\":\"https:\/\/comercializadoracrv.com\/?s={search_term_string}\"},\"query-input\":\"required name=search_term_string\"}],\"inLanguage\":\"es\"}]}<\/script>\n<!-- \/ Yoast SEO Premium plugin. -->","yoast_head_json":{"title":"PIEDRA SINTETICA PARA REVESTIMIENTO DE COCINAS Y BA\u00d1OS GRIS m2 - CRV Comercializadora","robots":{"index":"index","follow":"follow","max-snippet":"max-snippet:-1","max-image-preview":"max-image-preview:large","max-video-preview":"max-video-preview:-1"},"canonical":"https:\/\/comercializadoracrv.com\/?product=inodoro-de-una-pieza-comfortflush","og_locale":"es_ES","og_type":"article","og_title":"PIEDRA SINTETICA PARA REVESTIMIENTO DE COCINAS Y BA\u00d1OS GRIS m2","og_description":"La piedra sint\u00e9tica de color gris es una opci\u00f3n moderna y est\u00e9tica para revestimientos y superficies. Este material combina la apariencia natural de la piedra con las ventajas de la fabricaci\u00f3n sint\u00e9tica, ofreciendo una amplia gama de tonalidades que van desde blanco con vetas cafeces y grises\u00a0 claros hasta tonos m\u00e1s oscuros y profundos.\u00a0\u00a0  Adem\u00e1s de su aspecto visual atractivo, la piedra sint\u00e9tica gris es valorada por su resistencia y durabilidad. Es capaz de soportar condiciones clim\u00e1ticas adversas, resistir la humedad y es f\u00e1cil de mantener, lo que la convierte en una opci\u00f3n ideal para la cocina (mesones y Barras)\u00a0","og_url":"https:\/\/comercializadoracrv.com\/?product=inodoro-de-una-pieza-comfortflush","og_site_name":"CRV Comercializadora","article_modified_time":"2024-08-22T23:08:04+00:00","og_image":[{"width":564,"height":703,"url":"https:\/\/comercializadoracrv.com\/wp-content\/uploads\/2024\/06\/336c9b2db48943872ca9d220fa4894a3-1.jpg","type":"image\/jpeg"}],"twitter_card":"summary_large_image","twitter_misc":{"Est. reading time":"1 minuto"},"schema":{"@context":"https:\/\/schema.org","@graph":[{"@type":"WebPage","@id":"https:\/\/comercializadoracrv.com\/?product=inodoro-de-una-pieza-comfortflush","url":"https:\/\/comercializadoracrv.com\/?product=inodoro-de-una-pieza-comfortflush","name":"PIEDRA SINTETICA PARA REVESTIMIENTO DE COCINAS Y BA\u00d1OS GRIS m2 - CRV Comercializadora","isPartOf":{"@id":"https:\/\/comercializadoracrv.com\/#website"},"primaryImageOfPage":{"@id":"https:\/\/comercializadoracrv.com\/?product=inodoro-de-una-pieza-comfortflush#primaryimage"},"image":{"@id":"https:\/\/comercializadoracrv.com\/?product=inodoro-de-una-pieza-comfortflush#primaryimage"},"thumbnailUrl":"https:\/\/comercializadoracrv.com\/wp-content\/uploads\/2024\/06\/336c9b2db48943872ca9d220fa4894a3-1.jpg","datePublished":"2024-06-29T15:11:08+00:00","dateModified":"2024-08-22T23:08:04+00:00","breadcrumb":{"@id":"https:\/\/comercializadoracrv.com\/?product=inodoro-de-una-pieza-comfortflush#breadcrumb"},"inLanguage":"es","potentialAction":[{"@type":"ReadAction","target":["https:\/\/comercializadoracrv.com\/?product=inodoro-de-una-pieza-comfortflush"]}]},{"@type":"ImageObject","inLanguage":"es","@id":"https:\/\/comercializadoracrv.com\/?product=inodoro-de-una-pieza-comfortflush#primaryimage","url":"https:\/\/comercializadoracrv.com\/wp-content\/uploads\/2024\/06\/336c9b2db48943872ca9d220fa4894a3-1.jpg","contentUrl":"https:\/\/comercializadoracrv.com\/wp-content\/uploads\/2024\/06\/336c9b2db48943872ca9d220fa4894a3-1.jpg","width":564,"height":703},{"@type":"BreadcrumbList","@id":"https:\/\/comercializadoracrv.com\/?product=inodoro-de-una-pieza-comfortflush#breadcrumb","itemListElement":[{"@type":"ListItem","position":1,"name":"Portada","item":"https:\/\/comercializadoracrv.com\/"},{"@type":"ListItem","position":2,"name":"Shop","item":"https:\/\/comercializadoracrv.com\/?page_id=8"},{"@type":"ListItem","position":3,"name":"PIEDRA SINTETICA PARA REVESTIMIENTO DE COCINAS Y BA\u00d1OS GRIS m2"}]},{"@type":"WebSite","@id":"https:\/\/comercializadoracrv.com\/#website","url":"https:\/\/comercializadoracrv.com\/","name":"CRV Comercializadora","description":"Comercializadora","potentialAction":[{"@type":"SearchAction","target":{"@type":"EntryPoint","urlTemplate":"https:\/\/comercializadoracrv.com\/?s={search_term_string}"},"query-input":"required name=search_term_string"}],"inLanguage":"es"}]}},"_links":{"self":[{"href":"https:\/\/comercializadoracrv.com\/index.php?rest_route=\/wp\/v2\/product\/5635","targetHints":{"allow":["GET"]}}],"collection":[{"href":"https:\/\/comercializadoracrv.com\/index.php?rest_route=\/wp\/v2\/product"}],"about":[{"href":"https:\/\/comercializadoracrv.com\/index.php?rest_route=\/wp\/v2\/types\/product"}],"replies":[{"embeddable":true,"href":"https:\/\/comercializadoracrv.com\/index.php?rest_route=%2Fwp%2Fv2%2Fcomments&post=5635"}],"version-history":[{"count":4,"href":"https:\/\/comercializadoracrv.com\/index.php?rest_route=\/wp\/v2\/product\/5635\/revisions"}],"predecessor-version":[{"id":6102,"href":"https:\/\/comercializadoracrv.com\/index.php?rest_route=\/wp\/v2\/product\/5635\/revisions\/6102"}],"wp:featuredmedia":[{"embeddable":true,"href":"https:\/\/comercializadoracrv.com\/index.php?rest_route=\/wp\/v2\/media\/5827"}],"wp:attachment":[{"href":"https:\/\/comercializadoracrv.com\/index.php?rest_route=%2Fwp%2Fv2%2Fmedia&parent=5635"}],"wp:term":[{"taxonomy":"product_cat","embeddable":true,"href":"https:\/\/comercializadoracrv.com\/index.php?rest_route=%2Fwp%2Fv2%2Fproduct_cat&post=5635"},{"taxonomy":"product_tag","embeddable":true,"href":"https:\/\/comercializadoracrv.com\/index.php?rest_route=%2Fwp%2Fv2%2Fproduct_tag&post=5635"}],"curies":[{"name":"wp","href":"https:\/\/api.w.org\/{rel}","templated":true}]}}